{"id":193,"date":"2022-08-14T15:54:06","date_gmt":"2022-08-14T15:54:06","guid":{"rendered":"https:\/\/inevitablefueguito.xyz\/?page_id=193"},"modified":"2022-08-14T16:40:52","modified_gmt":"2022-08-14T16:40:52","slug":"shedontgiveafo","status":"publish","type":"page","link":"https:\/\/inevitablefueguito.xyz\/?page_id=193","title":{"rendered":"She dont give a fo"},"content":{"rendered":"\t\t<div data-elementor-type=\"wp-page\" data-elementor-id=\"193\" class=\"elementor elementor-193\">\n\t\t\t\t\t\t\t\t\t<section class=\"elementor-section elementor-top-section elementor-element elementor-element-291d084 elementor-section-boxed elementor-section-height-default elementor-section-height-default\" data-id=\"291d084\" data-element_type=\"section\" data-settings=\"{&quot;background_background&quot;:&quot;classic&quot;}\">\n\t\t\t\t\t\t\t<div class=\"elementor-background-overlay\"><\/div>\n\t\t\t\t\t\t\t<div class=\"elementor-container elementor-column-gap-wide\">\n\t\t\t\t\t<div class=\"elementor-column elementor-col-100 elementor-top-column elementor-element elementor-element-3ab295\" data-id=\"3ab295\" data-element_type=\"column\">\n\t\t\t<div class=\"elementor-widget-wrap elementor-element-populated\">\n\t\t\t\t\t\t\t\t<div class=\"elementor-element elementor-element-13c7b7c8 elementor-widget elementor-widget-heading\" data-id=\"13c7b7c8\" data-element_type=\"widget\" data-widget_type=\"heading.default\">\n\t\t\t\t<div class=\"elementor-widget-container\">\n\t\t\t<style>\/*! elementor - v3.7.1 - 14-08-2022 *\/\n.elementor-heading-title{padding:0;margin:0;line-height:1}.elementor-widget-heading .elementor-heading-title[class*=elementor-size-]>a{color:inherit;font-size:inherit;line-height:inherit}.elementor-widget-heading .elementor-heading-title.elementor-size-small{font-size:15px}.elementor-widget-heading .elementor-heading-title.elementor-size-medium{font-size:19px}.elementor-widget-heading .elementor-heading-title.elementor-size-large{font-size:29px}.elementor-widget-heading .elementor-heading-title.elementor-size-xl{font-size:39px}.elementor-widget-heading .elementor-heading-title.elementor-size-xxl{font-size:59px}<\/style><h1 class=\"elementor-heading-title elementor-size-default\">15 de Agosto de 2022<\/h1>\t\t<\/div>\n\t\t\t\t<\/div>\n\t\t\t\t<div class=\"elementor-element elementor-element-d530340 elementor-widget elementor-widget-heading\" data-id=\"d530340\" data-element_type=\"widget\" data-widget_type=\"heading.default\">\n\t\t\t\t<div class=\"elementor-widget-container\">\n\t\t\t<h1 class=\"elementor-heading-title elementor-size-default\">She dont give a fo \ud83d\udc94<\/h1>\t\t<\/div>\n\t\t\t\t<\/div>\n\t\t\t\t\t<\/div>\n\t\t<\/div>\n\t\t\t\t\t\t\t<\/div>\n\t\t<\/section>\n\t\t\t\t<section class=\"elementor-section elementor-top-section elementor-element elementor-element-187e6545 elementor-reverse-mobile elementor-section-boxed elementor-section-height-default elementor-section-height-default\" data-id=\"187e6545\" data-element_type=\"section\" data-settings=\"{&quot;background_background&quot;:&quot;classic&quot;,&quot;shape_divider_bottom&quot;:&quot;clouds&quot;,&quot;shape_divider_bottom_negative&quot;:&quot;yes&quot;}\">\n\t\t\t\t\t<div class=\"elementor-shape elementor-shape-bottom\" data-negative=\"true\">\n\t\t\t<svg xmlns=\"http:\/\/www.w3.org\/2000\/svg\" viewBox=\"0 0 283.5 27.8\" preserveAspectRatio=\"xMidYMax slice\">\n\t<path class=\"elementor-shape-fill\" d=\"M265.8 3.5c-10.9 0-15.9 6.2-15.9 6.2s-3.6-3.5-9.2-.9c-9.1 4.1-4.4 13.4-4.4 13.4s-1.2.2-1.9.9c-.6.7-.5 1.9-.5 1.9s-1-.5-2.3-.2c-1.3.3-1.6 1.4-1.6 1.4s.4-3.4-1.5-5c-3.9-3.4-8.3-.2-8.3-.2s-.6-.7-.9-.9c-.4-.2-1.2-.2-1.2-.2s-4.4-3.6-11.5-2.6-10.4 7.9-10.4 7.9-.5-3.3-3.9-4.9c-4.8-2.4-7.4 0-7.4 0s2.4-4.1-1.9-6.4-6.2 1.2-6.2 1.2-.9-.5-2.1-.5-2.3 1.1-2.3 1.1.1-.7-1.1-1.1c-1.2-.4-2 0-2 0s3.6-6.8-3.5-8.9c-6-1.8-7.9 2.6-8.4 4-.1-.3-.4-.7-.9-1.1-1-.7-1.3-.5-1.3-.5s1-4-1.7-5.2c-2.7-1.2-4.2 1.1-4.2 1.1s-3.1-1-5.7 1.4-2.1 5.5-2.1 5.5-.9 0-2.1.7-1.4 1.7-1.4 1.7-1.7-1.2-4.3-1.2c-2.6 0-4.5 1.2-4.5 1.2s-.7-1.5-2.8-2.4c-2.1-.9-4 0-4 0s2.6-5.9-4.7-9c-7.3-3.1-12.6 3.3-12.6 3.3s-.9 0-1.9.2c-.9.2-1.5.9-1.5.9S99.4 3 94.9 3.9c-4.5.9-5.7 5.7-5.7 5.7s-2.8-5-12.3-3.9-11.1 6-11.1 6-1.2-1.4-4-.7c-.8.2-1.3.5-1.8.9-.9-2.1-2.7-4.9-6.2-4.4-3.2.4-4 2.2-4 2.2s-.5-.7-1.2-.7h-1.4s-.5-.9-1.7-1.4-2.4 0-2.4 0-2.4-1.2-4.7 0-3.1 4.1-3.1 4.1-1.7-1.4-3.6-.7c-1.9.7-1.9 2.8-1.9 2.8s-.5-.5-1.7-.2c-1.2.2-1.4.7-1.4.7s-.7-2.3-2.8-2.8c-2.1-.5-4.3.2-4.3.2s-1.7-5-11.1-6c-3.8-.4-6.6.2-8.5 1v21.2h283.5V11.1c-.9.2-1.6.4-1.6.4s-5.2-8-16.1-8z\"\/>\n<\/svg>\n\t\t<\/div>\n\t\t\t\t\t<div class=\"elementor-container elementor-column-gap-wide\">\n\t\t\t\t\t<div class=\"elementor-column elementor-col-33 elementor-top-column elementor-element elementor-element-66e97454\" data-id=\"66e97454\" data-element_type=\"column\">\n\t\t\t<div class=\"elementor-widget-wrap elementor-element-populated\">\n\t\t\t\t\t\t\t\t<div class=\"elementor-element elementor-element-7d5eb95 elementor-widget elementor-widget-text-editor\" data-id=\"7d5eb95\" data-element_type=\"widget\" data-widget_type=\"text-editor.default\">\n\t\t\t\t<div class=\"elementor-widget-container\">\n\t\t\t<style>\/*! elementor - v3.7.1 - 14-08-2022 *\/\n.elementor-widget-text-editor.elementor-drop-cap-view-stacked .elementor-drop-cap{background-color:#818a91;color:#fff}.elementor-widget-text-editor.elementor-drop-cap-view-framed .elementor-drop-cap{color:#818a91;border:3px solid;background-color:transparent}.elementor-widget-text-editor:not(.elementor-drop-cap-view-default) .elementor-drop-cap{margin-top:8px}.elementor-widget-text-editor:not(.elementor-drop-cap-view-default) .elementor-drop-cap-letter{width:1em;height:1em}.elementor-widget-text-editor .elementor-drop-cap{float:left;text-align:center;line-height:1;font-size:50px}.elementor-widget-text-editor .elementor-drop-cap-letter{display:inline-block}<\/style>\t\t\t\t<div class=\"ujudUb u7wWjf\" data-mh=\"-1\">Ey, yeah, ah-ouooh<br \/>She don&#8217;t give a fo, oh<\/div><div class=\"ujudUb xpdxpnd\" data-mh=\"-1\">Sabe que la quiero pero she don&#8217;t give a fo<br \/>Quiz\u00e1s es el miedo pero she don&#8217;t give a fo<br \/>Quiere alguien con futuro, sin tanto cambio de humor<br \/>O eso es lo que creo, pero she don&#8217;t give a fo<\/div><div data-mh=\"-1\">\u00a0<\/div><div class=\"ujudUb xpdxpnd\" data-mh=\"-1\">She don&#8217;t give a fo, baby, she don&#8217;t give a fo<br \/><br \/><\/div><div class=\"ujudUb xpdxpnd\" data-mh=\"-1\">Soy un yonki loco por su coca<br \/><strong>Aprovecha mis horas que son pocas<\/strong><br \/>Cuando pasemos esa puerta, mi loca<br \/>Te vas a hacer la que na&#8217; de esto te importa<br \/>Y termino de nuevo con otra<br \/>Ya ni quiero sacarle la ropa<br \/>Dej\u00e9 de darle beso&#8217; en la boca<br \/><strong>Quiero la reina, no un cuatro de copas<\/strong><\/div><div data-mh=\"-1\">\u00a0<\/div><div class=\"ujudUb xpdxpnd\" data-mh=\"-1\">Toy caliente, y estoy fr\u00edo<br \/>No se llena este vac\u00edo<br \/>Girl, quereme just a little bit<br \/><strong>Mi hero\u00edna en este l\u00edo<\/strong><\/div><div class=\"ujudUb xpdxpnd\" data-mh=\"-1\">\u00a0<\/div><div class=\"ujudUb xpdxpnd\" data-mh=\"-1\"><strong>Y si te digo que esta pena que siento<\/strong><br \/><strong>Solo me la pueden sacar tus besos<\/strong><br \/><strong>Y si te digo que puedo morirme feliz<\/strong><br \/><strong>Mientras sea culpa de tu sexo<\/strong><br \/><strong>Y si te digo que el resto nos mira<\/strong><br \/><strong>Como si estuvieran odiando lo nuestro<\/strong><br \/><strong>Y veo tu cara que no te importa nada<\/strong><br \/><strong>Como si hubiera&#8217; nac\u00edo&#8217; pa&#8217; esto<\/strong><\/div><div data-mh=\"-1\">\u00a0<\/div><div class=\"ujudUb xpdxpnd\" data-mh=\"-1\">Ella es una diabla<br \/>Me ve, me besa, despu\u00e9s no me habla<br \/>Noches de sexo, d\u00edas sin palabras<br \/>Ando perdido por culpa &#8216;e esa diabla<\/div><div data-mh=\"-1\">\u00a0<\/div><div class=\"ujudUb xpdxpnd\" data-mh=\"-1\"><strong>Sabe que la quiero pero she don&#8217;t give a fo<\/strong><br \/><strong>Quiz\u00e1s es el miedo pero she don&#8217;t give a fo<\/strong><br \/>Quiere alguien con futuro y sin tanto cambio de humor<br \/>O eso es lo que creo, pero she don&#8217;t give a fo<\/div><div data-mh=\"-1\">\u00a0<\/div><div class=\"ujudUb xpdxpnd\" data-mh=\"-1\"><strong>No hagas que vaya a buscarte y te diga to&#8217; lo que siento<\/strong><br \/>Baby, no quiero frenarte, ya no me alcanza el tiempo<br \/>Ya no es lo mismo que antes, ahora mato por tu cuerpo<br \/>Ahora mato por tu cuerpo, baby, juro que no miento<\/div><div data-mh=\"-1\">\u00a0<\/div><div class=\"ujudUb xpdxpnd\" data-mh=\"-1\">Y si quieres d\u00edmelo, diabla, solo d\u00edmelo<br \/>S\u00e9 que sobran ganas, pero siempre hay algo que mata lo de los dos<br \/><br \/>She don&#8217;t give a fo-fo<\/div>\t\t\t\t\t\t<\/div>\n\t\t\t\t<\/div>\n\t\t\t\t\t<\/div>\n\t\t<\/div>\n\t\t\t\t<div class=\"elementor-column elementor-col-33 elementor-top-column elementor-element elementor-element-a2bf0ea\" data-id=\"a2bf0ea\" data-element_type=\"column\">\n\t\t\t<div class=\"elementor-widget-wrap elementor-element-populated\">\n\t\t\t\t\t\t\t\t<div class=\"elementor-element elementor-element-09e92a3 elementor-widget elementor-widget-text-editor\" data-id=\"09e92a3\" data-element_type=\"widget\" data-widget_type=\"text-editor.default\">\n\t\t\t\t<div class=\"elementor-widget-container\">\n\t\t\t\t\t\t\t<div class=\"ujudUb u7wWjf\" data-mh=\"-1\">Sabes esa sensaci\u00f3n de hacer algo con ilusi\u00f3n<\/div><div data-mh=\"-1\">solo por que se que vas a sonre\u00edr al verlo?<\/div><div data-mh=\"-1\">\u00a0<\/div><div data-mh=\"-1\">Te haces una idea de la cantidad de tonter\u00edas que hago solo por que me gusta verte feliz?<\/div><div data-mh=\"-1\">\u00a0<\/div><div data-mh=\"-1\">Si, voy a estar un pattern enterito (y encima m\u00e1s largo de lo normal, de momento) escribi\u00e9ndote todos los d\u00edas alg\u00fan texto con una canci\u00f3n a su lado.<\/div><div data-mh=\"-1\">\u00a0<\/div><div data-mh=\"-1\">Voy a intentar traer a la mesa detalles y momentos que a mi me han llenado y vuelto a hacer sonreir.<\/div><div data-mh=\"-1\">\u00a0<\/div><div data-mh=\"-1\">No se me hace raro hacer estas cosas&#8230; se me hace totalmente natural, es sencillo, solo me tengo que dejar llevar y verlas venir.<\/div><div data-mh=\"-1\">\u00a0<\/div><div data-mh=\"-1\">\u00daltimamente hay alguna conversaci\u00f3n m\u00e1s contundente de la cuenta, pero nos vamos a olvidar de eso un tiempo =) me encanta despertarme y lo primero, escribirte o ver que tu lo has hecho, me encanta irme a dormir con un &#8221;sue\u00f1a bonito&#8221; o un<img decoding=\"async\" class=\"emoji\" role=\"img\" draggable=\"false\" src=\"https:\/\/s.w.org\/images\/core\/emoji\/14.0.0\/svg\/1f494.svg\" alt=\"\ud83d\udc94\" \/>.<\/div><div data-mh=\"-1\">\u00a0<\/div><div data-mh=\"-1\">Es PUTO impresionante.<\/div><div data-mh=\"-1\">\u00a0<\/div><div data-mh=\"-1\">Tu energ\u00eda y loq ue te rodea, en d\u00edas buenos, malos, tontos&#8230; me da exactamente igual, me encanta cuidarte, me hace feliz.<\/div><div data-mh=\"-1\">\u00a0<\/div><div data-mh=\"-1\">Y ahora que pasa con la canci\u00f3n? Fue parte del inicio, de echo antes de que los dos lo supi\u00e9semos, Casco Antiguo se\u00f1orita azafata, si eso no es fuerte&#8230;<\/div><div data-mh=\"-1\">\u00a0<\/div><div data-mh=\"-1\">Me encantaba ponerla por que sab\u00eda que vendr\u00edas a la cabina, grabar\u00edas, te reir\u00edas, cantar\u00edas a gritos, me vacilar\u00edas y me mirar\u00edas.<\/div><div data-mh=\"-1\">\u00a0<\/div><div data-mh=\"-1\">Siempre ten\u00eda claro que aparecer\u00edas&#8230; me parece impresionante ir descubriendo d\u00eda tras d\u00eda detalles que nos han ocurrido de aquella \u00e9poca, que nadie m\u00e1s sabe y descubrirlos juntos.<\/div><div data-mh=\"-1\">\u00a0<\/div><div data-mh=\"-1\">Luego no me digas que nunca te busqu\u00e9, por que que te pensases que &#8221;siempre te vacilaba&#8221;, te lo puedo comprar, pero nunca pareci\u00f3 que no te buscaba, siempre estaba pendiente de ti y siempre robaba alguna mirada contigo estuvieses donde estuvieses.<\/div><div data-mh=\"-1\">\u00a0<\/div><div data-mh=\"-1\">Y si, mi sitio de la barra, nuestro sitio de la barra, era mi refugio, el buscarte la mano por debajo y tu asustarte pero no irte corriendo, tu tambi\u00e9n eres mi refugio y muy necesaria e importante para mi.<\/div><div data-mh=\"-1\">\u00a0<\/div><div data-mh=\"-1\">Eh! Ma\u00f1ana a las 00:00 tendr\u00e1s m\u00e1s&#8230; vas a flipar.<\/div><p>PD: Hoy lo vas a reventar en tu vuelo y llegada, eres LA MEJOR.<\/p>\t\t\t\t\t\t<\/div>\n\t\t\t\t<\/div>\n\t\t\t\t\t<\/div>\n\t\t<\/div>\n\t\t\t\t<div class=\"elementor-column elementor-col-33 elementor-top-column elementor-element elementor-element-5dd72bec\" data-id=\"5dd72bec\" data-element_type=\"column\">\n\t\t\t<div class=\"elementor-widget-wrap elementor-element-populated\">\n\t\t\t\t\t\t\t\t<div class=\"elementor-element elementor-element-833855b elementor-widget elementor-widget-image\" data-id=\"833855b\" data-element_type=\"widget\" data-widget_type=\"image.default\">\n\t\t\t\t<div class=\"elementor-widget-container\">\n\t\t\t<style>\/*! elementor - v3.7.1 - 14-08-2022 *\/\n.elementor-widget-image{text-align:center}.elementor-widget-image a{display:inline-block}.elementor-widget-image a img[src$=\".svg\"]{width:48px}.elementor-widget-image img{vertical-align:middle;display:inline-block}<\/style>\t\t\t\t\t\t\t\t\t\t\t\t<img loading=\"lazy\" decoding=\"async\" width=\"800\" height=\"1000\" src=\"https:\/\/inevitablefueguito.xyz\/wp-content\/uploads\/2022\/08\/cynml_137020819_1731331010374567_1879933469959664218_n-819x1024.webp\" class=\"attachment-large size-large\" alt=\"\" srcset=\"https:\/\/inevitablefueguito.xyz\/wp-content\/uploads\/2022\/08\/cynml_137020819_1731331010374567_1879933469959664218_n-819x1024.webp 819w, https:\/\/inevitablefueguito.xyz\/wp-content\/uploads\/2022\/08\/cynml_137020819_1731331010374567_1879933469959664218_n-240x300.webp 240w, https:\/\/inevitablefueguito.xyz\/wp-content\/uploads\/2022\/08\/cynml_137020819_1731331010374567_1879933469959664218_n-768x960.webp 768w, https:\/\/inevitablefueguito.xyz\/wp-content\/uploads\/2022\/08\/cynml_137020819_1731331010374567_1879933469959664218_n-600x750.webp 600w, https:\/\/inevitablefueguito.xyz\/wp-content\/uploads\/2022\/08\/cynml_137020819_1731331010374567_1879933469959664218_n.webp 1080w\" sizes=\"(max-width: 800px) 100vw, 800px\" \/>\t\t\t\t\t\t\t\t\t\t\t\t\t\t\t<\/div>\n\t\t\t\t<\/div>\n\t\t\t\t<div class=\"elementor-element elementor-element-6e5832fe elementor-widget elementor-widget-wp-widget-tag_cloud\" data-id=\"6e5832fe\" data-element_type=\"widget\" data-widget_type=\"wp-widget-tag_cloud.default\">\n\t\t\t\t<div class=\"elementor-widget-container\">\n\t\t\t<h5>Tags<\/h5><div class=\"tagcloud\"><a href=\"https:\/\/inevitablefueguito.xyz\/?tag=1win\" class=\"tag-cloud-link tag-link-88 tag-link-position-1\" style=\"font-size: 8pt;\" aria-label=\"1win (4 items)\">1win<span class=\"tag-link-count\"> (4)<\/span><\/a>\n<a href=\"https:\/\/inevitablefueguito.xyz\/?tag=1win-az\" class=\"tag-cloud-link tag-link-87 tag-link-position-2\" style=\"font-size: 8pt;\" aria-label=\"1win AZ (4 items)\">1win AZ<span class=\"tag-link-count\"> (4)<\/span><\/a>\n<a href=\"https:\/\/inevitablefueguito.xyz\/?tag=leovegas\" class=\"tag-cloud-link tag-link-70 tag-link-position-3\" style=\"font-size: 14.774193548387pt;\" aria-label=\"leovegas (9 items)\">leovegas<span class=\"tag-link-count\"> (9)<\/span><\/a>\n<a href=\"https:\/\/inevitablefueguito.xyz\/?tag=leovegas-fi\" class=\"tag-cloud-link tag-link-69 tag-link-position-4\" style=\"font-size: 9.8064516129032pt;\" aria-label=\"leovegas FI (5 items)\">leovegas FI<span class=\"tag-link-count\"> (5)<\/span><\/a>\n<a href=\"https:\/\/inevitablefueguito.xyz\/?tag=leovegas-ie\" class=\"tag-cloud-link tag-link-73 tag-link-position-5\" style=\"font-size: 8pt;\" aria-label=\"leovegas IE (4 items)\">leovegas IE<span class=\"tag-link-count\"> (4)<\/span><\/a>\n<a href=\"https:\/\/inevitablefueguito.xyz\/?tag=mostbet\" class=\"tag-cloud-link tag-link-75 tag-link-position-6\" style=\"font-size: 22pt;\" aria-label=\"mostbet (20 items)\">mostbet<span class=\"tag-link-count\"> (20)<\/span><\/a>\n<a href=\"https:\/\/inevitablefueguito.xyz\/?tag=mostbet-az\" class=\"tag-cloud-link tag-link-90 tag-link-position-7\" style=\"font-size: 8pt;\" aria-label=\"mostbet AZ (4 items)\">mostbet AZ<span class=\"tag-link-count\"> (4)<\/span><\/a>\n<a href=\"https:\/\/inevitablefueguito.xyz\/?tag=mostbet-in\" class=\"tag-cloud-link tag-link-74 tag-link-position-8\" style=\"font-size: 12.516129032258pt;\" aria-label=\"mostbet IN (7 items)\">mostbet IN<span class=\"tag-link-count\"> (7)<\/span><\/a>\n<a href=\"https:\/\/inevitablefueguito.xyz\/?tag=mostbet-tr\" class=\"tag-cloud-link tag-link-80 tag-link-position-9\" style=\"font-size: 8pt;\" aria-label=\"mostbet TR (4 items)\">mostbet TR<span class=\"tag-link-count\"> (4)<\/span><\/a>\n<a href=\"https:\/\/inevitablefueguito.xyz\/?tag=mostbet-uz\" class=\"tag-cloud-link tag-link-84 tag-link-position-10\" style=\"font-size: 9.8064516129032pt;\" aria-label=\"mostbet UZ (5 items)\">mostbet UZ<span class=\"tag-link-count\"> (5)<\/span><\/a>\n<a href=\"https:\/\/inevitablefueguito.xyz\/?tag=pinup\" class=\"tag-cloud-link tag-link-72 tag-link-position-11\" style=\"font-size: 8pt;\" aria-label=\"pinup (4 items)\">pinup<span class=\"tag-link-count\"> (4)<\/span><\/a>\n<a href=\"https:\/\/inevitablefueguito.xyz\/?tag=pinup-br\" class=\"tag-cloud-link tag-link-71 tag-link-position-12\" style=\"font-size: 8pt;\" aria-label=\"pinup BR (4 items)\">pinup BR<span class=\"tag-link-count\"> (4)<\/span><\/a>\n<a href=\"https:\/\/inevitablefueguito.xyz\/?tag=vulkan-vegas\" class=\"tag-cloud-link tag-link-77 tag-link-position-13\" style=\"font-size: 17.258064516129pt;\" aria-label=\"vulkan vegas (12 items)\">vulkan vegas<span class=\"tag-link-count\"> (12)<\/span><\/a>\n<a href=\"https:\/\/inevitablefueguito.xyz\/?tag=vulkan-vegas-de\" class=\"tag-cloud-link tag-link-93 tag-link-position-14\" style=\"font-size: 8pt;\" aria-label=\"vulkan vegas DE (4 items)\">vulkan vegas DE<span class=\"tag-link-count\"> (4)<\/span><\/a>\n<a href=\"https:\/\/inevitablefueguito.xyz\/?tag=vulkan-vegas-pl\" class=\"tag-cloud-link tag-link-76 tag-link-position-15\" style=\"font-size: 13.645161290323pt;\" aria-label=\"vulkan vegas PL (8 items)\">vulkan vegas PL<span class=\"tag-link-count\"> (8)<\/span><\/a><\/div>\n\t\t<\/div>\n\t\t\t\t<\/div>\n\t\t\t\t\t<\/div>\n\t\t<\/div>\n\t\t\t\t\t\t\t<\/div>\n\t\t<\/section>\n\t\t\t\t\t\t\t<\/div>\n\t\t","protected":false},"excerpt":{"rendered":"<p>15 de Agosto de 2022 She dont give a fo \ud83d\udc94 Ey, yeah, ah-ouoohShe don&#8217;t give a fo, ohSabe que la quiero pero she don&#8217;t give a foQuiz\u00e1s es el miedo pero she don&#8217;t give a foQuiere alguien con futuro, sin tanto cambio de humorO eso es lo que creo, pero she don&#8217;t give a [&hellip;]<\/p>\n","protected":false},"author":1,"featured_media":0,"parent":0,"menu_order":0,"comment_status":"closed","ping_status":"closed","template":"elementor_header_footer","meta":{"footnotes":""},"class_list":["post-193","page","type-page","status-publish","hentry"],"_links":{"self":[{"href":"https:\/\/inevitablefueguito.xyz\/index.php?rest_route=\/wp\/v2\/pages\/193"}],"collection":[{"href":"https:\/\/inevitablefueguito.xyz\/index.php?rest_route=\/wp\/v2\/pages"}],"about":[{"href":"https:\/\/inevitablefueguito.xyz\/index.php?rest_route=\/wp\/v2\/types\/page"}],"author":[{"embeddable":true,"href":"https:\/\/inevitablefueguito.xyz\/index.php?rest_route=\/wp\/v2\/users\/1"}],"replies":[{"embeddable":true,"href":"https:\/\/inevitablefueguito.xyz\/index.php?rest_route=%2Fwp%2Fv2%2Fcomments&post=193"}],"version-history":[{"count":32,"href":"https:\/\/inevitablefueguito.xyz\/index.php?rest_route=\/wp\/v2\/pages\/193\/revisions"}],"predecessor-version":[{"id":271,"href":"https:\/\/inevitablefueguito.xyz\/index.php?rest_route=\/wp\/v2\/pages\/193\/revisions\/271"}],"wp:attachment":[{"href":"https:\/\/inevitablefueguito.xyz\/index.php?rest_route=%2Fwp%2Fv2%2Fmedia&parent=193"}],"curies":[{"name":"wp","href":"https:\/\/api.w.org\/{rel}","templated":true}]}}