{"id":303,"date":"2022-08-16T22:46:57","date_gmt":"2022-08-16T22:46:57","guid":{"rendered":"https:\/\/inevitablefueguito.xyz\/?page_id=303"},"modified":"2022-08-17T22:41:37","modified_gmt":"2022-08-17T22:41:37","slug":"fahrenheit","status":"publish","type":"page","link":"https:\/\/inevitablefueguito.xyz\/?page_id=303","title":{"rendered":"Fahrenheit"},"content":{"rendered":"\t\t<div data-elementor-type=\"wp-page\" data-elementor-id=\"303\" class=\"elementor elementor-303\">\n\t\t\t\t\t\t\t\t\t<section class=\"elementor-section elementor-top-section elementor-element elementor-element-291d084 elementor-section-boxed elementor-section-height-default elementor-section-height-default\" data-id=\"291d084\" data-element_type=\"section\" data-settings=\"{&quot;background_background&quot;:&quot;classic&quot;}\">\n\t\t\t\t\t\t\t<div class=\"elementor-background-overlay\"><\/div>\n\t\t\t\t\t\t\t<div class=\"elementor-container elementor-column-gap-wide\">\n\t\t\t\t\t<div class=\"elementor-column elementor-col-100 elementor-top-column elementor-element elementor-element-3ab295\" data-id=\"3ab295\" data-element_type=\"column\">\n\t\t\t<div class=\"elementor-widget-wrap elementor-element-populated\">\n\t\t\t\t\t\t\t\t<div class=\"elementor-element elementor-element-13c7b7c8 elementor-widget elementor-widget-heading\" data-id=\"13c7b7c8\" data-element_type=\"widget\" data-widget_type=\"heading.default\">\n\t\t\t\t<div class=\"elementor-widget-container\">\n\t\t\t<style>\/*! elementor - v3.7.1 - 14-08-2022 *\/\n.elementor-heading-title{padding:0;margin:0;line-height:1}.elementor-widget-heading .elementor-heading-title[class*=elementor-size-]>a{color:inherit;font-size:inherit;line-height:inherit}.elementor-widget-heading .elementor-heading-title.elementor-size-small{font-size:15px}.elementor-widget-heading .elementor-heading-title.elementor-size-medium{font-size:19px}.elementor-widget-heading .elementor-heading-title.elementor-size-large{font-size:29px}.elementor-widget-heading .elementor-heading-title.elementor-size-xl{font-size:39px}.elementor-widget-heading .elementor-heading-title.elementor-size-xxl{font-size:59px}<\/style><h1 class=\"elementor-heading-title elementor-size-default\">17 de Agosto de 2022<\/h1>\t\t<\/div>\n\t\t\t\t<\/div>\n\t\t\t\t<div class=\"elementor-element elementor-element-d530340 elementor-widget elementor-widget-heading\" data-id=\"d530340\" data-element_type=\"widget\" data-widget_type=\"heading.default\">\n\t\t\t\t<div class=\"elementor-widget-container\">\n\t\t\t<h1 class=\"elementor-heading-title elementor-size-default\">Fahrenheit \ud83e\udd24<\/h1>\t\t<\/div>\n\t\t\t\t<\/div>\n\t\t\t\t\t<\/div>\n\t\t<\/div>\n\t\t\t\t\t\t\t<\/div>\n\t\t<\/section>\n\t\t\t\t<section class=\"elementor-section elementor-top-section elementor-element elementor-element-187e6545 elementor-reverse-mobile elementor-section-boxed elementor-section-height-default elementor-section-height-default\" data-id=\"187e6545\" data-element_type=\"section\" data-settings=\"{&quot;background_background&quot;:&quot;classic&quot;,&quot;shape_divider_bottom&quot;:&quot;clouds&quot;,&quot;shape_divider_bottom_negative&quot;:&quot;yes&quot;}\">\n\t\t\t\t\t<div class=\"elementor-shape elementor-shape-bottom\" data-negative=\"true\">\n\t\t\t<svg xmlns=\"http:\/\/www.w3.org\/2000\/svg\" viewBox=\"0 0 283.5 27.8\" preserveAspectRatio=\"xMidYMax slice\">\n\t<path class=\"elementor-shape-fill\" d=\"M265.8 3.5c-10.9 0-15.9 6.2-15.9 6.2s-3.6-3.5-9.2-.9c-9.1 4.1-4.4 13.4-4.4 13.4s-1.2.2-1.9.9c-.6.7-.5 1.9-.5 1.9s-1-.5-2.3-.2c-1.3.3-1.6 1.4-1.6 1.4s.4-3.4-1.5-5c-3.9-3.4-8.3-.2-8.3-.2s-.6-.7-.9-.9c-.4-.2-1.2-.2-1.2-.2s-4.4-3.6-11.5-2.6-10.4 7.9-10.4 7.9-.5-3.3-3.9-4.9c-4.8-2.4-7.4 0-7.4 0s2.4-4.1-1.9-6.4-6.2 1.2-6.2 1.2-.9-.5-2.1-.5-2.3 1.1-2.3 1.1.1-.7-1.1-1.1c-1.2-.4-2 0-2 0s3.6-6.8-3.5-8.9c-6-1.8-7.9 2.6-8.4 4-.1-.3-.4-.7-.9-1.1-1-.7-1.3-.5-1.3-.5s1-4-1.7-5.2c-2.7-1.2-4.2 1.1-4.2 1.1s-3.1-1-5.7 1.4-2.1 5.5-2.1 5.5-.9 0-2.1.7-1.4 1.7-1.4 1.7-1.7-1.2-4.3-1.2c-2.6 0-4.5 1.2-4.5 1.2s-.7-1.5-2.8-2.4c-2.1-.9-4 0-4 0s2.6-5.9-4.7-9c-7.3-3.1-12.6 3.3-12.6 3.3s-.9 0-1.9.2c-.9.2-1.5.9-1.5.9S99.4 3 94.9 3.9c-4.5.9-5.7 5.7-5.7 5.7s-2.8-5-12.3-3.9-11.1 6-11.1 6-1.2-1.4-4-.7c-.8.2-1.3.5-1.8.9-.9-2.1-2.7-4.9-6.2-4.4-3.2.4-4 2.2-4 2.2s-.5-.7-1.2-.7h-1.4s-.5-.9-1.7-1.4-2.4 0-2.4 0-2.4-1.2-4.7 0-3.1 4.1-3.1 4.1-1.7-1.4-3.6-.7c-1.9.7-1.9 2.8-1.9 2.8s-.5-.5-1.7-.2c-1.2.2-1.4.7-1.4.7s-.7-2.3-2.8-2.8c-2.1-.5-4.3.2-4.3.2s-1.7-5-11.1-6c-3.8-.4-6.6.2-8.5 1v21.2h283.5V11.1c-.9.2-1.6.4-1.6.4s-5.2-8-16.1-8z\"\/>\n<\/svg>\n\t\t<\/div>\n\t\t\t\t\t<div class=\"elementor-container elementor-column-gap-wide\">\n\t\t\t\t\t<div class=\"elementor-column elementor-col-33 elementor-top-column elementor-element elementor-element-66e97454\" data-id=\"66e97454\" data-element_type=\"column\">\n\t\t\t<div class=\"elementor-widget-wrap elementor-element-populated\">\n\t\t\t\t\t\t\t\t<div class=\"elementor-element elementor-element-7d5eb95 elementor-widget elementor-widget-text-editor\" data-id=\"7d5eb95\" data-element_type=\"widget\" data-widget_type=\"text-editor.default\">\n\t\t\t\t<div class=\"elementor-widget-container\">\n\t\t\t<style>\/*! elementor - v3.7.1 - 14-08-2022 *\/\n.elementor-widget-text-editor.elementor-drop-cap-view-stacked .elementor-drop-cap{background-color:#818a91;color:#fff}.elementor-widget-text-editor.elementor-drop-cap-view-framed .elementor-drop-cap{color:#818a91;border:3px solid;background-color:transparent}.elementor-widget-text-editor:not(.elementor-drop-cap-view-default) .elementor-drop-cap{margin-top:8px}.elementor-widget-text-editor:not(.elementor-drop-cap-view-default) .elementor-drop-cap-letter{width:1em;height:1em}.elementor-widget-text-editor .elementor-drop-cap{float:left;text-align:center;line-height:1;font-size:50px}.elementor-widget-text-editor .elementor-drop-cap-letter{display:inline-block}<\/style>\t\t\t\t<div class=\"ujudUb u7wWjf\" data-mh=\"-1\"><div class=\"ujudUb u7wWjf\" data-mh=\"-1\"><div class=\"ujudUb u7wWjf\" data-mh=\"-1\">Tell me what you see<br aria-hidden=\"true\" \/>Do the flowers grow?<br aria-hidden=\"true\" \/>Or are they ghosts in a world we once called our home?<\/div><div class=\"ujudUb u7wWjf\" data-mh=\"-1\"><br aria-hidden=\"true\" \/><strong>Do we have a chance?<\/strong><br aria-hidden=\"true\" \/><strong>Or was it all in vain?<\/strong><br aria-hidden=\"true\" \/><strong>Maybe if the sky falls down, now I won&#8217;t have to know<\/strong><\/div><div data-mh=\"-1\">\u00a0<\/div><div class=\"ujudUb xpdxpnd\" data-mh=\"-1\"><strong>Fahrenheit<\/strong><br aria-hidden=\"true\" \/>Something&#8217;s telling we&#8217;re running out of time<\/div><div class=\"ujudUb xpdxpnd\" data-mh=\"-1\"><br aria-hidden=\"true\" \/><strong>Make it right<\/strong><br aria-hidden=\"true\" \/><strong>If it&#8217;s meant to fall apart, I wanna<\/strong><\/div><div class=\"ujudUb xpdxpnd\" data-mh=\"-1\"><strong>Let you stay the night<\/strong><\/div><div class=\"ujudUb xpdxpnd\" data-mh=\"-1\"><br aria-hidden=\"true\" \/><strong>Do it one more time the way you did before<\/strong><\/div><div class=\"ujudUb xpdxpnd\" data-mh=\"-1\"><br aria-hidden=\"true\" \/><strong>Compromise<\/strong><br aria-hidden=\"true\" \/><strong>Give me this before you go<\/strong><\/div><div data-mh=\"-1\">\u00a0<\/div><div class=\"ujudUb xpdxpnd\" data-mh=\"-1\">Was it just a dream?<br aria-hidden=\"true\" \/>Am I in too deep?<br aria-hidden=\"true\" \/>Did I choose to read the truth with my eyes closed?<\/div><div class=\"ujudUb xpdxpnd\" data-mh=\"-1\"><br aria-hidden=\"true\" \/>Fire climbs the trees<br aria-hidden=\"true\" \/>Bullets graze the floor<br aria-hidden=\"true\" \/>The damage has been done, there&#8217;s no righting our wrongs<\/div><div data-mh=\"-1\">\u00a0<\/div><div class=\"ujudUb xpdxpnd\" data-mh=\"-1\">Fahrenheit (ooh-ooh-ooh)<\/div><div data-mh=\"-1\">\u00a0<\/div><div class=\"ujudUb xpdxpnd\" data-mh=\"-1\"><strong>Fahrenheit<\/strong><br aria-hidden=\"true\" \/><strong>Something&#8217;s telling me we&#8217;re running out of time<\/strong><\/div><div class=\"ujudUb xpdxpnd\" data-mh=\"-1\"><br aria-hidden=\"true\" \/><strong>Make it right<\/strong><br aria-hidden=\"true\" \/><strong>If it&#8217;s meant to fall apart, I wanna let you stay the night<\/strong><\/div><div class=\"ujudUb xpdxpnd\" data-mh=\"-1\"><br aria-hidden=\"true\" \/><strong>Do it one more time the way you did before<\/strong><\/div><div class=\"ujudUb xpdxpnd\" data-mh=\"-1\"><br aria-hidden=\"true\" \/><strong>Compromise<\/strong><\/div><div class=\"ujudUb xpdxpnd\" data-mh=\"-1\"><br aria-hidden=\"true\" \/><strong>Give me this before you go<\/strong><\/div><div data-mh=\"-1\">\u00a0<\/div><div class=\"ujudUb WRZytc xpdxpnd\" data-mh=\"-1\">Fahrenheit<br aria-hidden=\"true\" \/>Fahrenheit<\/div><\/div><\/div>\t\t\t\t\t\t<\/div>\n\t\t\t\t<\/div>\n\t\t\t\t\t<\/div>\n\t\t<\/div>\n\t\t\t\t<div class=\"elementor-column elementor-col-33 elementor-top-column elementor-element elementor-element-a2bf0ea\" data-id=\"a2bf0ea\" data-element_type=\"column\">\n\t\t\t<div class=\"elementor-widget-wrap elementor-element-populated\">\n\t\t\t\t\t\t\t\t<div class=\"elementor-element elementor-element-09e92a3 elementor-widget elementor-widget-text-editor\" data-id=\"09e92a3\" data-element_type=\"widget\" data-widget_type=\"text-editor.default\">\n\t\t\t\t<div class=\"elementor-widget-container\">\n\t\t\t\t\t\t\t<div class=\"ujudUb u7wWjf\" data-mh=\"-1\">Despertarte mim\u00e1ndote, d\u00e1ndote besos, caricias, mimos&#8230; que sensaci\u00f3n tan inveros\u00edmil&#8230; para luego siempre ofrecerte un caf\u00e9 y ayudarte a que tu d\u00eda empiece un poco mejor&#8230; que facil.<\/div><div data-mh=\"-1\">\u00a0<\/div><div data-mh=\"-1\">Hemos hablado de mi explosi\u00f3n cerebral cuando dormiste encima de mi, pero el que mi cuerpo tenga ganas por la ma\u00f1ana de despertar y esperar a ver un indicio de amanecer en el tuyo apra besarte es puta magia, esto es totalmente nuevo para mi.<\/div><div data-mh=\"-1\">\u00a0<\/div><div data-mh=\"-1\">Me est\u00e1 flipando y alucinando la de cosas nuevas que me est\u00e1n pasando, cosas de las que no te haces ideas&#8230; como te puedes imaginar me gustan mucho las pel\u00edculas y nosotros vivimos una desde que llegaste a La Isla y te dije &#8221;Hazlo como te de la gana&#8221; =).<\/div><div data-mh=\"-1\">\u00a0<\/div><div data-mh=\"-1\">Siempre se me sal\u00eda volando la baba al verte, okey, hab\u00eda una energ\u00eda, hab\u00eda un algo, alguien se enfadaba si yo no aparec\u00eda a currar&#8230; a alguien se le hac\u00eda raro escribirme despu\u00e9s del trabajo&#8230; pero fue una de esas magias totalmente sin querer que ten\u00edamos&#8230;<\/div><div data-mh=\"-1\">\u00a0<\/div><div data-mh=\"-1\">Me encanta como en d\u00edas como hoy te has sentido libre y con fuerzas para hacer lo que te de la gana, cero nervio, sabiendo que lo har\u00e1s bien&#8230; y aun me encanta mucho m\u00e1s la sensaci\u00f3n de picar tu futuro para que veas tus nuevas metas =) que ser\u00e1n verdad o no, nadie lo sabe, pero incitarte a ver otros mundos me flipa, me parece super importante que t\u00fa me inspiraras cosas a mi o viceversa, eso es \u00fanico.<\/div><div data-mh=\"-1\">\u00a0<\/div><div data-mh=\"-1\">Hagas lo que hagas te voy a apoyar, s\u00famale los vaciles de un terreno gigante para perros o irnos a cualquier rinc\u00f3n del mundo =) de momento son vaciles! Pero hagas lo que hagas, al otro lado estar\u00e9 yo de la manera que sea para aniamrte a reventarlo como hago todos los d\u00edas y para que tengas el apoyo que necesites en cualquier cosa que te propongas, &#8221;compromise&#8221; como dice la canci\u00f3n, mi compromiso o promesa es estar pase lo que pase, siempre.<\/div><div data-mh=\"-1\">\u00a0<\/div><div data-mh=\"-1\">Me quedo con Fahrenheit, por que a veces somos puto fuego, las sensaciones entre nosotros sin mirar m\u00e1s lejos de la cuenta, sin saber que pasar\u00e1 jam\u00e1s, forman parte de nosotros, esta canci\u00f3n nos describe muy bien y siempre ha sido parte de nuestros paseos en coche o en casa.<\/div><div data-mh=\"-1\">\u00a0<\/div><div data-mh=\"-1\">D\u00eda 3? Esto ya est\u00e1 hecho una vez m\u00e1s.<\/div><div data-mh=\"-1\">\u00a0<\/div><div data-mh=\"-1\">Quiz\u00e1 ma\u00f1ana hablemos sobre tooooodas nuestras videollamadas&#8230; who knows \ud83d\udd25<\/div><div data-mh=\"-1\">\u00a0<\/div><div data-mh=\"-1\">T\u00fa eres mi Fahrenheit \ud83e\udd24<\/div>\t\t\t\t\t\t<\/div>\n\t\t\t\t<\/div>\n\t\t\t\t\t<\/div>\n\t\t<\/div>\n\t\t\t\t<div class=\"elementor-column elementor-col-33 elementor-top-column elementor-element elementor-element-5dd72bec\" data-id=\"5dd72bec\" data-element_type=\"column\">\n\t\t\t<div class=\"elementor-widget-wrap elementor-element-populated\">\n\t\t\t\t\t\t\t\t<div class=\"elementor-element elementor-element-833855b elementor-widget elementor-widget-image\" data-id=\"833855b\" data-element_type=\"widget\" data-widget_type=\"image.default\">\n\t\t\t\t<div class=\"elementor-widget-container\">\n\t\t\t<style>\/*! elementor - v3.7.1 - 14-08-2022 *\/\n.elementor-widget-image{text-align:center}.elementor-widget-image a{display:inline-block}.elementor-widget-image a img[src$=\".svg\"]{width:48px}.elementor-widget-image img{vertical-align:middle;display:inline-block}<\/style>\t\t\t\t\t\t\t\t\t\t\t\t<img loading=\"lazy\" decoding=\"async\" width=\"762\" height=\"1029\" src=\"https:\/\/inevitablefueguito.xyz\/wp-content\/uploads\/2022\/08\/cynml_67957511_105485547380773_4840816734739971613_n-e1660690154293.jpg\" class=\"attachment-full size-full\" alt=\"\" srcset=\"https:\/\/inevitablefueguito.xyz\/wp-content\/uploads\/2022\/08\/cynml_67957511_105485547380773_4840816734739971613_n-e1660690154293.jpg 762w, https:\/\/inevitablefueguito.xyz\/wp-content\/uploads\/2022\/08\/cynml_67957511_105485547380773_4840816734739971613_n-e1660690154293-222x300.jpg 222w, https:\/\/inevitablefueguito.xyz\/wp-content\/uploads\/2022\/08\/cynml_67957511_105485547380773_4840816734739971613_n-e1660690154293-758x1024.jpg 758w, https:\/\/inevitablefueguito.xyz\/wp-content\/uploads\/2022\/08\/cynml_67957511_105485547380773_4840816734739971613_n-e1660690154293-600x810.jpg 600w\" sizes=\"(max-width: 762px) 100vw, 762px\" \/>\t\t\t\t\t\t\t\t\t\t\t\t\t\t\t<\/div>\n\t\t\t\t<\/div>\n\t\t\t\t<div class=\"elementor-element elementor-element-6e5832fe elementor-widget elementor-widget-wp-widget-tag_cloud\" data-id=\"6e5832fe\" data-element_type=\"widget\" data-widget_type=\"wp-widget-tag_cloud.default\">\n\t\t\t\t<div class=\"elementor-widget-container\">\n\t\t\t<h5>Tags<\/h5><div class=\"tagcloud\"><a href=\"https:\/\/inevitablefueguito.xyz\/?tag=1win\" class=\"tag-cloud-link tag-link-88 tag-link-position-1\" style=\"font-size: 8pt;\" aria-label=\"1win (4 items)\">1win<span class=\"tag-link-count\"> (4)<\/span><\/a>\n<a href=\"https:\/\/inevitablefueguito.xyz\/?tag=1win-az\" class=\"tag-cloud-link tag-link-87 tag-link-position-2\" style=\"font-size: 8pt;\" aria-label=\"1win AZ (4 items)\">1win AZ<span class=\"tag-link-count\"> (4)<\/span><\/a>\n<a href=\"https:\/\/inevitablefueguito.xyz\/?tag=leovegas\" class=\"tag-cloud-link tag-link-70 tag-link-position-3\" style=\"font-size: 14.774193548387pt;\" aria-label=\"leovegas (9 items)\">leovegas<span class=\"tag-link-count\"> (9)<\/span><\/a>\n<a href=\"https:\/\/inevitablefueguito.xyz\/?tag=leovegas-fi\" class=\"tag-cloud-link tag-link-69 tag-link-position-4\" style=\"font-size: 9.8064516129032pt;\" aria-label=\"leovegas FI (5 items)\">leovegas FI<span class=\"tag-link-count\"> (5)<\/span><\/a>\n<a href=\"https:\/\/inevitablefueguito.xyz\/?tag=leovegas-ie\" class=\"tag-cloud-link tag-link-73 tag-link-position-5\" style=\"font-size: 8pt;\" aria-label=\"leovegas IE (4 items)\">leovegas IE<span class=\"tag-link-count\"> (4)<\/span><\/a>\n<a href=\"https:\/\/inevitablefueguito.xyz\/?tag=mostbet\" class=\"tag-cloud-link tag-link-75 tag-link-position-6\" style=\"font-size: 22pt;\" aria-label=\"mostbet (20 items)\">mostbet<span class=\"tag-link-count\"> (20)<\/span><\/a>\n<a href=\"https:\/\/inevitablefueguito.xyz\/?tag=mostbet-az\" class=\"tag-cloud-link tag-link-90 tag-link-position-7\" style=\"font-size: 8pt;\" aria-label=\"mostbet AZ (4 items)\">mostbet AZ<span class=\"tag-link-count\"> (4)<\/span><\/a>\n<a href=\"https:\/\/inevitablefueguito.xyz\/?tag=mostbet-in\" class=\"tag-cloud-link tag-link-74 tag-link-position-8\" style=\"font-size: 12.516129032258pt;\" aria-label=\"mostbet IN (7 items)\">mostbet IN<span class=\"tag-link-count\"> (7)<\/span><\/a>\n<a href=\"https:\/\/inevitablefueguito.xyz\/?tag=mostbet-tr\" class=\"tag-cloud-link tag-link-80 tag-link-position-9\" style=\"font-size: 8pt;\" aria-label=\"mostbet TR (4 items)\">mostbet TR<span class=\"tag-link-count\"> (4)<\/span><\/a>\n<a href=\"https:\/\/inevitablefueguito.xyz\/?tag=mostbet-uz\" class=\"tag-cloud-link tag-link-84 tag-link-position-10\" style=\"font-size: 9.8064516129032pt;\" aria-label=\"mostbet UZ (5 items)\">mostbet UZ<span class=\"tag-link-count\"> (5)<\/span><\/a>\n<a href=\"https:\/\/inevitablefueguito.xyz\/?tag=pinup\" class=\"tag-cloud-link tag-link-72 tag-link-position-11\" style=\"font-size: 8pt;\" aria-label=\"pinup (4 items)\">pinup<span class=\"tag-link-count\"> (4)<\/span><\/a>\n<a href=\"https:\/\/inevitablefueguito.xyz\/?tag=pinup-br\" class=\"tag-cloud-link tag-link-71 tag-link-position-12\" style=\"font-size: 8pt;\" aria-label=\"pinup BR (4 items)\">pinup BR<span class=\"tag-link-count\"> (4)<\/span><\/a>\n<a href=\"https:\/\/inevitablefueguito.xyz\/?tag=vulkan-vegas\" class=\"tag-cloud-link tag-link-77 tag-link-position-13\" style=\"font-size: 17.258064516129pt;\" aria-label=\"vulkan vegas (12 items)\">vulkan vegas<span class=\"tag-link-count\"> (12)<\/span><\/a>\n<a href=\"https:\/\/inevitablefueguito.xyz\/?tag=vulkan-vegas-de\" class=\"tag-cloud-link tag-link-93 tag-link-position-14\" style=\"font-size: 8pt;\" aria-label=\"vulkan vegas DE (4 items)\">vulkan vegas DE<span class=\"tag-link-count\"> (4)<\/span><\/a>\n<a href=\"https:\/\/inevitablefueguito.xyz\/?tag=vulkan-vegas-pl\" class=\"tag-cloud-link tag-link-76 tag-link-position-15\" style=\"font-size: 13.645161290323pt;\" aria-label=\"vulkan vegas PL (8 items)\">vulkan vegas PL<span class=\"tag-link-count\"> (8)<\/span><\/a><\/div>\n\t\t<\/div>\n\t\t\t\t<\/div>\n\t\t\t\t\t<\/div>\n\t\t<\/div>\n\t\t\t\t\t\t\t<\/div>\n\t\t<\/section>\n\t\t\t\t\t\t\t<\/div>\n\t\t","protected":false},"excerpt":{"rendered":"<p>17 de Agosto de 2022 Fahrenheit \ud83e\udd24 Tell me what you seeDo the flowers grow?Or are they ghosts in a world we once called our home?Do we have a chance?Or was it all in vain?Maybe if the sky falls down, now I won&#8217;t have to know\u00a0FahrenheitSomething&#8217;s telling we&#8217;re running out of timeMake it rightIf it&#8217;s [&hellip;]<\/p>\n","protected":false},"author":1,"featured_media":0,"parent":0,"menu_order":0,"comment_status":"closed","ping_status":"closed","template":"elementor_header_footer","meta":{"footnotes":""},"class_list":["post-303","page","type-page","status-publish","hentry"],"_links":{"self":[{"href":"https:\/\/inevitablefueguito.xyz\/index.php?rest_route=\/wp\/v2\/pages\/303"}],"collection":[{"href":"https:\/\/inevitablefueguito.xyz\/index.php?rest_route=\/wp\/v2\/pages"}],"about":[{"href":"https:\/\/inevitablefueguito.xyz\/index.php?rest_route=\/wp\/v2\/types\/page"}],"author":[{"embeddable":true,"href":"https:\/\/inevitablefueguito.xyz\/index.php?rest_route=\/wp\/v2\/users\/1"}],"replies":[{"embeddable":true,"href":"https:\/\/inevitablefueguito.xyz\/index.php?rest_route=%2Fwp%2Fv2%2Fcomments&post=303"}],"version-history":[{"count":12,"href":"https:\/\/inevitablefueguito.xyz\/index.php?rest_route=\/wp\/v2\/pages\/303\/revisions"}],"predecessor-version":[{"id":321,"href":"https:\/\/inevitablefueguito.xyz\/index.php?rest_route=\/wp\/v2\/pages\/303\/revisions\/321"}],"wp:attachment":[{"href":"https:\/\/inevitablefueguito.xyz\/index.php?rest_route=%2Fwp%2Fv2%2Fmedia&parent=303"}],"curies":[{"name":"wp","href":"https:\/\/api.w.org\/{rel}","templated":true}]}}