{"id":345,"date":"2022-08-19T19:37:35","date_gmt":"2022-08-19T19:37:35","guid":{"rendered":"https:\/\/inevitablefueguito.xyz\/?page_id=345"},"modified":"2022-08-20T14:51:23","modified_gmt":"2022-08-20T14:51:23","slug":"pequenagranrevolucion","status":"publish","type":"page","link":"https:\/\/inevitablefueguito.xyz\/?page_id=345","title":{"rendered":"Peque\u00f1a Gran Revoluci\u00f3n"},"content":{"rendered":"\t\t<div data-elementor-type=\"wp-page\" data-elementor-id=\"345\" class=\"elementor elementor-345\">\n\t\t\t\t\t\t\t\t\t<section class=\"elementor-section elementor-top-section elementor-element elementor-element-291d084 elementor-section-boxed elementor-section-height-default elementor-section-height-default\" data-id=\"291d084\" data-element_type=\"section\" data-settings=\"{&quot;background_background&quot;:&quot;classic&quot;}\">\n\t\t\t\t\t\t\t<div class=\"elementor-background-overlay\"><\/div>\n\t\t\t\t\t\t\t<div class=\"elementor-container elementor-column-gap-wide\">\n\t\t\t\t\t<div class=\"elementor-column elementor-col-100 elementor-top-column elementor-element elementor-element-3ab295\" data-id=\"3ab295\" data-element_type=\"column\">\n\t\t\t<div class=\"elementor-widget-wrap elementor-element-populated\">\n\t\t\t\t\t\t\t\t<div class=\"elementor-element elementor-element-13c7b7c8 elementor-widget elementor-widget-heading\" data-id=\"13c7b7c8\" data-element_type=\"widget\" data-widget_type=\"heading.default\">\n\t\t\t\t<div class=\"elementor-widget-container\">\n\t\t\t<style>\/*! elementor - v3.7.1 - 14-08-2022 *\/\n.elementor-heading-title{padding:0;margin:0;line-height:1}.elementor-widget-heading .elementor-heading-title[class*=elementor-size-]>a{color:inherit;font-size:inherit;line-height:inherit}.elementor-widget-heading .elementor-heading-title.elementor-size-small{font-size:15px}.elementor-widget-heading .elementor-heading-title.elementor-size-medium{font-size:19px}.elementor-widget-heading .elementor-heading-title.elementor-size-large{font-size:29px}.elementor-widget-heading .elementor-heading-title.elementor-size-xl{font-size:39px}.elementor-widget-heading .elementor-heading-title.elementor-size-xxl{font-size:59px}<\/style><h1 class=\"elementor-heading-title elementor-size-default\">19 de Agosto de 2022<\/h1>\t\t<\/div>\n\t\t\t\t<\/div>\n\t\t\t\t<div class=\"elementor-element elementor-element-d530340 elementor-widget elementor-widget-heading\" data-id=\"d530340\" data-element_type=\"widget\" data-widget_type=\"heading.default\">\n\t\t\t\t<div class=\"elementor-widget-container\">\n\t\t\t<h1 class=\"elementor-heading-title elementor-size-default\">Peque\u00f1a Gran Revoluci\u00f3n \u2764\ufe0f<\/h1>\t\t<\/div>\n\t\t\t\t<\/div>\n\t\t\t\t\t<\/div>\n\t\t<\/div>\n\t\t\t\t\t\t\t<\/div>\n\t\t<\/section>\n\t\t\t\t<section class=\"elementor-section elementor-top-section elementor-element elementor-element-187e6545 elementor-reverse-mobile elementor-section-boxed elementor-section-height-default elementor-section-height-default\" data-id=\"187e6545\" data-element_type=\"section\" data-settings=\"{&quot;background_background&quot;:&quot;classic&quot;,&quot;shape_divider_bottom&quot;:&quot;clouds&quot;,&quot;shape_divider_bottom_negative&quot;:&quot;yes&quot;}\">\n\t\t\t\t\t<div class=\"elementor-shape elementor-shape-bottom\" data-negative=\"true\">\n\t\t\t<svg xmlns=\"http:\/\/www.w3.org\/2000\/svg\" viewBox=\"0 0 283.5 27.8\" preserveAspectRatio=\"xMidYMax slice\">\n\t<path class=\"elementor-shape-fill\" d=\"M265.8 3.5c-10.9 0-15.9 6.2-15.9 6.2s-3.6-3.5-9.2-.9c-9.1 4.1-4.4 13.4-4.4 13.4s-1.2.2-1.9.9c-.6.7-.5 1.9-.5 1.9s-1-.5-2.3-.2c-1.3.3-1.6 1.4-1.6 1.4s.4-3.4-1.5-5c-3.9-3.4-8.3-.2-8.3-.2s-.6-.7-.9-.9c-.4-.2-1.2-.2-1.2-.2s-4.4-3.6-11.5-2.6-10.4 7.9-10.4 7.9-.5-3.3-3.9-4.9c-4.8-2.4-7.4 0-7.4 0s2.4-4.1-1.9-6.4-6.2 1.2-6.2 1.2-.9-.5-2.1-.5-2.3 1.1-2.3 1.1.1-.7-1.1-1.1c-1.2-.4-2 0-2 0s3.6-6.8-3.5-8.9c-6-1.8-7.9 2.6-8.4 4-.1-.3-.4-.7-.9-1.1-1-.7-1.3-.5-1.3-.5s1-4-1.7-5.2c-2.7-1.2-4.2 1.1-4.2 1.1s-3.1-1-5.7 1.4-2.1 5.5-2.1 5.5-.9 0-2.1.7-1.4 1.7-1.4 1.7-1.7-1.2-4.3-1.2c-2.6 0-4.5 1.2-4.5 1.2s-.7-1.5-2.8-2.4c-2.1-.9-4 0-4 0s2.6-5.9-4.7-9c-7.3-3.1-12.6 3.3-12.6 3.3s-.9 0-1.9.2c-.9.2-1.5.9-1.5.9S99.4 3 94.9 3.9c-4.5.9-5.7 5.7-5.7 5.7s-2.8-5-12.3-3.9-11.1 6-11.1 6-1.2-1.4-4-.7c-.8.2-1.3.5-1.8.9-.9-2.1-2.7-4.9-6.2-4.4-3.2.4-4 2.2-4 2.2s-.5-.7-1.2-.7h-1.4s-.5-.9-1.7-1.4-2.4 0-2.4 0-2.4-1.2-4.7 0-3.1 4.1-3.1 4.1-1.7-1.4-3.6-.7c-1.9.7-1.9 2.8-1.9 2.8s-.5-.5-1.7-.2c-1.2.2-1.4.7-1.4.7s-.7-2.3-2.8-2.8c-2.1-.5-4.3.2-4.3.2s-1.7-5-11.1-6c-3.8-.4-6.6.2-8.5 1v21.2h283.5V11.1c-.9.2-1.6.4-1.6.4s-5.2-8-16.1-8z\"\/>\n<\/svg>\n\t\t<\/div>\n\t\t\t\t\t<div class=\"elementor-container elementor-column-gap-wide\">\n\t\t\t\t\t<div class=\"elementor-column elementor-col-33 elementor-top-column elementor-element elementor-element-66e97454\" data-id=\"66e97454\" data-element_type=\"column\">\n\t\t\t<div class=\"elementor-widget-wrap elementor-element-populated\">\n\t\t\t\t\t\t\t\t<div class=\"elementor-element elementor-element-7d5eb95 elementor-widget elementor-widget-text-editor\" data-id=\"7d5eb95\" data-element_type=\"widget\" data-widget_type=\"text-editor.default\">\n\t\t\t\t<div class=\"elementor-widget-container\">\n\t\t\t<style>\/*! elementor - v3.7.1 - 14-08-2022 *\/\n.elementor-widget-text-editor.elementor-drop-cap-view-stacked .elementor-drop-cap{background-color:#818a91;color:#fff}.elementor-widget-text-editor.elementor-drop-cap-view-framed .elementor-drop-cap{color:#818a91;border:3px solid;background-color:transparent}.elementor-widget-text-editor:not(.elementor-drop-cap-view-default) .elementor-drop-cap{margin-top:8px}.elementor-widget-text-editor:not(.elementor-drop-cap-view-default) .elementor-drop-cap-letter{width:1em;height:1em}.elementor-widget-text-editor .elementor-drop-cap{float:left;text-align:center;line-height:1;font-size:50px}.elementor-widget-text-editor .elementor-drop-cap-letter{display:inline-block}<\/style>\t\t\t\t<div class=\"ujudUb u7wWjf\" data-mh=\"-1\"><div class=\"ujudUb u7wWjf\" data-mh=\"-1\"><div class=\"ujudUb u7wWjf\" data-mh=\"-1\"><strong>Que tu ferocidad<\/strong><br aria-hidden=\"true\" \/><strong>Me deje huella<\/strong><br aria-hidden=\"true\" \/><strong>Que ahuyente mi maldad<\/strong><br aria-hidden=\"true\" \/><strong>Que aleje bestias<\/strong><\/div><div class=\"ujudUb xpdxpnd\" data-mh=\"-1\">Que ponga es su lugar<br aria-hidden=\"true\" \/>Pura inocencia<br aria-hidden=\"true\" \/>La que hoy cubre tu cuerpo<br aria-hidden=\"true\" \/>Sin darte cuenta<\/div><div data-mh=\"-1\">\u00a0<\/div><div class=\"ujudUb xpdxpnd\" data-mh=\"-1\"><strong>Que hable sin pensar<\/strong><br aria-hidden=\"true\" \/><strong>Las consecuencias<\/strong><br aria-hidden=\"true\" \/><strong>Que digas tu verdad<\/strong><br aria-hidden=\"true\" \/><strong>Aunque lluevan piedras<\/strong><\/div><div data-mh=\"-1\">\u00a0<\/div><div class=\"ujudUb xpdxpnd\" data-mh=\"-1\">Que no pierdas esa fe<br aria-hidden=\"true\" \/>Que hoy es eterna<br aria-hidden=\"true\" \/>Y esa forma de no ser<br aria-hidden=\"true\" \/>Consciente de ella<\/div><div data-mh=\"-1\">\u00a0<\/div><div class=\"ujudUb xpdxpnd\" data-mh=\"-1\"><strong>Que tu curiosidad<\/strong><br aria-hidden=\"true\" \/><strong>No desaparezca<\/strong><br aria-hidden=\"true\" \/>Y crezca como lo hacen<br aria-hidden=\"true\" \/>Ahora tus piernas<\/div><div data-mh=\"-1\">\u00a0<\/div><div class=\"ujudUb xpdxpnd\" data-mh=\"-1\">Las que te llevar\u00e1n<br aria-hidden=\"true\" \/>Tan lejos como quieras<br aria-hidden=\"true\" \/><strong>Comi\u00e9ndote la vida<\/strong><br aria-hidden=\"true\" \/><strong>A manos llenas<\/strong><\/div><div data-mh=\"-1\">\u00a0<\/div><div class=\"ujudUb xpdxpnd\" data-mh=\"-1\"><strong>Bienvenida a casa<\/strong><br aria-hidden=\"true\" \/><strong>Peque\u00f1a gran revoluci\u00f3n<\/strong><br aria-hidden=\"true\" \/>Que con tus pasos marcas<br aria-hidden=\"true\" \/>Un nuevo rumbo en direcci\u00f3n<\/div><div class=\"ujudUb xpdxpnd\" data-mh=\"-1\">A nuevas monta\u00f1as<br aria-hidden=\"true\" \/>Que parecen menos altas<br aria-hidden=\"true\" \/><strong>Con cada palabra<\/strong><br aria-hidden=\"true\" \/><strong>Que nace en tu garganta<\/strong><\/div><div class=\"ujudUb xpdxpnd\" data-mh=\"-1\"><strong>Peque\u00f1a gran revoluci\u00f3n<\/strong><\/div><div data-mh=\"-1\">\u00a0<\/div><div class=\"ujudUb xpdxpnd\" data-mh=\"-1\">Que nadie ose jam\u00e1s<br aria-hidden=\"true\" \/>Fijar tus metas<br aria-hidden=\"true\" \/>Que sepas observar<br aria-hidden=\"true\" \/>Y no ver a quien no debas<\/div><div data-mh=\"-1\">\u00a0<\/div><div class=\"ujudUb xpdxpnd\" data-mh=\"-1\"><strong>Que aunque me encuentre lejos<\/strong><br aria-hidden=\"true\" \/><strong>Me sientas cerca<\/strong><br aria-hidden=\"true\" \/><strong>Que la distancia que hay<\/strong><br aria-hidden=\"true\" \/><strong>Entre nuestras puertas<\/strong><\/div><div data-mh=\"-1\">\u00a0<\/div><div class=\"ujudUb xpdxpnd\" data-mh=\"-1\"><strong>Ya era siempre tan rid\u00edcula<\/strong><br aria-hidden=\"true\" \/><strong>Tan peque\u00f1a<\/strong><br aria-hidden=\"true\" \/><strong>Mientras los dos sigamos<\/strong><br aria-hidden=\"true\" \/><strong>Las mismas estrellas<\/strong><\/div><div data-mh=\"-1\">\u00a0<\/div><div class=\"ujudUb xpdxpnd\" data-mh=\"-1\"><strong>Y aunque vueles lejos<\/strong><br aria-hidden=\"true\" \/><strong>Tan alto que no puedas vernos<\/strong><br aria-hidden=\"true\" \/><strong>Te esperamos dentro<\/strong><br aria-hidden=\"true\" \/><strong>Siempre habr\u00e1 un techo<\/strong><\/div><div data-mh=\"-1\">\u00a0<\/div><div class=\"ujudUb xpdxpnd\" data-mh=\"-1\">Bienvenida a casa<br aria-hidden=\"true\" \/>Peque\u00f1a gran revoluci\u00f3n<br aria-hidden=\"true\" \/>Que con tus pasos marcas<br aria-hidden=\"true\" \/>Un nuevo rumbo en direcci\u00f3n<\/div><div class=\"ujudUb xpdxpnd\" data-mh=\"-1\">A nuevas monta\u00f1as<br aria-hidden=\"true\" \/>Que parecen menos altas<br aria-hidden=\"true\" \/>Con cada palabra<br aria-hidden=\"true\" \/>Que nace en tu garganta<\/div><div data-mh=\"-1\">\u00a0<\/div><div class=\"ujudUb WRZytc xpdxpnd\" data-mh=\"-1\"><strong>Peque\u00f1a gran revoluci\u00f3n \u2764\ufe0f<\/strong><\/div><\/div><\/div>\t\t\t\t\t\t<\/div>\n\t\t\t\t<\/div>\n\t\t\t\t\t<\/div>\n\t\t<\/div>\n\t\t\t\t<div class=\"elementor-column elementor-col-33 elementor-top-column elementor-element elementor-element-a2bf0ea\" data-id=\"a2bf0ea\" data-element_type=\"column\">\n\t\t\t<div class=\"elementor-widget-wrap elementor-element-populated\">\n\t\t\t\t\t\t\t\t<div class=\"elementor-element elementor-element-09e92a3 elementor-widget elementor-widget-text-editor\" data-id=\"09e92a3\" data-element_type=\"widget\" data-widget_type=\"text-editor.default\">\n\t\t\t\t<div class=\"elementor-widget-container\">\n\t\t\t\t\t\t\t<div class=\"ujudUb u7wWjf\" data-mh=\"-1\">He cambiado el post que ten\u00eda listo por que esto lo merece&#8230; el resumen es que eres esa revoluci\u00f3n que da vida.<\/div><div data-mh=\"-1\">\u00a0<\/div><div data-mh=\"-1\">Nos hemos llamado ya de muchas maneras, muchos motes, pero quiz\u00e1 los que te suelo decir por que si, de manera habitual son mis m\u00e1s importanes: Amor, Luv, Increible y Bichito.<\/div><div data-mh=\"-1\">\u00a0<\/div><div data-mh=\"-1\">Vale, no son nuestros mejores momentos, pero no ser\u00e1n los peores, estoy seguro, ni los \u00faltimos nunca; voy a luchar, voy a seguir luchando ahora y siempre por siempre tener mi huequecito contigo, de cualquier manera pero contigo, mi alma me hace querer cuidarte pase lo que pase, estar juntos.<\/div><div data-mh=\"-1\">\u00a0<\/div><div data-mh=\"-1\">Siempre habr\u00e1 dramas, a veces nos entenderemos y a veces no, pero que siempre quede claro que solo suele haberlos por que alguno de los dos quiera luchar con todo o por que no nos entendamos sin querer por la dificultad, pero hemos roto MIL barreras, que son unas cuantas m\u00e1s? Podemos con esto y con mucho m\u00e1s, juntos.<\/div><div data-mh=\"-1\">\u00a0<\/div><div data-mh=\"-1\">No es el post de la web m\u00e1s sentimental, rom\u00e1ntico o chinche pero desde luego es el m\u00e1s natural&#8230; solo necesito que sepas que todo gira en torno a ti y eso no va a cambiar, me llenas, tu, tus sonrisas, tus miraditas, tus risitas por videollamada, tu forma de ser aunque te pienses que me saca de quicio, tus distracciones en cualquier momento, tu manera de decir ciertas cosas, tu manera de seguir aun con las complicaciones que siempre hemos tenido.<\/div><div data-mh=\"-1\">\u00a0<\/div><div data-mh=\"-1\">Take care (of you), es mi base de todo&#8230; solo quiero que lo superes todo, aunque a veces me ponga nervioso o triste&#8230; quiz\u00e1 son tiempos raros por que hemos venido de una \u00e9poca rara y la distancia (aunque no se me hace dificil) engrandece los pensamientos tontos&#8230; pero tener un 5% de pensamientos tontos y el 95% del resto del d\u00eda pensar en las ganas que tengo de verte, de sentirte, de que sonr\u00edas y de que sigas volando&#8230; no lo quita nada ni nadie.<\/div><div data-mh=\"-1\">\u00a0<\/div><div data-mh=\"-1\">Me encantar\u00eda siempre sacarte el relax que a veces necesitas y se que a veces no lo hago, pero desde luego no es im intenci\u00f3n&#8230; me llena ser tu refugio, me llena que te sientas tan bien como para dormirte en 10 segundos en la cama, en el sof\u00e1 o donde sea por que est\u00e1s tranquila&#8230; me encanta las cosas que no nos decimos pero lo dicen los ojos&#8230;<\/div><div data-mh=\"-1\">\u00a0<\/div><div data-mh=\"-1\">Tu has dicho que &#8221;\u00faltimamente solo hablamos de estas mierdas&#8221;, pero creo, quiero y ser\u00e1 diferente, superaremos juntos y superare en individual todas las tonter\u00edas que vengan, por que tu sonrisa siga exactamente en su sitio y siga tan espectacular como siempre, aun con tus u\u00f1as estandar.<\/div><div data-mh=\"-1\">\u00a0<\/div><div data-mh=\"-1\">Sabes que bonitas son tus caras cuando pones caras horribles? Sabes cuando dices que quieres una gorra y te meneas el pelo a un lado como me derrito? Cuando pasas por detras de mi y simplemente me rozas la espalda? Cuando suena el tel\u00e9fono y se que eres tu? Que de sensaciones juntas y que BESTIALES, pero son por que eres T\u00da, la peque\u00f1a gran revoluci\u00f3n.<\/div><div data-mh=\"-1\">\u00a0<\/div><div data-mh=\"-1\">Eres incre\u00edble, inevitable, bestial, \u00fanica y sobre todo preciosa en todos los sentidos, me llenas infinito bichito. <strong>\u2764\ufe0f<\/strong><\/div>\t\t\t\t\t\t<\/div>\n\t\t\t\t<\/div>\n\t\t\t\t\t<\/div>\n\t\t<\/div>\n\t\t\t\t<div class=\"elementor-column elementor-col-33 elementor-top-column elementor-element elementor-element-5dd72bec\" data-id=\"5dd72bec\" data-element_type=\"column\">\n\t\t\t<div class=\"elementor-widget-wrap elementor-element-populated\">\n\t\t\t\t\t\t\t\t<div class=\"elementor-element elementor-element-833855b elementor-widget elementor-widget-image\" data-id=\"833855b\" data-element_type=\"widget\" data-widget_type=\"image.default\">\n\t\t\t\t<div class=\"elementor-widget-container\">\n\t\t\t<style>\/*! elementor - v3.7.1 - 14-08-2022 *\/\n.elementor-widget-image{text-align:center}.elementor-widget-image a{display:inline-block}.elementor-widget-image a img[src$=\".svg\"]{width:48px}.elementor-widget-image img{vertical-align:middle;display:inline-block}<\/style>\t\t\t\t\t\t\t\t\t\t\t\t<img loading=\"lazy\" decoding=\"async\" width=\"570\" height=\"672\" src=\"https:\/\/inevitablefueguito.xyz\/wp-content\/uploads\/2022\/08\/unknown_117783783_755524438596208_2698672675092478322_n-e1660938043356.jpg\" class=\"attachment-full size-full\" alt=\"\" srcset=\"https:\/\/inevitablefueguito.xyz\/wp-content\/uploads\/2022\/08\/unknown_117783783_755524438596208_2698672675092478322_n-e1660938043356.jpg 570w, https:\/\/inevitablefueguito.xyz\/wp-content\/uploads\/2022\/08\/unknown_117783783_755524438596208_2698672675092478322_n-e1660938043356-254x300.jpg 254w\" sizes=\"(max-width: 570px) 100vw, 570px\" \/>\t\t\t\t\t\t\t\t\t\t\t\t\t\t\t<\/div>\n\t\t\t\t<\/div>\n\t\t\t\t<div class=\"elementor-element elementor-element-6e5832fe elementor-widget elementor-widget-wp-widget-tag_cloud\" data-id=\"6e5832fe\" data-element_type=\"widget\" data-widget_type=\"wp-widget-tag_cloud.default\">\n\t\t\t\t<div class=\"elementor-widget-container\">\n\t\t\t<h5>Tags<\/h5><div class=\"tagcloud\"><a href=\"https:\/\/inevitablefueguito.xyz\/?tag=1win\" class=\"tag-cloud-link tag-link-88 tag-link-position-1\" style=\"font-size: 8pt;\" aria-label=\"1win (4 items)\">1win<span class=\"tag-link-count\"> (4)<\/span><\/a>\n<a href=\"https:\/\/inevitablefueguito.xyz\/?tag=1win-az\" class=\"tag-cloud-link tag-link-87 tag-link-position-2\" style=\"font-size: 8pt;\" aria-label=\"1win AZ (4 items)\">1win AZ<span class=\"tag-link-count\"> (4)<\/span><\/a>\n<a href=\"https:\/\/inevitablefueguito.xyz\/?tag=leovegas\" class=\"tag-cloud-link tag-link-70 tag-link-position-3\" style=\"font-size: 14.774193548387pt;\" aria-label=\"leovegas (9 items)\">leovegas<span class=\"tag-link-count\"> (9)<\/span><\/a>\n<a href=\"https:\/\/inevitablefueguito.xyz\/?tag=leovegas-fi\" class=\"tag-cloud-link tag-link-69 tag-link-position-4\" style=\"font-size: 9.8064516129032pt;\" aria-label=\"leovegas FI (5 items)\">leovegas FI<span class=\"tag-link-count\"> (5)<\/span><\/a>\n<a href=\"https:\/\/inevitablefueguito.xyz\/?tag=leovegas-ie\" class=\"tag-cloud-link tag-link-73 tag-link-position-5\" style=\"font-size: 8pt;\" aria-label=\"leovegas IE (4 items)\">leovegas IE<span class=\"tag-link-count\"> (4)<\/span><\/a>\n<a href=\"https:\/\/inevitablefueguito.xyz\/?tag=mostbet\" class=\"tag-cloud-link tag-link-75 tag-link-position-6\" style=\"font-size: 22pt;\" aria-label=\"mostbet (20 items)\">mostbet<span class=\"tag-link-count\"> (20)<\/span><\/a>\n<a href=\"https:\/\/inevitablefueguito.xyz\/?tag=mostbet-az\" class=\"tag-cloud-link tag-link-90 tag-link-position-7\" style=\"font-size: 8pt;\" aria-label=\"mostbet AZ (4 items)\">mostbet AZ<span class=\"tag-link-count\"> (4)<\/span><\/a>\n<a href=\"https:\/\/inevitablefueguito.xyz\/?tag=mostbet-in\" class=\"tag-cloud-link tag-link-74 tag-link-position-8\" style=\"font-size: 12.516129032258pt;\" aria-label=\"mostbet IN (7 items)\">mostbet IN<span class=\"tag-link-count\"> (7)<\/span><\/a>\n<a href=\"https:\/\/inevitablefueguito.xyz\/?tag=mostbet-tr\" class=\"tag-cloud-link tag-link-80 tag-link-position-9\" style=\"font-size: 8pt;\" aria-label=\"mostbet TR (4 items)\">mostbet TR<span class=\"tag-link-count\"> (4)<\/span><\/a>\n<a href=\"https:\/\/inevitablefueguito.xyz\/?tag=mostbet-uz\" class=\"tag-cloud-link tag-link-84 tag-link-position-10\" style=\"font-size: 9.8064516129032pt;\" aria-label=\"mostbet UZ (5 items)\">mostbet UZ<span class=\"tag-link-count\"> (5)<\/span><\/a>\n<a href=\"https:\/\/inevitablefueguito.xyz\/?tag=pinup\" class=\"tag-cloud-link tag-link-72 tag-link-position-11\" style=\"font-size: 8pt;\" aria-label=\"pinup (4 items)\">pinup<span class=\"tag-link-count\"> (4)<\/span><\/a>\n<a href=\"https:\/\/inevitablefueguito.xyz\/?tag=pinup-br\" class=\"tag-cloud-link tag-link-71 tag-link-position-12\" style=\"font-size: 8pt;\" aria-label=\"pinup BR (4 items)\">pinup BR<span class=\"tag-link-count\"> (4)<\/span><\/a>\n<a href=\"https:\/\/inevitablefueguito.xyz\/?tag=vulkan-vegas\" class=\"tag-cloud-link tag-link-77 tag-link-position-13\" style=\"font-size: 17.258064516129pt;\" aria-label=\"vulkan vegas (12 items)\">vulkan vegas<span class=\"tag-link-count\"> (12)<\/span><\/a>\n<a href=\"https:\/\/inevitablefueguito.xyz\/?tag=vulkan-vegas-de\" class=\"tag-cloud-link tag-link-93 tag-link-position-14\" style=\"font-size: 8pt;\" aria-label=\"vulkan vegas DE (4 items)\">vulkan vegas DE<span class=\"tag-link-count\"> (4)<\/span><\/a>\n<a href=\"https:\/\/inevitablefueguito.xyz\/?tag=vulkan-vegas-pl\" class=\"tag-cloud-link tag-link-76 tag-link-position-15\" style=\"font-size: 13.645161290323pt;\" aria-label=\"vulkan vegas PL (8 items)\">vulkan vegas PL<span class=\"tag-link-count\"> (8)<\/span><\/a><\/div>\n\t\t<\/div>\n\t\t\t\t<\/div>\n\t\t\t\t\t<\/div>\n\t\t<\/div>\n\t\t\t\t\t\t\t<\/div>\n\t\t<\/section>\n\t\t\t\t\t\t\t<\/div>\n\t\t","protected":false},"excerpt":{"rendered":"<p>19 de Agosto de 2022 Peque\u00f1a Gran Revoluci\u00f3n \u2764\ufe0f Que tu ferocidadMe deje huellaQue ahuyente mi maldadQue aleje bestiasQue ponga es su lugarPura inocenciaLa que hoy cubre tu cuerpoSin darte cuenta\u00a0Que hable sin pensarLas consecuenciasQue digas tu verdadAunque lluevan piedras\u00a0Que no pierdas esa feQue hoy es eternaY esa forma de no serConsciente de ella\u00a0Que tu [&hellip;]<\/p>\n","protected":false},"author":1,"featured_media":0,"parent":0,"menu_order":0,"comment_status":"closed","ping_status":"closed","template":"elementor_header_footer","meta":{"footnotes":""},"class_list":["post-345","page","type-page","status-publish","hentry"],"_links":{"self":[{"href":"https:\/\/inevitablefueguito.xyz\/index.php?rest_route=\/wp\/v2\/pages\/345"}],"collection":[{"href":"https:\/\/inevitablefueguito.xyz\/index.php?rest_route=\/wp\/v2\/pages"}],"about":[{"href":"https:\/\/inevitablefueguito.xyz\/index.php?rest_route=\/wp\/v2\/types\/page"}],"author":[{"embeddable":true,"href":"https:\/\/inevitablefueguito.xyz\/index.php?rest_route=\/wp\/v2\/users\/1"}],"replies":[{"embeddable":true,"href":"https:\/\/inevitablefueguito.xyz\/index.php?rest_route=%2Fwp%2Fv2%2Fcomments&post=345"}],"version-history":[{"count":9,"href":"https:\/\/inevitablefueguito.xyz\/index.php?rest_route=\/wp\/v2\/pages\/345\/revisions"}],"predecessor-version":[{"id":361,"href":"https:\/\/inevitablefueguito.xyz\/index.php?rest_route=\/wp\/v2\/pages\/345\/revisions\/361"}],"wp:attachment":[{"href":"https:\/\/inevitablefueguito.xyz\/index.php?rest_route=%2Fwp%2Fv2%2Fmedia&parent=345"}],"curies":[{"name":"wp","href":"https:\/\/api.w.org\/{rel}","templated":true}]}}