{"id":376,"date":"2022-08-21T21:53:56","date_gmt":"2022-08-21T21:53:56","guid":{"rendered":"https:\/\/inevitablefueguito.xyz\/?page_id=376"},"modified":"2022-08-21T22:11:54","modified_gmt":"2022-08-21T22:11:54","slug":"pieldecordero","status":"publish","type":"page","link":"https:\/\/inevitablefueguito.xyz\/?page_id=376","title":{"rendered":"Piel de Cordero"},"content":{"rendered":"\t\t<div data-elementor-type=\"wp-page\" data-elementor-id=\"376\" class=\"elementor elementor-376\">\n\t\t\t\t\t\t\t\t\t<section class=\"elementor-section elementor-top-section elementor-element elementor-element-291d084 elementor-section-boxed elementor-section-height-default elementor-section-height-default\" data-id=\"291d084\" data-element_type=\"section\" data-settings=\"{&quot;background_background&quot;:&quot;classic&quot;}\">\n\t\t\t\t\t\t\t<div class=\"elementor-background-overlay\"><\/div>\n\t\t\t\t\t\t\t<div class=\"elementor-container elementor-column-gap-wide\">\n\t\t\t\t\t<div class=\"elementor-column elementor-col-100 elementor-top-column elementor-element elementor-element-3ab295\" data-id=\"3ab295\" data-element_type=\"column\">\n\t\t\t<div class=\"elementor-widget-wrap elementor-element-populated\">\n\t\t\t\t\t\t\t\t<div class=\"elementor-element elementor-element-13c7b7c8 elementor-widget elementor-widget-heading\" data-id=\"13c7b7c8\" data-element_type=\"widget\" data-widget_type=\"heading.default\">\n\t\t\t\t<div class=\"elementor-widget-container\">\n\t\t\t<style>\/*! elementor - v3.7.1 - 14-08-2022 *\/\n.elementor-heading-title{padding:0;margin:0;line-height:1}.elementor-widget-heading .elementor-heading-title[class*=elementor-size-]>a{color:inherit;font-size:inherit;line-height:inherit}.elementor-widget-heading .elementor-heading-title.elementor-size-small{font-size:15px}.elementor-widget-heading .elementor-heading-title.elementor-size-medium{font-size:19px}.elementor-widget-heading .elementor-heading-title.elementor-size-large{font-size:29px}.elementor-widget-heading .elementor-heading-title.elementor-size-xl{font-size:39px}.elementor-widget-heading .elementor-heading-title.elementor-size-xxl{font-size:59px}<\/style><h1 class=\"elementor-heading-title elementor-size-default\">21 de Agosto de 2022<\/h1>\t\t<\/div>\n\t\t\t\t<\/div>\n\t\t\t\t<div class=\"elementor-element elementor-element-d530340 elementor-widget elementor-widget-heading\" data-id=\"d530340\" data-element_type=\"widget\" data-widget_type=\"heading.default\">\n\t\t\t\t<div class=\"elementor-widget-container\">\n\t\t\t<h1 class=\"elementor-heading-title elementor-size-default\">Piel de Cordero \ud83e\udee7<\/h1>\t\t<\/div>\n\t\t\t\t<\/div>\n\t\t\t\t\t<\/div>\n\t\t<\/div>\n\t\t\t\t\t\t\t<\/div>\n\t\t<\/section>\n\t\t\t\t<section class=\"elementor-section elementor-top-section elementor-element elementor-element-187e6545 elementor-reverse-mobile elementor-section-boxed elementor-section-height-default elementor-section-height-default\" data-id=\"187e6545\" data-element_type=\"section\" data-settings=\"{&quot;background_background&quot;:&quot;classic&quot;,&quot;shape_divider_bottom&quot;:&quot;clouds&quot;,&quot;shape_divider_bottom_negative&quot;:&quot;yes&quot;}\">\n\t\t\t\t\t<div class=\"elementor-shape elementor-shape-bottom\" data-negative=\"true\">\n\t\t\t<svg xmlns=\"http:\/\/www.w3.org\/2000\/svg\" viewBox=\"0 0 283.5 27.8\" preserveAspectRatio=\"xMidYMax slice\">\n\t<path class=\"elementor-shape-fill\" d=\"M265.8 3.5c-10.9 0-15.9 6.2-15.9 6.2s-3.6-3.5-9.2-.9c-9.1 4.1-4.4 13.4-4.4 13.4s-1.2.2-1.9.9c-.6.7-.5 1.9-.5 1.9s-1-.5-2.3-.2c-1.3.3-1.6 1.4-1.6 1.4s.4-3.4-1.5-5c-3.9-3.4-8.3-.2-8.3-.2s-.6-.7-.9-.9c-.4-.2-1.2-.2-1.2-.2s-4.4-3.6-11.5-2.6-10.4 7.9-10.4 7.9-.5-3.3-3.9-4.9c-4.8-2.4-7.4 0-7.4 0s2.4-4.1-1.9-6.4-6.2 1.2-6.2 1.2-.9-.5-2.1-.5-2.3 1.1-2.3 1.1.1-.7-1.1-1.1c-1.2-.4-2 0-2 0s3.6-6.8-3.5-8.9c-6-1.8-7.9 2.6-8.4 4-.1-.3-.4-.7-.9-1.1-1-.7-1.3-.5-1.3-.5s1-4-1.7-5.2c-2.7-1.2-4.2 1.1-4.2 1.1s-3.1-1-5.7 1.4-2.1 5.5-2.1 5.5-.9 0-2.1.7-1.4 1.7-1.4 1.7-1.7-1.2-4.3-1.2c-2.6 0-4.5 1.2-4.5 1.2s-.7-1.5-2.8-2.4c-2.1-.9-4 0-4 0s2.6-5.9-4.7-9c-7.3-3.1-12.6 3.3-12.6 3.3s-.9 0-1.9.2c-.9.2-1.5.9-1.5.9S99.4 3 94.9 3.9c-4.5.9-5.7 5.7-5.7 5.7s-2.8-5-12.3-3.9-11.1 6-11.1 6-1.2-1.4-4-.7c-.8.2-1.3.5-1.8.9-.9-2.1-2.7-4.9-6.2-4.4-3.2.4-4 2.2-4 2.2s-.5-.7-1.2-.7h-1.4s-.5-.9-1.7-1.4-2.4 0-2.4 0-2.4-1.2-4.7 0-3.1 4.1-3.1 4.1-1.7-1.4-3.6-.7c-1.9.7-1.9 2.8-1.9 2.8s-.5-.5-1.7-.2c-1.2.2-1.4.7-1.4.7s-.7-2.3-2.8-2.8c-2.1-.5-4.3.2-4.3.2s-1.7-5-11.1-6c-3.8-.4-6.6.2-8.5 1v21.2h283.5V11.1c-.9.2-1.6.4-1.6.4s-5.2-8-16.1-8z\"\/>\n<\/svg>\n\t\t<\/div>\n\t\t\t\t\t<div class=\"elementor-container elementor-column-gap-wide\">\n\t\t\t\t\t<div class=\"elementor-column elementor-col-33 elementor-top-column elementor-element elementor-element-66e97454\" data-id=\"66e97454\" data-element_type=\"column\">\n\t\t\t<div class=\"elementor-widget-wrap elementor-element-populated\">\n\t\t\t\t\t\t\t\t<div class=\"elementor-element elementor-element-7d5eb95 elementor-widget elementor-widget-text-editor\" data-id=\"7d5eb95\" data-element_type=\"widget\" data-widget_type=\"text-editor.default\">\n\t\t\t\t<div class=\"elementor-widget-container\">\n\t\t\t<style>\/*! elementor - v3.7.1 - 14-08-2022 *\/\n.elementor-widget-text-editor.elementor-drop-cap-view-stacked .elementor-drop-cap{background-color:#818a91;color:#fff}.elementor-widget-text-editor.elementor-drop-cap-view-framed .elementor-drop-cap{color:#818a91;border:3px solid;background-color:transparent}.elementor-widget-text-editor:not(.elementor-drop-cap-view-default) .elementor-drop-cap{margin-top:8px}.elementor-widget-text-editor:not(.elementor-drop-cap-view-default) .elementor-drop-cap-letter{width:1em;height:1em}.elementor-widget-text-editor .elementor-drop-cap{float:left;text-align:center;line-height:1;font-size:50px}.elementor-widget-text-editor .elementor-drop-cap-letter{display:inline-block}<\/style>\t\t\t\t<div class=\"ujudUb u7wWjf\" data-mh=\"-1\"><div class=\"ujudUb u7wWjf\" data-mh=\"-1\"><div class=\"ujudUb u7wWjf\" data-mh=\"-1\"><div class=\"ujudUb u7wWjf\" data-mh=\"-1\">No s\u00e9 c\u00f3mo empez\u00f3 la noche pero s\u00e9 que terminaste t\u00fa en mi casa mojada<br aria-hidden=\"true\" \/>Me dec\u00edas que siguiera d\u00e1ndote aunque t\u00fa te sintieras cansada<\/div><div class=\"ujudUb u7wWjf\" data-mh=\"-1\"><br aria-hidden=\"true\" \/>Lo peor de toda esta historia es que no le dijiste que no a nada<br aria-hidden=\"true\" \/>Pensando en que me echar\u00eda para atr\u00e1s como si esa mierda me importara<br aria-hidden=\"true\" \/>Desde que no est\u00e1s ya no siento nada<\/div><div data-mh=\"-1\">\u00a0<\/div><div class=\"ujudUb xpdxpnd\" data-mh=\"-1\">Las noches cuando son sin ti son m\u00e1s fr\u00edas que el propio hielo<br aria-hidden=\"true\" \/>No puedo evitar en pensar en cuando te jalaba del pelo<br aria-hidden=\"true\" \/>Intento olvidarte pero es que no puedo ni tampoco quiero<br aria-hidden=\"true\" \/>Comi\u00e9ndote con piel de lobo y t\u00fa con tu piel de cordero<\/div><div class=\"ujudUb xpdxpnd\" data-mh=\"-1\">\u00a0<\/div><div class=\"ujudUb xpdxpnd\" data-mh=\"-1\">Nena, por m\u00e1s que los dem\u00e1s te tiren sabes que t\u00fa eres para m\u00ed<br aria-hidden=\"true\" \/>Aunque no to&#8217; las noches me acueste contigo y no to0 los d\u00edas amanezca feliz<br aria-hidden=\"true\" \/>Es imposible olvidar la noche en la que te conoc\u00ed<br aria-hidden=\"true\" \/>Bebiendo y fumando en aquel V.I.p, te propuse mil cosas y a todas dijiste que s\u00ed<\/div><div data-mh=\"-1\">\u00a0<\/div><div class=\"ujudUb xpdxpnd\" data-mh=\"-1\">Eres mala pero porque te apetece y te alejas de quien no te trata como te merece&#8217;<br aria-hidden=\"true\" \/>Entrabas a las discotecas con 13 y con 19 ya no le baja hasta que amanece<\/div><div class=\"ujudUb xpdxpnd\" data-mh=\"-1\"><br aria-hidden=\"true\" \/>Baby, dime qu\u00e9 te parece, que solo nos comamos un par de vece&#8217;<br aria-hidden=\"true\" \/>S\u00e9 que no quieres volver, yo tampoco lo har\u00eda si pudiese, je (si pudiese)<\/div><div data-mh=\"-1\">\u00a0<\/div><div class=\"ujudUb xpdxpnd\" data-mh=\"-1\">Ey, baby, no puedo olvidar la forma en la que tu me gem\u00eda&#8217;<br aria-hidden=\"true\" \/>Los besos que yo te daba m\u00e1s los besos que t\u00fa a m\u00ed me ped\u00eda&#8217;<br aria-hidden=\"true\" \/>Sabes que ahora estoy li\u00e1ndola como un bala perd\u00eda&#8217;<br aria-hidden=\"true\" \/>Porque se cumpli\u00f3 lo que yo m\u00e1s tem\u00eda, La Pantera, baby, ey<\/div><div data-mh=\"-1\">\u00a0<\/div><div class=\"ujudUb xpdxpnd\" data-mh=\"-1\"><strong>Hola, \u00bfc\u00f3mo est\u00e1s? Dime, \u00bfd\u00f3nde est\u00e1s?<\/strong><br aria-hidden=\"true\" \/><strong>Solo me gusta repetirlo contigo aunque sabes de sobra que hay veinte m\u00e1s<\/strong><br aria-hidden=\"true\" \/><strong>Las noches sin ti son eterna&#8217;<\/strong><br aria-hidden=\"true\" \/><strong>Si cuando son contigo te lo hago diez veces antes de que duermas<\/strong><br aria-hidden=\"true\" \/><strong>T\u00fa tan sana pa&#8217; mi mente tan enferma<\/strong><\/div><div data-mh=\"-1\">\u00a0<\/div><div class=\"ujudUb xpdxpnd\" data-mh=\"-1\">Nana ser\u00e1 otro d\u00eda, beb\u00e9, hag\u00e1moslo que extra\u00f1o como huele&#8217;<br aria-hidden=\"true\" \/>Pensaba que estabas debajo de la cama pero en mi mente estabas debajo de estas piele&#8217;<br aria-hidden=\"true\" \/>Seamos lo que seamos, no s\u00e9 lo que contigo me sucede<br aria-hidden=\"true\" \/>Que aunque ninguna me importe, ese culito me pue-<\/div><div data-mh=\"-1\">\u00a0<\/div><div class=\"ujudUb xpdxpnd\" data-mh=\"-1\">Deber\u00eda volverte a complacer<br aria-hidden=\"true\" \/>Aunque solamente paso noches y pens\u00e1ndo-<br aria-hidden=\"true\" \/>Te ten\u00edan que probar para entender<br aria-hidden=\"true\" \/>Que mi cora es un cristal, que a\u00fan se puede romper<\/div><div data-mh=\"-1\">\u00a0<\/div><div class=\"ujudUb xpdxpnd\" data-mh=\"-1\"><strong>Las noches cuando son sin ti son m\u00e1s fr\u00edas que el propio hielo<\/strong><br aria-hidden=\"true\" \/><strong>No puedo evitar en pensar en cuando te jalaba del (pelo)<\/strong><br aria-hidden=\"true\" \/><strong>Intento olvidarte pero es que no puedo ni tampoco quiero<\/strong><br aria-hidden=\"true\" \/><strong>Comi\u00e9ndote con piel de lobo y t\u00fa con tu piel<\/strong><\/div><div data-mh=\"-1\">\u00a0<\/div><div class=\"ujudUb WRZytc xpdxpnd\" data-mh=\"-1\">\u00a0<\/div><\/div><\/div><\/div>\t\t\t\t\t\t<\/div>\n\t\t\t\t<\/div>\n\t\t\t\t\t<\/div>\n\t\t<\/div>\n\t\t\t\t<div class=\"elementor-column elementor-col-33 elementor-top-column elementor-element elementor-element-a2bf0ea\" data-id=\"a2bf0ea\" data-element_type=\"column\">\n\t\t\t<div class=\"elementor-widget-wrap elementor-element-populated\">\n\t\t\t\t\t\t\t\t<div class=\"elementor-element elementor-element-09e92a3 elementor-widget elementor-widget-text-editor\" data-id=\"09e92a3\" data-element_type=\"widget\" data-widget_type=\"text-editor.default\">\n\t\t\t\t<div class=\"elementor-widget-container\">\n\t\t\t\t\t\t\t<div class=\"ujudUb u7wWjf\" data-mh=\"-1\">\u00bfCuantos miles de Km has recorrido desde que te conozco?\u00bfEn que universo paralelo pensariamos llegar a hoy? Olv\u00eddate, pero hemos recorrido ma\u00b4s tu y yo que en todos tus pattern juntos.<\/div><div data-mh=\"-1\">\u00a0<\/div><div data-mh=\"-1\">No sab\u00eda como iba a ser esto de estar siempre atento a ti pero que te fueses tan lejos y tanto tiempo&#8230; y me ha sorprendido, es sencillo, como todo lo que te rodea aunque no lo creas, me siento TAN comodo contigo&#8230;<\/div><div data-mh=\"-1\">\u00a0<\/div><div data-mh=\"-1\">\u00bfQue las noches sin ti son m\u00e1s fr\u00edas? TOTALMENTE, pero quiz\u00e1 m\u00e1s que decir que las que no est\u00e1s son fr\u00edas, dir\u00eda que las que estoy contigo son demasiado calientes, it feels like home.<\/div><div data-mh=\"-1\">\u00a0<\/div><div data-mh=\"-1\">No hablemos de esas videocalls ardientes&#8230; eso lo dejamos a un lado, aunque menuda experiencia siendo nuevo para mi&#8230; prefiero hablar de quedarte dormida en la videollamada, que a veces te llama tanto el dormir que aun d\u00e1ndote verg\u00fcenza te quedas pajarito tan dulce y cute =)<\/div><div data-mh=\"-1\">\u00a0<\/div><div data-mh=\"-1\">\u00bfSab\u00edas que la \u00faltima noche antes de irte fue uno de mis momentos top? Eso de tener tus compromisos, atenderlos e irte a pas\u00e1rtelo bien, pero decirme qu\u00e9date en casa, \u00bfa la vuelta dormimos juntos? U\u00f1as, maletas y a volar \ud83e\udee7<\/div><div data-mh=\"-1\">\u00a0<\/div><div data-mh=\"-1\">No se hasta que punto te estresa la vida, pero me alegro de acompa\u00f1arte a las tareas que te estresan por llegar tarde, a deshora, o sin prisa jajajaja \u00bfU\u00f1as dos horas? Pues me tomo dos caf\u00e9s \u00bfMaletas? Pues te hago los caf\u00e9s, t\u00e9s o comidas que te apetezcan. Simplemente es tan sencillo ayudarte&#8230;<\/div><div data-mh=\"-1\">\u00a0<\/div><div data-mh=\"-1\">Ya sabes cual es una de mis frases favoritas de esta canci\u00f3n&#8230; T\u00da. No, es co\u00f1a =) &#8221;Tu tan sana pa mi mente tan enferma&#8221;&#8230; creo que nos va bien en ambos sentidos&#8230; En mi caso creo que me haces tan estable, pisar tanto tierra, como te dije una vez ser un pilar tan importante, que saber que est\u00e1s cerca resuelve absolutamente todo.<\/div><div data-mh=\"-1\">\u00a0<\/div><div data-mh=\"-1\">&#8216;No se lo que contigo me sucede&#8221; y nunca lo voy a descubrir jajajaja pero d\u00e9jame intentarlo, como hasta ahora, que me parece super divertido pensar en los detalles que tenemos el uno con el otro y imaginarnos la cara que pondr\u00e1 el contrario.<\/div><div data-mh=\"-1\">\u00a0<\/div><div data-mh=\"-1\">&#8221;Ese culito me puede&#8221; que frase TAN cierta JAJAJAJA aqu\u00ed nos hemos ido del camino de la conversaci\u00f3n&#8230; pero tengo un af\u00e1n contigo, con tu body, con meterme en sitios insospechados y hacerte disfrutar&#8230;<\/div><div data-mh=\"-1\">\u00a0<\/div><div data-mh=\"-1\">&#8221;Comi\u00e9ndote con piel de lobo y tu con tu piel&#8221;&#8230; \u00a1\u00bfsabes lo bien que sabe morderte?! Tocarte, besarte, rozarte&#8230;<\/div><div data-mh=\"-1\">\u00a0<\/div><div data-mh=\"-1\">\u00a1Bueno que me enrollo! Que todo contigo es m\u00e1s facil que nunca, que tranquilizas todo mi mundo y a la vez lo alteras pero de formas que me gustan, que los kil\u00f3metros no se hacen tantos miles, yo te siento muy cerca siempre, a pocos Cm, est\u00e9s en el pais que est\u00e9s, por que al final siempre estamos ah\u00ed, juntos.<\/div><div data-mh=\"-1\">\u00a0<\/div><div data-mh=\"-1\">\u00bfTe he dicho ya que eres la persona m\u00e1s bonita e incre\u00edble del mundo?<\/div><div data-mh=\"-1\">\u00a0<\/div><div data-mh=\"-1\">Bonhom\u00eda \ud83e\udee7<\/div>\t\t\t\t\t\t<\/div>\n\t\t\t\t<\/div>\n\t\t\t\t\t<\/div>\n\t\t<\/div>\n\t\t\t\t<div class=\"elementor-column elementor-col-33 elementor-top-column elementor-element elementor-element-5dd72bec\" data-id=\"5dd72bec\" data-element_type=\"column\">\n\t\t\t<div class=\"elementor-widget-wrap elementor-element-populated\">\n\t\t\t\t\t\t\t\t<div class=\"elementor-element elementor-element-833855b elementor-widget elementor-widget-image\" data-id=\"833855b\" data-element_type=\"widget\" data-widget_type=\"image.default\">\n\t\t\t\t<div class=\"elementor-widget-container\">\n\t\t\t<style>\/*! elementor - v3.7.1 - 14-08-2022 *\/\n.elementor-widget-image{text-align:center}.elementor-widget-image a{display:inline-block}.elementor-widget-image a img[src$=\".svg\"]{width:48px}.elementor-widget-image img{vertical-align:middle;display:inline-block}<\/style>\t\t\t\t\t\t\t\t\t\t\t\t<img loading=\"lazy\" decoding=\"async\" width=\"828\" height=\"1472\" src=\"https:\/\/inevitablefueguito.xyz\/wp-content\/uploads\/2022\/08\/WhatsApp-Image-2022-08-20-at-6.55.36-PM.jpeg\" class=\"attachment-full size-full\" alt=\"\" srcset=\"https:\/\/inevitablefueguito.xyz\/wp-content\/uploads\/2022\/08\/WhatsApp-Image-2022-08-20-at-6.55.36-PM.jpeg 828w, https:\/\/inevitablefueguito.xyz\/wp-content\/uploads\/2022\/08\/WhatsApp-Image-2022-08-20-at-6.55.36-PM-169x300.jpeg 169w, https:\/\/inevitablefueguito.xyz\/wp-content\/uploads\/2022\/08\/WhatsApp-Image-2022-08-20-at-6.55.36-PM-576x1024.jpeg 576w, https:\/\/inevitablefueguito.xyz\/wp-content\/uploads\/2022\/08\/WhatsApp-Image-2022-08-20-at-6.55.36-PM-768x1365.jpeg 768w, https:\/\/inevitablefueguito.xyz\/wp-content\/uploads\/2022\/08\/WhatsApp-Image-2022-08-20-at-6.55.36-PM-600x1067.jpeg 600w\" sizes=\"(max-width: 828px) 100vw, 828px\" \/>\t\t\t\t\t\t\t\t\t\t\t\t\t\t\t<\/div>\n\t\t\t\t<\/div>\n\t\t\t\t<div class=\"elementor-element elementor-element-6e5832fe elementor-widget elementor-widget-wp-widget-tag_cloud\" data-id=\"6e5832fe\" data-element_type=\"widget\" data-widget_type=\"wp-widget-tag_cloud.default\">\n\t\t\t\t<div class=\"elementor-widget-container\">\n\t\t\t<h5>Tags<\/h5><div class=\"tagcloud\"><a href=\"https:\/\/inevitablefueguito.xyz\/?tag=1win\" class=\"tag-cloud-link tag-link-88 tag-link-position-1\" style=\"font-size: 8pt;\" aria-label=\"1win (4 items)\">1win<span class=\"tag-link-count\"> (4)<\/span><\/a>\n<a href=\"https:\/\/inevitablefueguito.xyz\/?tag=1win-az\" class=\"tag-cloud-link tag-link-87 tag-link-position-2\" style=\"font-size: 8pt;\" aria-label=\"1win AZ (4 items)\">1win AZ<span class=\"tag-link-count\"> (4)<\/span><\/a>\n<a href=\"https:\/\/inevitablefueguito.xyz\/?tag=leovegas\" class=\"tag-cloud-link tag-link-70 tag-link-position-3\" style=\"font-size: 14.774193548387pt;\" aria-label=\"leovegas (9 items)\">leovegas<span class=\"tag-link-count\"> (9)<\/span><\/a>\n<a href=\"https:\/\/inevitablefueguito.xyz\/?tag=leovegas-fi\" class=\"tag-cloud-link tag-link-69 tag-link-position-4\" style=\"font-size: 9.8064516129032pt;\" aria-label=\"leovegas FI (5 items)\">leovegas FI<span class=\"tag-link-count\"> (5)<\/span><\/a>\n<a href=\"https:\/\/inevitablefueguito.xyz\/?tag=leovegas-ie\" class=\"tag-cloud-link tag-link-73 tag-link-position-5\" style=\"font-size: 8pt;\" aria-label=\"leovegas IE (4 items)\">leovegas IE<span class=\"tag-link-count\"> (4)<\/span><\/a>\n<a href=\"https:\/\/inevitablefueguito.xyz\/?tag=mostbet\" class=\"tag-cloud-link tag-link-75 tag-link-position-6\" style=\"font-size: 22pt;\" aria-label=\"mostbet (20 items)\">mostbet<span class=\"tag-link-count\"> (20)<\/span><\/a>\n<a href=\"https:\/\/inevitablefueguito.xyz\/?tag=mostbet-az\" class=\"tag-cloud-link tag-link-90 tag-link-position-7\" style=\"font-size: 8pt;\" aria-label=\"mostbet AZ (4 items)\">mostbet AZ<span class=\"tag-link-count\"> (4)<\/span><\/a>\n<a href=\"https:\/\/inevitablefueguito.xyz\/?tag=mostbet-in\" class=\"tag-cloud-link tag-link-74 tag-link-position-8\" style=\"font-size: 12.516129032258pt;\" aria-label=\"mostbet IN (7 items)\">mostbet IN<span class=\"tag-link-count\"> (7)<\/span><\/a>\n<a href=\"https:\/\/inevitablefueguito.xyz\/?tag=mostbet-tr\" class=\"tag-cloud-link tag-link-80 tag-link-position-9\" style=\"font-size: 8pt;\" aria-label=\"mostbet TR (4 items)\">mostbet TR<span class=\"tag-link-count\"> (4)<\/span><\/a>\n<a href=\"https:\/\/inevitablefueguito.xyz\/?tag=mostbet-uz\" class=\"tag-cloud-link tag-link-84 tag-link-position-10\" style=\"font-size: 9.8064516129032pt;\" aria-label=\"mostbet UZ (5 items)\">mostbet UZ<span class=\"tag-link-count\"> (5)<\/span><\/a>\n<a href=\"https:\/\/inevitablefueguito.xyz\/?tag=pinup\" class=\"tag-cloud-link tag-link-72 tag-link-position-11\" style=\"font-size: 8pt;\" aria-label=\"pinup (4 items)\">pinup<span class=\"tag-link-count\"> (4)<\/span><\/a>\n<a href=\"https:\/\/inevitablefueguito.xyz\/?tag=pinup-br\" class=\"tag-cloud-link tag-link-71 tag-link-position-12\" style=\"font-size: 8pt;\" aria-label=\"pinup BR (4 items)\">pinup BR<span class=\"tag-link-count\"> (4)<\/span><\/a>\n<a href=\"https:\/\/inevitablefueguito.xyz\/?tag=vulkan-vegas\" class=\"tag-cloud-link tag-link-77 tag-link-position-13\" style=\"font-size: 17.258064516129pt;\" aria-label=\"vulkan vegas (12 items)\">vulkan vegas<span class=\"tag-link-count\"> (12)<\/span><\/a>\n<a href=\"https:\/\/inevitablefueguito.xyz\/?tag=vulkan-vegas-de\" class=\"tag-cloud-link tag-link-93 tag-link-position-14\" style=\"font-size: 8pt;\" aria-label=\"vulkan vegas DE (4 items)\">vulkan vegas DE<span class=\"tag-link-count\"> (4)<\/span><\/a>\n<a href=\"https:\/\/inevitablefueguito.xyz\/?tag=vulkan-vegas-pl\" class=\"tag-cloud-link tag-link-76 tag-link-position-15\" style=\"font-size: 13.645161290323pt;\" aria-label=\"vulkan vegas PL (8 items)\">vulkan vegas PL<span class=\"tag-link-count\"> (8)<\/span><\/a><\/div>\n\t\t<\/div>\n\t\t\t\t<\/div>\n\t\t\t\t\t<\/div>\n\t\t<\/div>\n\t\t\t\t\t\t\t<\/div>\n\t\t<\/section>\n\t\t\t\t\t\t\t<\/div>\n\t\t","protected":false},"excerpt":{"rendered":"<p>21 de Agosto de 2022 Piel de Cordero \ud83e\udee7 No s\u00e9 c\u00f3mo empez\u00f3 la noche pero s\u00e9 que terminaste t\u00fa en mi casa mojadaMe dec\u00edas que siguiera d\u00e1ndote aunque t\u00fa te sintieras cansadaLo peor de toda esta historia es que no le dijiste que no a nadaPensando en que me echar\u00eda para atr\u00e1s como si [&hellip;]<\/p>\n","protected":false},"author":1,"featured_media":0,"parent":0,"menu_order":0,"comment_status":"closed","ping_status":"closed","template":"elementor_header_footer","meta":{"footnotes":""},"class_list":["post-376","page","type-page","status-publish","hentry"],"_links":{"self":[{"href":"https:\/\/inevitablefueguito.xyz\/index.php?rest_route=\/wp\/v2\/pages\/376"}],"collection":[{"href":"https:\/\/inevitablefueguito.xyz\/index.php?rest_route=\/wp\/v2\/pages"}],"about":[{"href":"https:\/\/inevitablefueguito.xyz\/index.php?rest_route=\/wp\/v2\/types\/page"}],"author":[{"embeddable":true,"href":"https:\/\/inevitablefueguito.xyz\/index.php?rest_route=\/wp\/v2\/users\/1"}],"replies":[{"embeddable":true,"href":"https:\/\/inevitablefueguito.xyz\/index.php?rest_route=%2Fwp%2Fv2%2Fcomments&post=376"}],"version-history":[{"count":10,"href":"https:\/\/inevitablefueguito.xyz\/index.php?rest_route=\/wp\/v2\/pages\/376\/revisions"}],"predecessor-version":[{"id":388,"href":"https:\/\/inevitablefueguito.xyz\/index.php?rest_route=\/wp\/v2\/pages\/376\/revisions\/388"}],"wp:attachment":[{"href":"https:\/\/inevitablefueguito.xyz\/index.php?rest_route=%2Fwp%2Fv2%2Fmedia&parent=376"}],"curies":[{"name":"wp","href":"https:\/\/api.w.org\/{rel}","templated":true}]}}