{"id":392,"date":"2022-08-22T23:16:45","date_gmt":"2022-08-22T23:16:45","guid":{"rendered":"https:\/\/inevitablefueguito.xyz\/?page_id=392"},"modified":"2022-08-22T23:41:32","modified_gmt":"2022-08-22T23:41:32","slug":"como-si-no-importara","status":"publish","type":"page","link":"https:\/\/inevitablefueguito.xyz\/?page_id=392","title":{"rendered":"Como si no importara"},"content":{"rendered":"\t\t<div data-elementor-type=\"wp-page\" data-elementor-id=\"392\" class=\"elementor elementor-392\">\n\t\t\t\t\t\t\t\t\t<section class=\"elementor-section elementor-top-section elementor-element elementor-element-291d084 elementor-section-boxed elementor-section-height-default elementor-section-height-default\" data-id=\"291d084\" data-element_type=\"section\" data-settings=\"{&quot;background_background&quot;:&quot;classic&quot;}\">\n\t\t\t\t\t\t\t<div class=\"elementor-background-overlay\"><\/div>\n\t\t\t\t\t\t\t<div class=\"elementor-container elementor-column-gap-wide\">\n\t\t\t\t\t<div class=\"elementor-column elementor-col-100 elementor-top-column elementor-element elementor-element-3ab295\" data-id=\"3ab295\" data-element_type=\"column\">\n\t\t\t<div class=\"elementor-widget-wrap elementor-element-populated\">\n\t\t\t\t\t\t\t\t<div class=\"elementor-element elementor-element-13c7b7c8 elementor-widget elementor-widget-heading\" data-id=\"13c7b7c8\" data-element_type=\"widget\" data-widget_type=\"heading.default\">\n\t\t\t\t<div class=\"elementor-widget-container\">\n\t\t\t<style>\/*! elementor - v3.7.1 - 14-08-2022 *\/\n.elementor-heading-title{padding:0;margin:0;line-height:1}.elementor-widget-heading .elementor-heading-title[class*=elementor-size-]>a{color:inherit;font-size:inherit;line-height:inherit}.elementor-widget-heading .elementor-heading-title.elementor-size-small{font-size:15px}.elementor-widget-heading .elementor-heading-title.elementor-size-medium{font-size:19px}.elementor-widget-heading .elementor-heading-title.elementor-size-large{font-size:29px}.elementor-widget-heading .elementor-heading-title.elementor-size-xl{font-size:39px}.elementor-widget-heading .elementor-heading-title.elementor-size-xxl{font-size:59px}<\/style><h1 class=\"elementor-heading-title elementor-size-default\">22 de Agosto de 2022<\/h1>\t\t<\/div>\n\t\t\t\t<\/div>\n\t\t\t\t<div class=\"elementor-element elementor-element-d530340 elementor-widget elementor-widget-heading\" data-id=\"d530340\" data-element_type=\"widget\" data-widget_type=\"heading.default\">\n\t\t\t\t<div class=\"elementor-widget-container\">\n\t\t\t<h1 class=\"elementor-heading-title elementor-size-default\">Como si no importara \ud83d\ude09<\/h1>\t\t<\/div>\n\t\t\t\t<\/div>\n\t\t\t\t\t<\/div>\n\t\t<\/div>\n\t\t\t\t\t\t\t<\/div>\n\t\t<\/section>\n\t\t\t\t<section class=\"elementor-section elementor-top-section elementor-element elementor-element-187e6545 elementor-reverse-mobile elementor-section-boxed elementor-section-height-default elementor-section-height-default\" data-id=\"187e6545\" data-element_type=\"section\" data-settings=\"{&quot;background_background&quot;:&quot;classic&quot;,&quot;shape_divider_bottom&quot;:&quot;clouds&quot;,&quot;shape_divider_bottom_negative&quot;:&quot;yes&quot;}\">\n\t\t\t\t\t<div class=\"elementor-shape elementor-shape-bottom\" data-negative=\"true\">\n\t\t\t<svg xmlns=\"http:\/\/www.w3.org\/2000\/svg\" viewBox=\"0 0 283.5 27.8\" preserveAspectRatio=\"xMidYMax slice\">\n\t<path class=\"elementor-shape-fill\" d=\"M265.8 3.5c-10.9 0-15.9 6.2-15.9 6.2s-3.6-3.5-9.2-.9c-9.1 4.1-4.4 13.4-4.4 13.4s-1.2.2-1.9.9c-.6.7-.5 1.9-.5 1.9s-1-.5-2.3-.2c-1.3.3-1.6 1.4-1.6 1.4s.4-3.4-1.5-5c-3.9-3.4-8.3-.2-8.3-.2s-.6-.7-.9-.9c-.4-.2-1.2-.2-1.2-.2s-4.4-3.6-11.5-2.6-10.4 7.9-10.4 7.9-.5-3.3-3.9-4.9c-4.8-2.4-7.4 0-7.4 0s2.4-4.1-1.9-6.4-6.2 1.2-6.2 1.2-.9-.5-2.1-.5-2.3 1.1-2.3 1.1.1-.7-1.1-1.1c-1.2-.4-2 0-2 0s3.6-6.8-3.5-8.9c-6-1.8-7.9 2.6-8.4 4-.1-.3-.4-.7-.9-1.1-1-.7-1.3-.5-1.3-.5s1-4-1.7-5.2c-2.7-1.2-4.2 1.1-4.2 1.1s-3.1-1-5.7 1.4-2.1 5.5-2.1 5.5-.9 0-2.1.7-1.4 1.7-1.4 1.7-1.7-1.2-4.3-1.2c-2.6 0-4.5 1.2-4.5 1.2s-.7-1.5-2.8-2.4c-2.1-.9-4 0-4 0s2.6-5.9-4.7-9c-7.3-3.1-12.6 3.3-12.6 3.3s-.9 0-1.9.2c-.9.2-1.5.9-1.5.9S99.4 3 94.9 3.9c-4.5.9-5.7 5.7-5.7 5.7s-2.8-5-12.3-3.9-11.1 6-11.1 6-1.2-1.4-4-.7c-.8.2-1.3.5-1.8.9-.9-2.1-2.7-4.9-6.2-4.4-3.2.4-4 2.2-4 2.2s-.5-.7-1.2-.7h-1.4s-.5-.9-1.7-1.4-2.4 0-2.4 0-2.4-1.2-4.7 0-3.1 4.1-3.1 4.1-1.7-1.4-3.6-.7c-1.9.7-1.9 2.8-1.9 2.8s-.5-.5-1.7-.2c-1.2.2-1.4.7-1.4.7s-.7-2.3-2.8-2.8c-2.1-.5-4.3.2-4.3.2s-1.7-5-11.1-6c-3.8-.4-6.6.2-8.5 1v21.2h283.5V11.1c-.9.2-1.6.4-1.6.4s-5.2-8-16.1-8z\"\/>\n<\/svg>\n\t\t<\/div>\n\t\t\t\t\t<div class=\"elementor-container elementor-column-gap-wide\">\n\t\t\t\t\t<div class=\"elementor-column elementor-col-33 elementor-top-column elementor-element elementor-element-66e97454\" data-id=\"66e97454\" data-element_type=\"column\">\n\t\t\t<div class=\"elementor-widget-wrap elementor-element-populated\">\n\t\t\t\t\t\t\t\t<div class=\"elementor-element elementor-element-7d5eb95 elementor-widget elementor-widget-text-editor\" data-id=\"7d5eb95\" data-element_type=\"widget\" data-widget_type=\"text-editor.default\">\n\t\t\t\t<div class=\"elementor-widget-container\">\n\t\t\t<style>\/*! elementor - v3.7.1 - 14-08-2022 *\/\n.elementor-widget-text-editor.elementor-drop-cap-view-stacked .elementor-drop-cap{background-color:#818a91;color:#fff}.elementor-widget-text-editor.elementor-drop-cap-view-framed .elementor-drop-cap{color:#818a91;border:3px solid;background-color:transparent}.elementor-widget-text-editor:not(.elementor-drop-cap-view-default) .elementor-drop-cap{margin-top:8px}.elementor-widget-text-editor:not(.elementor-drop-cap-view-default) .elementor-drop-cap-letter{width:1em;height:1em}.elementor-widget-text-editor .elementor-drop-cap{float:left;text-align:center;line-height:1;font-size:50px}.elementor-widget-text-editor .elementor-drop-cap-letter{display:inline-block}<\/style>\t\t\t\t<div class=\"ujudUb u7wWjf\" data-mh=\"-1\"><div class=\"ujudUb u7wWjf\" data-mh=\"-1\"><div class=\"ujudUb u7wWjf\" data-mh=\"-1\"><div class=\"ujudUb xpdxpnd\" data-mh=\"-1\">\u00bfQu\u00e9 no&#8217; va a importar?<br aria-hidden=\"true\" \/>Si somos t\u00fa y yo, que se jodan los dem\u00e1s<br aria-hidden=\"true\" \/>Estamo&#8217; a sola&#8217; en la habitaci\u00f3n (ey)<\/div><div data-mh=\"-1\">\u00a0<\/div><div class=\"ujudUb xpdxpnd\" data-mh=\"-1\">Lo hacemo&#8217;, son Cincuenta Sombra&#8217; &#8216;e Grey (ey)<br aria-hidden=\"true\" \/>Nos maquillamo&#8217;, no no&#8217; ve la ley<br aria-hidden=\"true\" \/>Yo creo en ti como lo dijo Reik<br aria-hidden=\"true\" \/>Okey, \u00bft\u00fa cree&#8217; en m\u00ed?<\/div><div data-mh=\"-1\">\u00a0<\/div><div class=\"ujudUb xpdxpnd\" data-mh=\"-1\">Vamo&#8217; a hacerlo como si no importara<br aria-hidden=\"true\" \/>Como, como si el mundo se acabara<br aria-hidden=\"true\" \/>En secreto, mami, a puerta cerrada<br aria-hidden=\"true\" \/>Solo se ve el humo por la ventana<\/div><div data-mh=\"-1\">\u00a0<\/div><div class=\"ujudUb xpdxpnd\" data-mh=\"-1\">A ver, si t\u00fa controla&#8217; el tiempo entonce&#8217; v\u0435ndo mi reloj<br aria-hidden=\"true\" \/>Y si t\u00fa controla&#8217; el clima quiero qu\u0435 no salga el sol<br aria-hidden=\"true\" \/>Pa&#8217; que no&#8217; quedemo&#8217; junto&#8217; encerrado&#8217; en mi habitaci\u00f3n, eh<br aria-hidden=\"true\" \/>Porque afuera est\u00e1 lloviendo<\/div><div data-mh=\"-1\">\u00a0<\/div><div class=\"ujudUb xpdxpnd\" data-mh=\"-1\">Otra ve&#8217;, otra ve&#8217; te bes\u00e9, otra ve&#8217;<br aria-hidden=\"true\" \/>Porque afuera est\u00e1 lloviendo<br aria-hidden=\"true\" \/>Otra ve&#8217;, otra ve&#8217; te bes\u00e9, otra ve&#8217;<br aria-hidden=\"true\" \/>Y no&#8217; vamo&#8217; entendiendo<\/div><div data-mh=\"-1\">\u00a0<\/div><div class=\"ujudUb xpdxpnd\" data-mh=\"-1\">\u00bfC\u00f3mo? Si no, si no, si no (si no)<br aria-hidden=\"true\" \/>Solo sin vos, sin vos, sin vos (sin vos)<br aria-hidden=\"true\" \/>Ese culo vale m\u00e1&#8217; de un billion (m\u00e1&#8217; de un billion)<br aria-hidden=\"true\" \/>Y si quiere&#8217; necesita brillo (no, no)<\/div><div data-mh=\"-1\">\u00a0<\/div><div class=\"ujudUb xpdxpnd\" data-mh=\"-1\">Se lleva to&#8217; los premio&#8217; como mis sencillos (se los lleva)<br aria-hidden=\"true\" \/>Me est\u00e1 cortando el aire y no tiene un cuchillo (no tiene na&#8217;)<br aria-hidden=\"true\" \/>Y est\u00e1 cantando las canciones que le escrib\u00ed yo (yeah-yeah)<br aria-hidden=\"true\" \/>Vive dedic\u00e1ndome los estribillos (you know)<\/div><div data-mh=\"-1\">\u00a0<\/div><div class=\"ujudUb xpdxpnd\" data-mh=\"-1\"><strong>Ba-ba-baby, me cans\u00e9 de poner pero&#8217; (poner pero&#8217;)<\/strong><br aria-hidden=\"true\" \/><strong>&#8216;Toy como para gritarlo al mundo, que te quiero (que te quiero)<\/strong><br aria-hidden=\"true\" \/><strong>Vivimo&#8217; &#8216;e vacaciones y no estamos en enero (no-oh)<\/strong><br aria-hidden=\"true\" \/><strong>Ll\u00e9vame de viaje, quiero ser tu pasajero<\/strong><\/div><div data-mh=\"-1\">\u00a0<\/div><div class=\"ujudUb xpdxpnd\" data-mh=\"-1\"><strong>Y yo me cans\u00e9 de perder tiempo (tiempo)<\/strong><br aria-hidden=\"true\" \/><strong>Juro que la pr\u00f3xima ve&#8217; que te vea lo intento (lo intento)<\/strong><br aria-hidden=\"true\" \/><strong>La verda&#8217; no me importa perder aliento (no)<\/strong><br aria-hidden=\"true\" \/><strong>Si no hay truco para conquistarte, me lo invento<\/strong><\/div><div data-mh=\"-1\">\u00a0<\/div><div class=\"ujudUb xpdxpnd\" data-mh=\"-1\">Como si na&#8217; importara<br aria-hidden=\"true\" \/>Vamo&#8217; a sacarno&#8217; las gana&#8217;<br aria-hidden=\"true\" \/>Con nosotro&#8217; no se comparan<br aria-hidden=\"true\" \/>Si ello&#8217; no valen nada<\/div><div data-mh=\"-1\">\u00a0<\/div><div class=\"ujudUb xpdxpnd\" data-mh=\"-1\">Lo hacemo&#8217;, son cincuenta sombra&#8217; &#8216;e grey<br aria-hidden=\"true\" \/>Nos maquillamo&#8217;, no no&#8217; ve la ley<br aria-hidden=\"true\" \/>Yo creo en ti como lo dijo Reik<br aria-hidden=\"true\" \/>Okey, \u00bft\u00fa cree&#8217; en m\u00ed?<\/div><div data-mh=\"-1\">\u00a0<\/div><div class=\"ujudUb xpdxpnd\" data-mh=\"-1\">Vamo&#8217; a hacerlo como si no importara<br aria-hidden=\"true\" \/>Como, como si el mundo se acabara<br aria-hidden=\"true\" \/>En secreto, mami, a puerta cerrada<br aria-hidden=\"true\" \/>Solo se ve el humo por la ventana<\/div><\/div><\/div><\/div>\t\t\t\t\t\t<\/div>\n\t\t\t\t<\/div>\n\t\t\t\t\t<\/div>\n\t\t<\/div>\n\t\t\t\t<div class=\"elementor-column elementor-col-33 elementor-top-column elementor-element elementor-element-a2bf0ea\" data-id=\"a2bf0ea\" data-element_type=\"column\">\n\t\t\t<div class=\"elementor-widget-wrap elementor-element-populated\">\n\t\t\t\t\t\t\t\t<div class=\"elementor-element elementor-element-09e92a3 elementor-widget elementor-widget-text-editor\" data-id=\"09e92a3\" data-element_type=\"widget\" data-widget_type=\"text-editor.default\">\n\t\t\t\t<div class=\"elementor-widget-container\">\n\t\t\t\t\t\t\t<div class=\"ujudUb u7wWjf\" data-mh=\"-1\">La facilidad que tienes para convertir cualquier tonter\u00eda en algo divertido, cualquier cosa fea en algo bonito, un d\u00eda malo en un d\u00eda feliz&#8230;<\/div><div data-mh=\"-1\">\u00a0<\/div><div data-mh=\"-1\">No, no tengo que demostrarle nada a nadie por que esta es NUESTRA pel\u00edcula, no la de nadie m\u00e1s, que te quede claro, significas mucho m\u00e1s.<\/div><div data-mh=\"-1\">\u00a0<\/div><div data-mh=\"-1\">Esta canci\u00f3n dice &#8221;si tu controlas el clima&#8221;, tu siempre lo controlas, esas nebulosas ficticias&#8230; hacen mis noches incre\u00edblemente mejores&#8230; esos colores reflejados te quedan&#8230; como que se nota lo que me pasa en los ojos cuando te miro.<\/div><div data-mh=\"-1\">\u00a0<\/div><div data-mh=\"-1\">Ahora me toca recordar como me tragu\u00e9 una pel\u00edcula como Moulin Rouge que nunca me ha llamado y me la tragu\u00e9 encantado, me gust\u00f3 la pel\u00edcula y me encant\u00f3 pas\u00e1rmela roz\u00e1ndote y d\u00e1ndote mimos&#8230; m\u00e1s magia que a\u00f1adir a esta web&#8230;<\/div><div data-mh=\"-1\">\u00a0<\/div><div data-mh=\"-1\">O mismamente cuando pusimos el proyector para vernos dos pel\u00edculas en las que ambos nos \u00edbamos durmiendo a ratitos&#8230; no mientas, tu tambi\u00e9n cerrabas los ojos a veces, era super tarde y no sab\u00edamos si &#8221;dormir&#8221; =)<\/div><div data-mh=\"-1\">\u00a0<\/div><div data-mh=\"-1\">O esa primera noche dif\u00edcil, pero juntos, abrazados que fue la base de todo lo dem\u00e1s&#8230; hasta el momento Shock&#8230; que sigo sin conocer que pensaste tras eso&#8230;<\/div><div data-mh=\"-1\">\u00a0<\/div><div data-mh=\"-1\">O mejor aun el siguiente despertar que no sabr\u00edas como ser\u00eda pero fue \u00a1comerte y a besos todo el rato!<\/div><div data-mh=\"-1\">\u00a0<\/div><div data-mh=\"-1\">\u00bfSabes la ilusi\u00f3n que me hace cocinarte? Y que lo pruebes y digas jo que rico! Con eso soy feliz! Echarte una mano cuando est\u00e1s de pattern y digas algo en el sentido &#8221;nadie hace esto por mi&#8221;? Por favor, estamos solo al principio, voy a hacer todo por ti =)<\/div><div data-mh=\"-1\">\u00a0<\/div><div data-mh=\"-1\">Lo que te digo que tienes una habilidad especial para llenarme, de ganas, de ilusi\u00f3n, de fuerzas&#8230; ser\u00e1s una&#8230; \u00bfSuperheroina?<\/div><div data-mh=\"-1\">\u00a0<\/div><div data-mh=\"-1\">Y vino el parrafo de la canci\u00f3n&#8230; momento Duki como siempre clavando las frases que te tengo que decir&#8230;<\/div><div data-mh=\"-1\">\u00a0<\/div><div data-mh=\"-1\">&#8221;Toy para gritarle al mundo que te quier&#8221;, no nos vayamos tan alante! Pero decirle al mundo que me haces feliz todos los d\u00edas???<\/div><div data-mh=\"-1\">\u00a0<\/div><div data-mh=\"-1\">Ll\u00e9vame de viaje quiero ser tu pasajero, como cada vez que dice &#8221;\u00bfY si me fuese a tal sitio?&#8221; y siempre respondo &#8221;Si a todo&#8221; sin dudarlo.<\/div><div data-mh=\"-1\">\u00a0<\/div><div data-mh=\"-1\">&#8221;Si no hay truco para conquistarte me lo invento&#8221;&#8230; Cuanta raz\u00f3n hay en esta frase???? Hago TODO lo que haga falta para estar contigo, conquistarte o ll\u00e1malo como te de la gana! Ya lo sabes, 25\/7 por que los d\u00edas tienen m\u00e1s horas desde que se que me echas la bronca por dormirme \ud83d\ude1b<\/div><div data-mh=\"-1\">\u00a0<\/div><div data-mh=\"-1\">Sabes perfectamente mi focus contigo&#8230; despertar y escribirte, hacerme un caf\u00e9 escribirte, pensar en un plan (que no tenga bloqueos) y escribirte, pensar que hacer para mimarte m\u00e1s y escribirte, comer&#8230; ir a verte&#8230; cocinarte&#8230; abrazarte, darte rasquitos&#8230; y esto son 4 cosas contadas&#8230; pero la m\u00e1s importante, cuidarte&#8230; i take care of you.<\/div><div data-mh=\"-1\">\u00a0<\/div><div data-mh=\"-1\">Me encanta que me llames por que si, a cualquier hora y en cualquier parte del mundo por que te apetece =)<\/div><div data-mh=\"-1\">\u00a0<\/div><div data-mh=\"-1\">\u00bfTe has fijado en la noticia que ha salido hoy en la tele? &#8221;Encuentran a la chica m\u00e1s linda del planeta paseando por las calles de NY rompiendo el suelo por el que pisa&#8221;<\/div><div data-mh=\"-1\">\u00a0<\/div><div data-mh=\"-1\">Eres increible Bichito!\ud83d\ude09<\/div>\t\t\t\t\t\t<\/div>\n\t\t\t\t<\/div>\n\t\t\t\t\t<\/div>\n\t\t<\/div>\n\t\t\t\t<div class=\"elementor-column elementor-col-33 elementor-top-column elementor-element elementor-element-5dd72bec\" data-id=\"5dd72bec\" data-element_type=\"column\">\n\t\t\t<div class=\"elementor-widget-wrap elementor-element-populated\">\n\t\t\t\t\t\t\t\t<div class=\"elementor-element elementor-element-833855b elementor-widget elementor-widget-image\" data-id=\"833855b\" data-element_type=\"widget\" data-widget_type=\"image.default\">\n\t\t\t\t<div class=\"elementor-widget-container\">\n\t\t\t<style>\/*! elementor - v3.7.1 - 14-08-2022 *\/\n.elementor-widget-image{text-align:center}.elementor-widget-image a{display:inline-block}.elementor-widget-image a img[src$=\".svg\"]{width:48px}.elementor-widget-image img{vertical-align:middle;display:inline-block}<\/style>\t\t\t\t\t\t\t\t\t\t\t\t<img loading=\"lazy\" decoding=\"async\" width=\"1152\" height=\"1720\" src=\"https:\/\/inevitablefueguito.xyz\/wp-content\/uploads\/2022\/08\/WhatsApp-Image-2022-08-22-at-7.39.36-PM-e1661210509290.jpeg\" class=\"attachment-full size-full\" alt=\"\" srcset=\"https:\/\/inevitablefueguito.xyz\/wp-content\/uploads\/2022\/08\/WhatsApp-Image-2022-08-22-at-7.39.36-PM-e1661210509290.jpeg 1152w, https:\/\/inevitablefueguito.xyz\/wp-content\/uploads\/2022\/08\/WhatsApp-Image-2022-08-22-at-7.39.36-PM-e1661210509290-201x300.jpeg 201w, https:\/\/inevitablefueguito.xyz\/wp-content\/uploads\/2022\/08\/WhatsApp-Image-2022-08-22-at-7.39.36-PM-e1661210509290-686x1024.jpeg 686w, https:\/\/inevitablefueguito.xyz\/wp-content\/uploads\/2022\/08\/WhatsApp-Image-2022-08-22-at-7.39.36-PM-e1661210509290-768x1147.jpeg 768w, https:\/\/inevitablefueguito.xyz\/wp-content\/uploads\/2022\/08\/WhatsApp-Image-2022-08-22-at-7.39.36-PM-e1661210509290-1029x1536.jpeg 1029w, https:\/\/inevitablefueguito.xyz\/wp-content\/uploads\/2022\/08\/WhatsApp-Image-2022-08-22-at-7.39.36-PM-e1661210509290-600x896.jpeg 600w\" sizes=\"(max-width: 1152px) 100vw, 1152px\" \/>\t\t\t\t\t\t\t\t\t\t\t\t\t\t\t<\/div>\n\t\t\t\t<\/div>\n\t\t\t\t<div class=\"elementor-element elementor-element-6e5832fe elementor-widget elementor-widget-wp-widget-tag_cloud\" data-id=\"6e5832fe\" data-element_type=\"widget\" data-widget_type=\"wp-widget-tag_cloud.default\">\n\t\t\t\t<div class=\"elementor-widget-container\">\n\t\t\t<h5>Tags<\/h5><div class=\"tagcloud\"><a href=\"https:\/\/inevitablefueguito.xyz\/?tag=1win\" class=\"tag-cloud-link tag-link-88 tag-link-position-1\" style=\"font-size: 8pt;\" aria-label=\"1win (4 items)\">1win<span class=\"tag-link-count\"> (4)<\/span><\/a>\n<a href=\"https:\/\/inevitablefueguito.xyz\/?tag=1win-az\" class=\"tag-cloud-link tag-link-87 tag-link-position-2\" style=\"font-size: 8pt;\" aria-label=\"1win AZ (4 items)\">1win AZ<span class=\"tag-link-count\"> (4)<\/span><\/a>\n<a href=\"https:\/\/inevitablefueguito.xyz\/?tag=leovegas\" class=\"tag-cloud-link tag-link-70 tag-link-position-3\" style=\"font-size: 14.774193548387pt;\" aria-label=\"leovegas (9 items)\">leovegas<span class=\"tag-link-count\"> (9)<\/span><\/a>\n<a href=\"https:\/\/inevitablefueguito.xyz\/?tag=leovegas-fi\" class=\"tag-cloud-link tag-link-69 tag-link-position-4\" style=\"font-size: 9.8064516129032pt;\" aria-label=\"leovegas FI (5 items)\">leovegas FI<span class=\"tag-link-count\"> (5)<\/span><\/a>\n<a href=\"https:\/\/inevitablefueguito.xyz\/?tag=leovegas-ie\" class=\"tag-cloud-link tag-link-73 tag-link-position-5\" style=\"font-size: 8pt;\" aria-label=\"leovegas IE (4 items)\">leovegas IE<span class=\"tag-link-count\"> (4)<\/span><\/a>\n<a href=\"https:\/\/inevitablefueguito.xyz\/?tag=mostbet\" class=\"tag-cloud-link tag-link-75 tag-link-position-6\" style=\"font-size: 22pt;\" aria-label=\"mostbet (20 items)\">mostbet<span class=\"tag-link-count\"> (20)<\/span><\/a>\n<a href=\"https:\/\/inevitablefueguito.xyz\/?tag=mostbet-az\" class=\"tag-cloud-link tag-link-90 tag-link-position-7\" style=\"font-size: 8pt;\" aria-label=\"mostbet AZ (4 items)\">mostbet AZ<span class=\"tag-link-count\"> (4)<\/span><\/a>\n<a href=\"https:\/\/inevitablefueguito.xyz\/?tag=mostbet-in\" class=\"tag-cloud-link tag-link-74 tag-link-position-8\" style=\"font-size: 12.516129032258pt;\" aria-label=\"mostbet IN (7 items)\">mostbet IN<span class=\"tag-link-count\"> (7)<\/span><\/a>\n<a href=\"https:\/\/inevitablefueguito.xyz\/?tag=mostbet-tr\" class=\"tag-cloud-link tag-link-80 tag-link-position-9\" style=\"font-size: 8pt;\" aria-label=\"mostbet TR (4 items)\">mostbet TR<span class=\"tag-link-count\"> (4)<\/span><\/a>\n<a href=\"https:\/\/inevitablefueguito.xyz\/?tag=mostbet-uz\" class=\"tag-cloud-link tag-link-84 tag-link-position-10\" style=\"font-size: 9.8064516129032pt;\" aria-label=\"mostbet UZ (5 items)\">mostbet UZ<span class=\"tag-link-count\"> (5)<\/span><\/a>\n<a href=\"https:\/\/inevitablefueguito.xyz\/?tag=pinup\" class=\"tag-cloud-link tag-link-72 tag-link-position-11\" style=\"font-size: 8pt;\" aria-label=\"pinup (4 items)\">pinup<span class=\"tag-link-count\"> (4)<\/span><\/a>\n<a href=\"https:\/\/inevitablefueguito.xyz\/?tag=pinup-br\" class=\"tag-cloud-link tag-link-71 tag-link-position-12\" style=\"font-size: 8pt;\" aria-label=\"pinup BR (4 items)\">pinup BR<span class=\"tag-link-count\"> (4)<\/span><\/a>\n<a href=\"https:\/\/inevitablefueguito.xyz\/?tag=vulkan-vegas\" class=\"tag-cloud-link tag-link-77 tag-link-position-13\" style=\"font-size: 17.258064516129pt;\" aria-label=\"vulkan vegas (12 items)\">vulkan vegas<span class=\"tag-link-count\"> (12)<\/span><\/a>\n<a href=\"https:\/\/inevitablefueguito.xyz\/?tag=vulkan-vegas-de\" class=\"tag-cloud-link tag-link-93 tag-link-position-14\" style=\"font-size: 8pt;\" aria-label=\"vulkan vegas DE (4 items)\">vulkan vegas DE<span class=\"tag-link-count\"> (4)<\/span><\/a>\n<a href=\"https:\/\/inevitablefueguito.xyz\/?tag=vulkan-vegas-pl\" class=\"tag-cloud-link tag-link-76 tag-link-position-15\" style=\"font-size: 13.645161290323pt;\" aria-label=\"vulkan vegas PL (8 items)\">vulkan vegas PL<span class=\"tag-link-count\"> (8)<\/span><\/a><\/div>\n\t\t<\/div>\n\t\t\t\t<\/div>\n\t\t\t\t\t<\/div>\n\t\t<\/div>\n\t\t\t\t\t\t\t<\/div>\n\t\t<\/section>\n\t\t\t\t\t\t\t<\/div>\n\t\t","protected":false},"excerpt":{"rendered":"<p>22 de Agosto de 2022 Como si no importara \ud83d\ude09 \u00bfQu\u00e9 no&#8217; va a importar?Si somos t\u00fa y yo, que se jodan los dem\u00e1sEstamo&#8217; a sola&#8217; en la habitaci\u00f3n (ey)\u00a0Lo hacemo&#8217;, son Cincuenta Sombra&#8217; &#8216;e Grey (ey)Nos maquillamo&#8217;, no no&#8217; ve la leyYo creo en ti como lo dijo ReikOkey, \u00bft\u00fa cree&#8217; en m\u00ed?\u00a0Vamo&#8217; a [&hellip;]<\/p>\n","protected":false},"author":1,"featured_media":0,"parent":0,"menu_order":0,"comment_status":"closed","ping_status":"closed","template":"elementor_header_footer","meta":{"footnotes":""},"class_list":["post-392","page","type-page","status-publish","hentry"],"_links":{"self":[{"href":"https:\/\/inevitablefueguito.xyz\/index.php?rest_route=\/wp\/v2\/pages\/392"}],"collection":[{"href":"https:\/\/inevitablefueguito.xyz\/index.php?rest_route=\/wp\/v2\/pages"}],"about":[{"href":"https:\/\/inevitablefueguito.xyz\/index.php?rest_route=\/wp\/v2\/types\/page"}],"author":[{"embeddable":true,"href":"https:\/\/inevitablefueguito.xyz\/index.php?rest_route=\/wp\/v2\/users\/1"}],"replies":[{"embeddable":true,"href":"https:\/\/inevitablefueguito.xyz\/index.php?rest_route=%2Fwp%2Fv2%2Fcomments&post=392"}],"version-history":[{"count":20,"href":"https:\/\/inevitablefueguito.xyz\/index.php?rest_route=\/wp\/v2\/pages\/392\/revisions"}],"predecessor-version":[{"id":418,"href":"https:\/\/inevitablefueguito.xyz\/index.php?rest_route=\/wp\/v2\/pages\/392\/revisions\/418"}],"wp:attachment":[{"href":"https:\/\/inevitablefueguito.xyz\/index.php?rest_route=%2Fwp%2Fv2%2Fmedia&parent=392"}],"curies":[{"name":"wp","href":"https:\/\/api.w.org\/{rel}","templated":true}]}}