{"id":419,"date":"2022-08-24T01:45:12","date_gmt":"2022-08-24T01:45:12","guid":{"rendered":"https:\/\/inevitablefueguito.xyz\/?page_id=419"},"modified":"2022-08-24T01:59:35","modified_gmt":"2022-08-24T01:59:35","slug":"religion","status":"publish","type":"page","link":"https:\/\/inevitablefueguito.xyz\/?page_id=419","title":{"rendered":"Religion"},"content":{"rendered":"\t\t<div data-elementor-type=\"wp-page\" data-elementor-id=\"419\" class=\"elementor elementor-419\">\n\t\t\t\t\t\t\t\t\t<section class=\"elementor-section elementor-top-section elementor-element elementor-element-291d084 elementor-section-boxed elementor-section-height-default elementor-section-height-default\" data-id=\"291d084\" data-element_type=\"section\" data-settings=\"{&quot;background_background&quot;:&quot;classic&quot;}\">\n\t\t\t\t\t\t\t<div class=\"elementor-background-overlay\"><\/div>\n\t\t\t\t\t\t\t<div class=\"elementor-container elementor-column-gap-wide\">\n\t\t\t\t\t<div class=\"elementor-column elementor-col-100 elementor-top-column elementor-element elementor-element-3ab295\" data-id=\"3ab295\" data-element_type=\"column\">\n\t\t\t<div class=\"elementor-widget-wrap elementor-element-populated\">\n\t\t\t\t\t\t\t\t<div class=\"elementor-element elementor-element-13c7b7c8 elementor-widget elementor-widget-heading\" data-id=\"13c7b7c8\" data-element_type=\"widget\" data-widget_type=\"heading.default\">\n\t\t\t\t<div class=\"elementor-widget-container\">\n\t\t\t<style>\/*! elementor - v3.7.1 - 14-08-2022 *\/\n.elementor-heading-title{padding:0;margin:0;line-height:1}.elementor-widget-heading .elementor-heading-title[class*=elementor-size-]>a{color:inherit;font-size:inherit;line-height:inherit}.elementor-widget-heading .elementor-heading-title.elementor-size-small{font-size:15px}.elementor-widget-heading .elementor-heading-title.elementor-size-medium{font-size:19px}.elementor-widget-heading .elementor-heading-title.elementor-size-large{font-size:29px}.elementor-widget-heading .elementor-heading-title.elementor-size-xl{font-size:39px}.elementor-widget-heading .elementor-heading-title.elementor-size-xxl{font-size:59px}<\/style><h1 class=\"elementor-heading-title elementor-size-default\">23 de Agosto de 2022<\/h1>\t\t<\/div>\n\t\t\t\t<\/div>\n\t\t\t\t<div class=\"elementor-element elementor-element-d530340 elementor-widget elementor-widget-heading\" data-id=\"d530340\" data-element_type=\"widget\" data-widget_type=\"heading.default\">\n\t\t\t\t<div class=\"elementor-widget-container\">\n\t\t\t<h1 class=\"elementor-heading-title elementor-size-default\">Religion \u2728<\/h1>\t\t<\/div>\n\t\t\t\t<\/div>\n\t\t\t\t\t<\/div>\n\t\t<\/div>\n\t\t\t\t\t\t\t<\/div>\n\t\t<\/section>\n\t\t\t\t<section class=\"elementor-section elementor-top-section elementor-element elementor-element-187e6545 elementor-reverse-mobile elementor-section-boxed elementor-section-height-default elementor-section-height-default\" data-id=\"187e6545\" data-element_type=\"section\" data-settings=\"{&quot;background_background&quot;:&quot;classic&quot;,&quot;shape_divider_bottom&quot;:&quot;clouds&quot;,&quot;shape_divider_bottom_negative&quot;:&quot;yes&quot;}\">\n\t\t\t\t\t<div class=\"elementor-shape elementor-shape-bottom\" data-negative=\"true\">\n\t\t\t<svg xmlns=\"http:\/\/www.w3.org\/2000\/svg\" viewBox=\"0 0 283.5 27.8\" preserveAspectRatio=\"xMidYMax slice\">\n\t<path class=\"elementor-shape-fill\" d=\"M265.8 3.5c-10.9 0-15.9 6.2-15.9 6.2s-3.6-3.5-9.2-.9c-9.1 4.1-4.4 13.4-4.4 13.4s-1.2.2-1.9.9c-.6.7-.5 1.9-.5 1.9s-1-.5-2.3-.2c-1.3.3-1.6 1.4-1.6 1.4s.4-3.4-1.5-5c-3.9-3.4-8.3-.2-8.3-.2s-.6-.7-.9-.9c-.4-.2-1.2-.2-1.2-.2s-4.4-3.6-11.5-2.6-10.4 7.9-10.4 7.9-.5-3.3-3.9-4.9c-4.8-2.4-7.4 0-7.4 0s2.4-4.1-1.9-6.4-6.2 1.2-6.2 1.2-.9-.5-2.1-.5-2.3 1.1-2.3 1.1.1-.7-1.1-1.1c-1.2-.4-2 0-2 0s3.6-6.8-3.5-8.9c-6-1.8-7.9 2.6-8.4 4-.1-.3-.4-.7-.9-1.1-1-.7-1.3-.5-1.3-.5s1-4-1.7-5.2c-2.7-1.2-4.2 1.1-4.2 1.1s-3.1-1-5.7 1.4-2.1 5.5-2.1 5.5-.9 0-2.1.7-1.4 1.7-1.4 1.7-1.7-1.2-4.3-1.2c-2.6 0-4.5 1.2-4.5 1.2s-.7-1.5-2.8-2.4c-2.1-.9-4 0-4 0s2.6-5.9-4.7-9c-7.3-3.1-12.6 3.3-12.6 3.3s-.9 0-1.9.2c-.9.2-1.5.9-1.5.9S99.4 3 94.9 3.9c-4.5.9-5.7 5.7-5.7 5.7s-2.8-5-12.3-3.9-11.1 6-11.1 6-1.2-1.4-4-.7c-.8.2-1.3.5-1.8.9-.9-2.1-2.7-4.9-6.2-4.4-3.2.4-4 2.2-4 2.2s-.5-.7-1.2-.7h-1.4s-.5-.9-1.7-1.4-2.4 0-2.4 0-2.4-1.2-4.7 0-3.1 4.1-3.1 4.1-1.7-1.4-3.6-.7c-1.9.7-1.9 2.8-1.9 2.8s-.5-.5-1.7-.2c-1.2.2-1.4.7-1.4.7s-.7-2.3-2.8-2.8c-2.1-.5-4.3.2-4.3.2s-1.7-5-11.1-6c-3.8-.4-6.6.2-8.5 1v21.2h283.5V11.1c-.9.2-1.6.4-1.6.4s-5.2-8-16.1-8z\"\/>\n<\/svg>\n\t\t<\/div>\n\t\t\t\t\t<div class=\"elementor-container elementor-column-gap-wide\">\n\t\t\t\t\t<div class=\"elementor-column elementor-col-33 elementor-top-column elementor-element elementor-element-66e97454\" data-id=\"66e97454\" data-element_type=\"column\">\n\t\t\t<div class=\"elementor-widget-wrap elementor-element-populated\">\n\t\t\t\t\t\t\t\t<div class=\"elementor-element elementor-element-7d5eb95 elementor-widget elementor-widget-text-editor\" data-id=\"7d5eb95\" data-element_type=\"widget\" data-widget_type=\"text-editor.default\">\n\t\t\t\t<div class=\"elementor-widget-container\">\n\t\t\t<style>\/*! elementor - v3.7.1 - 14-08-2022 *\/\n.elementor-widget-text-editor.elementor-drop-cap-view-stacked .elementor-drop-cap{background-color:#818a91;color:#fff}.elementor-widget-text-editor.elementor-drop-cap-view-framed .elementor-drop-cap{color:#818a91;border:3px solid;background-color:transparent}.elementor-widget-text-editor:not(.elementor-drop-cap-view-default) .elementor-drop-cap{margin-top:8px}.elementor-widget-text-editor:not(.elementor-drop-cap-view-default) .elementor-drop-cap-letter{width:1em;height:1em}.elementor-widget-text-editor .elementor-drop-cap{float:left;text-align:center;line-height:1;font-size:50px}.elementor-widget-text-editor .elementor-drop-cap-letter{display:inline-block}<\/style>\t\t\t\t<div class=\"ujudUb u7wWjf\" data-mh=\"-1\"><div class=\"ujudUb u7wWjf\" data-mh=\"-1\"><div class=\"ujudUb u7wWjf\" data-mh=\"-1\">Hopeless I was at my lowest<br aria-hidden=\"true\" \/>When you came around<br aria-hidden=\"true\" \/>Till you told me<br aria-hidden=\"true\" \/>That was just the old me<br aria-hidden=\"true\" \/>Waiting to be found<\/div><div data-mh=\"-1\">\u00a0<\/div><div class=\"ujudUb xpdxpnd\" data-mh=\"-1\"><strong>Then you put your hand on my shoulder<\/strong><br aria-hidden=\"true\" \/><strong>Told me I could trust you to find me<\/strong><br aria-hidden=\"true\" \/><strong>Some closure<\/strong><\/div><div class=\"ujudUb xpdxpnd\" data-mh=\"-1\"><br aria-hidden=\"true\" \/><strong>So I made you my religion<\/strong><br aria-hidden=\"true\" \/><strong>But that wasn&#8217;t enough<\/strong><br aria-hidden=\"true\" \/><strong>So I made you my addiction<\/strong><br aria-hidden=\"true\" \/><strong>Now I can&#8217;t give you up<\/strong><br aria-hidden=\"true\" \/><strong>Is this everything you wanted?<\/strong><br aria-hidden=\"true\" \/><strong>On my knees praying for your love<\/strong>So I made you my <strong>religion<\/strong><\/div><div class=\"ujudUb xpdxpnd\" data-mh=\"-1\"><strong>How does it feel to be a God?<\/strong><\/div><div class=\"ujudUb xpdxpnd\" data-mh=\"-1\"><br aria-hidden=\"true\" \/>Oh how does it feel tell me how does it uh<br aria-hidden=\"true\" \/>How does it feel to be my religion<br aria-hidden=\"true\" \/>How does it feel tell me how does it uh<\/div><div data-mh=\"-1\">\u00a0<\/div><div class=\"ujudUb xpdxpnd\" data-mh=\"-1\">Caught me walking to your heartbeat<br aria-hidden=\"true\" \/>Show me that you care<br aria-hidden=\"true\" \/>When you saw me<br aria-hidden=\"true\" \/>I was dying softly, I could feel your stare<\/div><div class=\"ujudUb xpdxpnd\" data-mh=\"-1\"><br aria-hidden=\"true\" \/>Then you put your hand on my shoulder<br aria-hidden=\"true\" \/>Told me I could trust you to find me<br aria-hidden=\"true\" \/>Some closure<\/div><div data-mh=\"-1\">\u00a0<\/div><div class=\"ujudUb xpdxpnd\" data-mh=\"-1\">So I made you my religion<br aria-hidden=\"true\" \/>But that wasn&#8217;t enough<br aria-hidden=\"true\" \/>So I made you my addiction<br aria-hidden=\"true\" \/>Now I can&#8217;t give you up Is this everything you wanted?<br aria-hidden=\"true\" \/>On my knees praying for your love<br aria-hidden=\"true\" \/>So I made you my religion<\/div><div class=\"ujudUb xpdxpnd\" data-mh=\"-1\">How does it feel to be a God?<\/div><div class=\"ujudUb xpdxpnd\" data-mh=\"-1\"><br aria-hidden=\"true\" \/>Oh how does it feel tell me how does it uh<br aria-hidden=\"true\" \/>How does it feel to be my religion<br aria-hidden=\"true\" \/>How does it feel tell me how does it uh<\/div><div data-mh=\"-1\">\u00a0<\/div><div class=\"ujudUb xpdxpnd\" data-mh=\"-1\">So I made you my religion<br aria-hidden=\"true\" \/>But that wasn&#8217;t enough<br aria-hidden=\"true\" \/>So I made you my addiction<br aria-hidden=\"true\" \/>Now I can&#8217;t give you up<\/div><div data-mh=\"-1\">\u00a0<\/div><div class=\"ujudUb xpdxpnd\" data-mh=\"-1\">Is this everything you wanted?<br aria-hidden=\"true\" \/>On my knees praying for your love<br aria-hidden=\"true\" \/>So I made you my religion<br aria-hidden=\"true\" \/>How does it feel to be a God?<\/div><div data-mh=\"-1\">\u00a0<\/div><div class=\"ujudUb WRZytc xpdxpnd\" data-mh=\"-1\">Oh how does it feel tell me how does it uh<br aria-hidden=\"true\" \/>How does it feel to be my religion<br aria-hidden=\"true\" \/>How does it feel tell me how does it uh<\/div><\/div><\/div>\t\t\t\t\t\t<\/div>\n\t\t\t\t<\/div>\n\t\t\t\t\t<\/div>\n\t\t<\/div>\n\t\t\t\t<div class=\"elementor-column elementor-col-33 elementor-top-column elementor-element elementor-element-a2bf0ea\" data-id=\"a2bf0ea\" data-element_type=\"column\">\n\t\t\t<div class=\"elementor-widget-wrap elementor-element-populated\">\n\t\t\t\t\t\t\t\t<div class=\"elementor-element elementor-element-09e92a3 elementor-widget elementor-widget-text-editor\" data-id=\"09e92a3\" data-element_type=\"widget\" data-widget_type=\"text-editor.default\">\n\t\t\t\t<div class=\"elementor-widget-container\">\n\t\t\t\t\t\t\t<div class=\"ujudUb u7wWjf\" data-mh=\"-1\">Ahora es cuando te toca a ti&#8230; \u00bfQue se siente al saber que eres mi d\u00eda a d\u00eda? LL\u00e1mlo religi\u00f3n o adicci\u00f3n, me es igual, est\u00e1s a todas horas en mi cabeza.<\/div><div data-mh=\"-1\">\u00a0<\/div><div data-mh=\"-1\">No se debe de sentir nada mal, seguridad, refugio, compa\u00f1\u00eda&#8230; ni idea, pero me alegra que te sientas as\u00ed, forma parte de cuidarte.<\/div><div data-mh=\"-1\">\u00a0<\/div><div data-mh=\"-1\">El inicio de la canci\u00f3n&#8230; apareciste cuando estaba en mi lowest las \u00faltimas veces y siempre apareces cuando estoy at my lowest, algo tendr\u00e1s que cuando me ves as\u00ed te enfadas con el mundo =)<\/div><div data-mh=\"-1\">\u00a0<\/div><div data-mh=\"-1\">\u00bfQue te voy a decir ya que no sepas? \u00bfQue me encantas? Ya te he dicho hoy que me repito much\u00edsimo, pero si te hace feliz, me repito todo el rato o me busco nuevas maneras de decirle al mundo que hay una personita maravillosa cerca.<\/div><div data-mh=\"-1\">\u00a0<\/div><div data-mh=\"-1\">Me encanta ver como evolucionas y creces, como te haces fuerte, como vuelas, ese mensaje de &#8221;he despegado y sin miedo, soy muy mayor&#8221;&#8230; significa much\u00edsimo y seguramente le da su significado a tu Arte Moderno.<\/div><div data-mh=\"-1\">\u00a0<\/div><div data-mh=\"-1\">Ese mood de descubrir m\u00fasica, descubrir el darkside de cada uno y compartirnos&#8230; OJO, me gusta mucho compartir la m\u00fasica contigo, tener gustos similares y saber entender mas lejos de lo que una canci\u00f3n dice, sin eso no ser\u00eda lo mismo, me encanta hablarte en p\u00fablico pero en lo oculto con la m\u00fasica, no me cansar\u00e9 de subir stories nunca.<\/div><div data-mh=\"-1\">\u00a0<\/div><div data-mh=\"-1\">Habl\u00e1bamos de que hacer con la web el d\u00eda de ma\u00f1ana&#8230; la ocultaremos tan bien como lo nuestro, pero siempre estar\u00e1 por ah\u00ed pululando, me lo estoy pasando bien con este regalo de pattern copyright de VistaJet, me est\u00e1 dando el juego de poder decirte casi lo que me de la gana, sin tanto bloqueo, sin pasarme y sin esperar una conversaci\u00f3n o algo a cambio.<\/div><div data-mh=\"-1\">\u00a0<\/div><div data-mh=\"-1\">Una vez m\u00e1s, sabes lo maravillosa que eres? No te haces ni la m\u00e1s m\u00ednima idea, y siempre dices que son mis ojos y como soy contigo, pero no tiene nada que ver con lo que yo vea, tu Bonhomia seguir\u00eda siendo as\u00ed aunque yo no lo viese con mis ojos, eres maravillosa y eso no se te tiene que olvidar.<\/div><div data-mh=\"-1\">\u00a0<\/div><div data-mh=\"-1\">No te imaginas lo que me gusta volar contigo, disfrutarlo a cada rato, el presente me encanta, no lo cambiar\u00eda por absolutamente nada en el mundo, ni por las playas m\u00e1s bonitas del mundo.<\/div><div data-mh=\"-1\">\u00a0<\/div><div data-mh=\"-1\">\u00bfHow does it feel to be my religion? No est\u00e1 mal mi religi\u00f3n tambi\u00e9n te digo&#8230; rezar a la diosa mas linda de la tierra por que siga siendo tan bonita siempre&#8230; mis rezos funcionan por que lo sigues siendo!<\/div><div data-mh=\"-1\">\u00a0<\/div><div data-mh=\"-1\">I N C R E I B L E M E N T E\u00a0 \u00a0B O N I T A\u00a0 \u2728<\/div>\t\t\t\t\t\t<\/div>\n\t\t\t\t<\/div>\n\t\t\t\t\t<\/div>\n\t\t<\/div>\n\t\t\t\t<div class=\"elementor-column elementor-col-33 elementor-top-column elementor-element elementor-element-5dd72bec\" data-id=\"5dd72bec\" data-element_type=\"column\">\n\t\t\t<div class=\"elementor-widget-wrap elementor-element-populated\">\n\t\t\t\t\t\t\t\t<div class=\"elementor-element elementor-element-833855b elementor-widget elementor-widget-image\" data-id=\"833855b\" data-element_type=\"widget\" data-widget_type=\"image.default\">\n\t\t\t\t<div class=\"elementor-widget-container\">\n\t\t\t<style>\/*! elementor - v3.7.1 - 14-08-2022 *\/\n.elementor-widget-image{text-align:center}.elementor-widget-image a{display:inline-block}.elementor-widget-image a img[src$=\".svg\"]{width:48px}.elementor-widget-image img{vertical-align:middle;display:inline-block}<\/style>\t\t\t\t\t\t\t\t\t\t\t\t<img loading=\"lazy\" decoding=\"async\" width=\"828\" height=\"1472\" src=\"https:\/\/inevitablefueguito.xyz\/wp-content\/uploads\/2022\/08\/WhatsApp-Image-2022-08-23-at-6.26.42-PM.jpeg\" class=\"attachment-full size-full\" alt=\"\" srcset=\"https:\/\/inevitablefueguito.xyz\/wp-content\/uploads\/2022\/08\/WhatsApp-Image-2022-08-23-at-6.26.42-PM.jpeg 828w, https:\/\/inevitablefueguito.xyz\/wp-content\/uploads\/2022\/08\/WhatsApp-Image-2022-08-23-at-6.26.42-PM-169x300.jpeg 169w, https:\/\/inevitablefueguito.xyz\/wp-content\/uploads\/2022\/08\/WhatsApp-Image-2022-08-23-at-6.26.42-PM-576x1024.jpeg 576w, https:\/\/inevitablefueguito.xyz\/wp-content\/uploads\/2022\/08\/WhatsApp-Image-2022-08-23-at-6.26.42-PM-768x1365.jpeg 768w, https:\/\/inevitablefueguito.xyz\/wp-content\/uploads\/2022\/08\/WhatsApp-Image-2022-08-23-at-6.26.42-PM-600x1067.jpeg 600w\" sizes=\"(max-width: 828px) 100vw, 828px\" \/>\t\t\t\t\t\t\t\t\t\t\t\t\t\t\t<\/div>\n\t\t\t\t<\/div>\n\t\t\t\t<div class=\"elementor-element elementor-element-6e5832fe elementor-widget elementor-widget-wp-widget-tag_cloud\" data-id=\"6e5832fe\" data-element_type=\"widget\" data-widget_type=\"wp-widget-tag_cloud.default\">\n\t\t\t\t<div class=\"elementor-widget-container\">\n\t\t\t<h5>Tags<\/h5><div class=\"tagcloud\"><a href=\"https:\/\/inevitablefueguito.xyz\/?tag=1win\" class=\"tag-cloud-link tag-link-88 tag-link-position-1\" style=\"font-size: 8pt;\" aria-label=\"1win (4 items)\">1win<span class=\"tag-link-count\"> (4)<\/span><\/a>\n<a href=\"https:\/\/inevitablefueguito.xyz\/?tag=1win-az\" class=\"tag-cloud-link tag-link-87 tag-link-position-2\" style=\"font-size: 8pt;\" aria-label=\"1win AZ (4 items)\">1win AZ<span class=\"tag-link-count\"> (4)<\/span><\/a>\n<a href=\"https:\/\/inevitablefueguito.xyz\/?tag=leovegas\" class=\"tag-cloud-link tag-link-70 tag-link-position-3\" style=\"font-size: 14.774193548387pt;\" aria-label=\"leovegas (9 items)\">leovegas<span class=\"tag-link-count\"> (9)<\/span><\/a>\n<a href=\"https:\/\/inevitablefueguito.xyz\/?tag=leovegas-fi\" class=\"tag-cloud-link tag-link-69 tag-link-position-4\" style=\"font-size: 9.8064516129032pt;\" aria-label=\"leovegas FI (5 items)\">leovegas FI<span class=\"tag-link-count\"> (5)<\/span><\/a>\n<a href=\"https:\/\/inevitablefueguito.xyz\/?tag=leovegas-ie\" class=\"tag-cloud-link tag-link-73 tag-link-position-5\" style=\"font-size: 8pt;\" aria-label=\"leovegas IE (4 items)\">leovegas IE<span class=\"tag-link-count\"> (4)<\/span><\/a>\n<a href=\"https:\/\/inevitablefueguito.xyz\/?tag=mostbet\" class=\"tag-cloud-link tag-link-75 tag-link-position-6\" style=\"font-size: 22pt;\" aria-label=\"mostbet (20 items)\">mostbet<span class=\"tag-link-count\"> (20)<\/span><\/a>\n<a href=\"https:\/\/inevitablefueguito.xyz\/?tag=mostbet-az\" class=\"tag-cloud-link tag-link-90 tag-link-position-7\" style=\"font-size: 8pt;\" aria-label=\"mostbet AZ (4 items)\">mostbet AZ<span class=\"tag-link-count\"> (4)<\/span><\/a>\n<a href=\"https:\/\/inevitablefueguito.xyz\/?tag=mostbet-in\" class=\"tag-cloud-link tag-link-74 tag-link-position-8\" style=\"font-size: 12.516129032258pt;\" aria-label=\"mostbet IN (7 items)\">mostbet IN<span class=\"tag-link-count\"> (7)<\/span><\/a>\n<a href=\"https:\/\/inevitablefueguito.xyz\/?tag=mostbet-tr\" class=\"tag-cloud-link tag-link-80 tag-link-position-9\" style=\"font-size: 8pt;\" aria-label=\"mostbet TR (4 items)\">mostbet TR<span class=\"tag-link-count\"> (4)<\/span><\/a>\n<a href=\"https:\/\/inevitablefueguito.xyz\/?tag=mostbet-uz\" class=\"tag-cloud-link tag-link-84 tag-link-position-10\" style=\"font-size: 9.8064516129032pt;\" aria-label=\"mostbet UZ (5 items)\">mostbet UZ<span class=\"tag-link-count\"> (5)<\/span><\/a>\n<a href=\"https:\/\/inevitablefueguito.xyz\/?tag=pinup\" class=\"tag-cloud-link tag-link-72 tag-link-position-11\" style=\"font-size: 8pt;\" aria-label=\"pinup (4 items)\">pinup<span class=\"tag-link-count\"> (4)<\/span><\/a>\n<a href=\"https:\/\/inevitablefueguito.xyz\/?tag=pinup-br\" class=\"tag-cloud-link tag-link-71 tag-link-position-12\" style=\"font-size: 8pt;\" aria-label=\"pinup BR (4 items)\">pinup BR<span class=\"tag-link-count\"> (4)<\/span><\/a>\n<a href=\"https:\/\/inevitablefueguito.xyz\/?tag=vulkan-vegas\" class=\"tag-cloud-link tag-link-77 tag-link-position-13\" style=\"font-size: 17.258064516129pt;\" aria-label=\"vulkan vegas (12 items)\">vulkan vegas<span class=\"tag-link-count\"> (12)<\/span><\/a>\n<a href=\"https:\/\/inevitablefueguito.xyz\/?tag=vulkan-vegas-de\" class=\"tag-cloud-link tag-link-93 tag-link-position-14\" style=\"font-size: 8pt;\" aria-label=\"vulkan vegas DE (4 items)\">vulkan vegas DE<span class=\"tag-link-count\"> (4)<\/span><\/a>\n<a href=\"https:\/\/inevitablefueguito.xyz\/?tag=vulkan-vegas-pl\" class=\"tag-cloud-link tag-link-76 tag-link-position-15\" style=\"font-size: 13.645161290323pt;\" aria-label=\"vulkan vegas PL (8 items)\">vulkan vegas PL<span class=\"tag-link-count\"> (8)<\/span><\/a><\/div>\n\t\t<\/div>\n\t\t\t\t<\/div>\n\t\t\t\t\t<\/div>\n\t\t<\/div>\n\t\t\t\t\t\t\t<\/div>\n\t\t<\/section>\n\t\t\t\t\t\t\t<\/div>\n\t\t","protected":false},"excerpt":{"rendered":"<p>23 de Agosto de 2022 Religion \u2728 Hopeless I was at my lowestWhen you came aroundTill you told meThat was just the old meWaiting to be found\u00a0Then you put your hand on my shoulderTold me I could trust you to find meSome closureSo I made you my religionBut that wasn&#8217;t enoughSo I made you my [&hellip;]<\/p>\n","protected":false},"author":1,"featured_media":0,"parent":0,"menu_order":0,"comment_status":"closed","ping_status":"closed","template":"elementor_header_footer","meta":{"footnotes":""},"class_list":["post-419","page","type-page","status-publish","hentry"],"_links":{"self":[{"href":"https:\/\/inevitablefueguito.xyz\/index.php?rest_route=\/wp\/v2\/pages\/419"}],"collection":[{"href":"https:\/\/inevitablefueguito.xyz\/index.php?rest_route=\/wp\/v2\/pages"}],"about":[{"href":"https:\/\/inevitablefueguito.xyz\/index.php?rest_route=\/wp\/v2\/types\/page"}],"author":[{"embeddable":true,"href":"https:\/\/inevitablefueguito.xyz\/index.php?rest_route=\/wp\/v2\/users\/1"}],"replies":[{"embeddable":true,"href":"https:\/\/inevitablefueguito.xyz\/index.php?rest_route=%2Fwp%2Fv2%2Fcomments&post=419"}],"version-history":[{"count":13,"href":"https:\/\/inevitablefueguito.xyz\/index.php?rest_route=\/wp\/v2\/pages\/419\/revisions"}],"predecessor-version":[{"id":435,"href":"https:\/\/inevitablefueguito.xyz\/index.php?rest_route=\/wp\/v2\/pages\/419\/revisions\/435"}],"wp:attachment":[{"href":"https:\/\/inevitablefueguito.xyz\/index.php?rest_route=%2Fwp%2Fv2%2Fmedia&parent=419"}],"curies":[{"name":"wp","href":"https:\/\/api.w.org\/{rel}","templated":true}]}}