{"id":445,"date":"2022-08-25T19:32:04","date_gmt":"2022-08-25T19:32:04","guid":{"rendered":"https:\/\/inevitablefueguito.xyz\/?page_id=445"},"modified":"2022-08-25T19:50:07","modified_gmt":"2022-08-25T19:50:07","slug":"givemelove","status":"publish","type":"page","link":"https:\/\/inevitablefueguito.xyz\/?page_id=445","title":{"rendered":"Give me love"},"content":{"rendered":"\t\t<div data-elementor-type=\"wp-page\" data-elementor-id=\"445\" class=\"elementor elementor-445\">\n\t\t\t\t\t\t\t\t\t<section class=\"elementor-section elementor-top-section elementor-element elementor-element-291d084 elementor-section-boxed elementor-section-height-default elementor-section-height-default\" data-id=\"291d084\" data-element_type=\"section\" data-settings=\"{&quot;background_background&quot;:&quot;classic&quot;}\">\n\t\t\t\t\t\t\t<div class=\"elementor-background-overlay\"><\/div>\n\t\t\t\t\t\t\t<div class=\"elementor-container elementor-column-gap-wide\">\n\t\t\t\t\t<div class=\"elementor-column elementor-col-100 elementor-top-column elementor-element elementor-element-3ab295\" data-id=\"3ab295\" data-element_type=\"column\">\n\t\t\t<div class=\"elementor-widget-wrap elementor-element-populated\">\n\t\t\t\t\t\t\t\t<div class=\"elementor-element elementor-element-13c7b7c8 elementor-widget elementor-widget-heading\" data-id=\"13c7b7c8\" data-element_type=\"widget\" data-widget_type=\"heading.default\">\n\t\t\t\t<div class=\"elementor-widget-container\">\n\t\t\t<style>\/*! elementor - v3.7.1 - 14-08-2022 *\/\n.elementor-heading-title{padding:0;margin:0;line-height:1}.elementor-widget-heading .elementor-heading-title[class*=elementor-size-]>a{color:inherit;font-size:inherit;line-height:inherit}.elementor-widget-heading .elementor-heading-title.elementor-size-small{font-size:15px}.elementor-widget-heading .elementor-heading-title.elementor-size-medium{font-size:19px}.elementor-widget-heading .elementor-heading-title.elementor-size-large{font-size:29px}.elementor-widget-heading .elementor-heading-title.elementor-size-xl{font-size:39px}.elementor-widget-heading .elementor-heading-title.elementor-size-xxl{font-size:59px}<\/style><h1 class=\"elementor-heading-title elementor-size-default\">24 de Agosto de 2022<\/h1>\t\t<\/div>\n\t\t\t\t<\/div>\n\t\t\t\t<div class=\"elementor-element elementor-element-d530340 elementor-widget elementor-widget-heading\" data-id=\"d530340\" data-element_type=\"widget\" data-widget_type=\"heading.default\">\n\t\t\t\t<div class=\"elementor-widget-container\">\n\t\t\t<h1 class=\"elementor-heading-title elementor-size-default\">Give Me Love \ud83d\udc94<\/h1>\t\t<\/div>\n\t\t\t\t<\/div>\n\t\t\t\t\t<\/div>\n\t\t<\/div>\n\t\t\t\t\t\t\t<\/div>\n\t\t<\/section>\n\t\t\t\t<section class=\"elementor-section elementor-top-section elementor-element elementor-element-187e6545 elementor-reverse-mobile elementor-section-boxed elementor-section-height-default elementor-section-height-default\" data-id=\"187e6545\" data-element_type=\"section\" data-settings=\"{&quot;background_background&quot;:&quot;classic&quot;,&quot;shape_divider_bottom&quot;:&quot;clouds&quot;,&quot;shape_divider_bottom_negative&quot;:&quot;yes&quot;}\">\n\t\t\t\t\t<div class=\"elementor-shape elementor-shape-bottom\" data-negative=\"true\">\n\t\t\t<svg xmlns=\"http:\/\/www.w3.org\/2000\/svg\" viewBox=\"0 0 283.5 27.8\" preserveAspectRatio=\"xMidYMax slice\">\n\t<path class=\"elementor-shape-fill\" d=\"M265.8 3.5c-10.9 0-15.9 6.2-15.9 6.2s-3.6-3.5-9.2-.9c-9.1 4.1-4.4 13.4-4.4 13.4s-1.2.2-1.9.9c-.6.7-.5 1.9-.5 1.9s-1-.5-2.3-.2c-1.3.3-1.6 1.4-1.6 1.4s.4-3.4-1.5-5c-3.9-3.4-8.3-.2-8.3-.2s-.6-.7-.9-.9c-.4-.2-1.2-.2-1.2-.2s-4.4-3.6-11.5-2.6-10.4 7.9-10.4 7.9-.5-3.3-3.9-4.9c-4.8-2.4-7.4 0-7.4 0s2.4-4.1-1.9-6.4-6.2 1.2-6.2 1.2-.9-.5-2.1-.5-2.3 1.1-2.3 1.1.1-.7-1.1-1.1c-1.2-.4-2 0-2 0s3.6-6.8-3.5-8.9c-6-1.8-7.9 2.6-8.4 4-.1-.3-.4-.7-.9-1.1-1-.7-1.3-.5-1.3-.5s1-4-1.7-5.2c-2.7-1.2-4.2 1.1-4.2 1.1s-3.1-1-5.7 1.4-2.1 5.5-2.1 5.5-.9 0-2.1.7-1.4 1.7-1.4 1.7-1.7-1.2-4.3-1.2c-2.6 0-4.5 1.2-4.5 1.2s-.7-1.5-2.8-2.4c-2.1-.9-4 0-4 0s2.6-5.9-4.7-9c-7.3-3.1-12.6 3.3-12.6 3.3s-.9 0-1.9.2c-.9.2-1.5.9-1.5.9S99.4 3 94.9 3.9c-4.5.9-5.7 5.7-5.7 5.7s-2.8-5-12.3-3.9-11.1 6-11.1 6-1.2-1.4-4-.7c-.8.2-1.3.5-1.8.9-.9-2.1-2.7-4.9-6.2-4.4-3.2.4-4 2.2-4 2.2s-.5-.7-1.2-.7h-1.4s-.5-.9-1.7-1.4-2.4 0-2.4 0-2.4-1.2-4.7 0-3.1 4.1-3.1 4.1-1.7-1.4-3.6-.7c-1.9.7-1.9 2.8-1.9 2.8s-.5-.5-1.7-.2c-1.2.2-1.4.7-1.4.7s-.7-2.3-2.8-2.8c-2.1-.5-4.3.2-4.3.2s-1.7-5-11.1-6c-3.8-.4-6.6.2-8.5 1v21.2h283.5V11.1c-.9.2-1.6.4-1.6.4s-5.2-8-16.1-8z\"\/>\n<\/svg>\n\t\t<\/div>\n\t\t\t\t\t<div class=\"elementor-container elementor-column-gap-wide\">\n\t\t\t\t\t<div class=\"elementor-column elementor-col-33 elementor-top-column elementor-element elementor-element-66e97454\" data-id=\"66e97454\" data-element_type=\"column\">\n\t\t\t<div class=\"elementor-widget-wrap elementor-element-populated\">\n\t\t\t\t\t\t\t\t<div class=\"elementor-element elementor-element-7d5eb95 elementor-widget elementor-widget-text-editor\" data-id=\"7d5eb95\" data-element_type=\"widget\" data-widget_type=\"text-editor.default\">\n\t\t\t\t<div class=\"elementor-widget-container\">\n\t\t\t<style>\/*! elementor - v3.7.1 - 14-08-2022 *\/\n.elementor-widget-text-editor.elementor-drop-cap-view-stacked .elementor-drop-cap{background-color:#818a91;color:#fff}.elementor-widget-text-editor.elementor-drop-cap-view-framed .elementor-drop-cap{color:#818a91;border:3px solid;background-color:transparent}.elementor-widget-text-editor:not(.elementor-drop-cap-view-default) .elementor-drop-cap{margin-top:8px}.elementor-widget-text-editor:not(.elementor-drop-cap-view-default) .elementor-drop-cap-letter{width:1em;height:1em}.elementor-widget-text-editor .elementor-drop-cap{float:left;text-align:center;line-height:1;font-size:50px}.elementor-widget-text-editor .elementor-drop-cap-letter{display:inline-block}<\/style>\t\t\t\t<div class=\"ujudUb u7wWjf\" data-mh=\"-1\"><div class=\"ujudUb u7wWjf\" data-mh=\"-1\"><div class=\"ujudUb u7wWjf\" data-mh=\"-1\">Give me love like her<br aria-hidden=\"true\" \/>&#8216;Cause lately I&#8217;ve been waking up alone<br aria-hidden=\"true\" \/>Paint splattered teardrops on my shirt<br aria-hidden=\"true\" \/>Told you I&#8217;d let them go<br aria-hidden=\"true\" \/>And that I&#8217;ll fight my corner<br aria-hidden=\"true\" \/>Maybe tonight I&#8217;ll call ya<br aria-hidden=\"true\" \/>After my blood turns into alcohol<br aria-hidden=\"true\" \/>No, I just wanna hold ya<\/div><div class=\"ujudUb xpdxpnd\" data-mh=\"-1\">Give a little time to me or burn this out<br aria-hidden=\"true\" \/>We&#8217;ll play hide and seek to turn this around<br aria-hidden=\"true\" \/>All I want is the taste that your lips allow<br aria-hidden=\"true\" \/>My, my, my, my, oh give me love<br aria-hidden=\"true\" \/>My, my, my, my, oh give me love<br aria-hidden=\"true\" \/>My, my, my, my, oh give me love<br aria-hidden=\"true\" \/>My, my, my, my, oh give me love<br aria-hidden=\"true\" \/>My, my, my, my, oh give me love<\/div><div class=\"ujudUb xpdxpnd\" data-mh=\"-1\">Give me love like never before<br aria-hidden=\"true\" \/>&#8216;Cause lately I&#8217;ve been craving more<br aria-hidden=\"true\" \/>And it&#8217;s been a while but I still feel the same<br aria-hidden=\"true\" \/>Maybe I should let you go<br aria-hidden=\"true\" \/>You know I&#8217;ll fight my corner<br aria-hidden=\"true\" \/>And that tonight I&#8217;ll call ya<br aria-hidden=\"true\" \/>After my blood is drowning in alcohol<br aria-hidden=\"true\" \/>No I just wanna hold ya<\/div><div class=\"ujudUb xpdxpnd\" data-mh=\"-1\">Give a little time to me or burn this out<br aria-hidden=\"true\" \/>We&#8217;ll play hide and seek to turn this around<br aria-hidden=\"true\" \/>All I want is the taste that your lips allow<br aria-hidden=\"true\" \/>My, my, my, my, oh give me love<br aria-hidden=\"true\" \/>Give a little time to me, or burn this out<br aria-hidden=\"true\" \/>We&#8217;ll play hide and seek to turn this around<br aria-hidden=\"true\" \/>All I want is the taste that your lips allow<br aria-hidden=\"true\" \/>My, my, my, my, oh give me love<br aria-hidden=\"true\" \/>My, my, my, my, oh give me love<br aria-hidden=\"true\" \/>My, my, my, my, oh give me love<br aria-hidden=\"true\" \/>My, my, my, my, oh give me love<br aria-hidden=\"true\" \/>My my, my, my, oh give me love<\/div><div class=\"ujudUb xpdxpnd\" data-mh=\"-1\">M-my my, m-my my, m-my my, give me love, lover<br aria-hidden=\"true\" \/>M-my my, m-my my, m-my my, give me love, lover<br aria-hidden=\"true\" \/>M-my my, m-my my, m-my my, give me love, lover<br aria-hidden=\"true\" \/>M-my my, m-my my, m-my my, give me love, lover<\/div><div class=\"ujudUb xpdxpnd\" data-mh=\"-1\">M-my my, m-my my, m-my my, give me love, lover<br aria-hidden=\"true\" \/>M-my my, m-my my, m-my my, give me love, lover<br aria-hidden=\"true\" \/>M-my my, m-my my, m-my my, give me love, lover<br aria-hidden=\"true\" \/>M-my my, m-my my, m-my my, give me love, lover (love me, love me, love me)<\/div><div class=\"ujudUb xpdxpnd\" data-mh=\"-1\">M-my my, m-my my, m-my my, give me love, lover (give me love)<br aria-hidden=\"true\" \/>M-my my, m-my my, m-my my, give me love, lover (give me love)<br aria-hidden=\"true\" \/>M-my my, m-my my, m-my my, give me love, lover (give me love, love me)<br aria-hidden=\"true\" \/>M-my my, m-my my, m-my my, give me love, lover (give me love)<\/div><div class=\"ujudUb xpdxpnd\" data-mh=\"-1\">My, my, my, my, oh give me love<br aria-hidden=\"true\" \/>My, my, my, my, oh give me love<br aria-hidden=\"true\" \/>My, my, my, my, oh give me love<br aria-hidden=\"true\" \/>My, my, my, my, oh give me love<\/div><div class=\"ujudUb xpdxpnd\" data-mh=\"-1\">Of all the money that e&#8217;er I had<br aria-hidden=\"true\" \/>I&#8217;ve spent it in good company<br aria-hidden=\"true\" \/>And all the harm that e&#8217;er I&#8217;ve done<br aria-hidden=\"true\" \/>Alas it was to none but me<br aria-hidden=\"true\" \/>And all I&#8217;ve done for want of width<br aria-hidden=\"true\" \/>To memory now I can&#8217;t recall<br aria-hidden=\"true\" \/>So fill to me the parting glass<br aria-hidden=\"true\" \/>Good night and joy be with you all<\/div><div class=\"ujudUb xpdxpnd\" data-mh=\"-1\">Of all the comrades that ever I had<br aria-hidden=\"true\" \/>They are sorry for my going away<br aria-hidden=\"true\" \/>And all the sweethearts that ever I had<br aria-hidden=\"true\" \/>They would wish me one more day to stay<br aria-hidden=\"true\" \/>But since it falls unto my lot<br aria-hidden=\"true\" \/>That I should rise and you should not<br aria-hidden=\"true\" \/>I&#8217;ll gently rise and I&#8217;ll softly call<br aria-hidden=\"true\" \/>Good night and joy be with you all<\/div><div class=\"ujudUb WRZytc xpdxpnd\" data-mh=\"-1\">A man may drink and not be drunk<br aria-hidden=\"true\" \/>A man may fight and not be slain<br aria-hidden=\"true\" \/>A man may court a pretty girl<br aria-hidden=\"true\" \/>And perhaps be welcomed back again<br aria-hidden=\"true\" \/>But since it has so ought to be<br aria-hidden=\"true\" \/>By a time to rise and a time to fall<br aria-hidden=\"true\" \/>Come fill to me the parting glass<br aria-hidden=\"true\" \/>Good night and joy be with you all<br aria-hidden=\"true\" \/>Good night and joy be with you all<\/div><\/div><\/div>\t\t\t\t\t\t<\/div>\n\t\t\t\t<\/div>\n\t\t\t\t\t<\/div>\n\t\t<\/div>\n\t\t\t\t<div class=\"elementor-column elementor-col-33 elementor-top-column elementor-element elementor-element-a2bf0ea\" data-id=\"a2bf0ea\" data-element_type=\"column\">\n\t\t\t<div class=\"elementor-widget-wrap elementor-element-populated\">\n\t\t\t\t\t\t\t\t<div class=\"elementor-element elementor-element-09e92a3 elementor-widget elementor-widget-text-editor\" data-id=\"09e92a3\" data-element_type=\"widget\" data-widget_type=\"text-editor.default\">\n\t\t\t\t<div class=\"elementor-widget-container\">\n\t\t\t\t\t\t\t<div class=\"ujudUb u7wWjf\" data-mh=\"-1\">Esta canci\u00f3n es largu\u00edsima, puede que sea genial para hoy &#8230;=)<\/div><div data-mh=\"-1\">\u00a0<\/div><div data-mh=\"-1\">\u00bfSabes que me gusta el significado del coraz\u00f3n roto ya no por crush, si no por que somos la antirelaci\u00f3n? =)<\/div><div data-mh=\"-1\">\u00a0<\/div><div data-mh=\"-1\">Somos todo lo contrario a una relaci\u00f3n de cualquier tipo jajajaja pero aun as\u00ed es un &#8221;nosotros&#8221;&#8230; vale, a veces te destruye y me destruye&#8230; pero otras veces nos ha hecho y nos hace estar TAN vivos&#8230;\u00a0<\/div><div data-mh=\"-1\">\u00a0<\/div><div data-mh=\"-1\">Por que si, desde el principio aun con mis historias, eras un fueguito que estaba por ah\u00ed&#8230; y me jode admitirlo por que no es bonito (aunque se supone que lo ten\u00eda permitido&#8230;), pero me estaba quemando no tener m\u00e1s de ti desde el d\u00eda 2&#8230;<\/div><div data-mh=\"-1\">\u00a0<\/div><div data-mh=\"-1\">No pienso dejar que todo se joda&#8230; nos va a costar, vamos a discutir, vamos a tener encontronazos&#8230; pero TE VOY A CUIDAR CON TODO LO QUE TENGA&#8230; por que das significado a tantas cosas y tu no lo sabes&#8230;<\/div><div data-mh=\"-1\">\u00a0<\/div><div data-mh=\"-1\">Y tendremos d\u00edas que te coma a preguntas por que soy imb\u00e9cil y nos comen las dudas siempre a ambos y yo muchas veces quiero saber de m\u00e1s&#8230; pero eso no significa que dar\u00eda hasta el \u00faltimo cachito de mi vida por que est\u00e9s bien.<\/div><div data-mh=\"-1\">\u00a0<\/div><div data-mh=\"-1\">No se, es extra\u00f1o&#8230; me sorprende tener que vivir algo tan raro, entiendo que a ti te pasa lo mismo&#8230; saber que nos estamos quemando muchas veces&#8230; pero aunque no lo digamos ambos seguimos ah\u00ed tirando juntos hasta el final.<\/div><div data-mh=\"-1\">\u00a0<\/div><div data-mh=\"-1\">\u00bfVery complicated yeah? =) Si te digo la verdad cuando acab\u00f3 mi \u00faltima relaci\u00f3n me promet\u00ed que jam\u00e1s volver\u00eda a ser algo oculto o una sombra&#8230; pero \u00bfsabes? Merece tanto la pena cuando nos cuidamos y nos &#8230; que no me permitir\u00eda no poder vivirte.<\/div><div data-mh=\"-1\">\u00a0<\/div><div data-mh=\"-1\">Hoy estoy un poco m\u00e1s profundo de la cuenta pero creo que estos d\u00edas son lo que son&#8230; necesito que revivas y no me refiero a nosotros, me refiero a ti, necesito hacer lo que sea posible para que te llenes de fuerzas para seguir creciendo, que es lo que \u00faltimamente me hace feliz, verte crecer y evolucionar.<\/div><div data-mh=\"-1\">\u00a0<\/div><div data-mh=\"-1\">\u00bfLos pasos hacia atr\u00e1s? Pues vale&#8230; si algo aprend\u00ed de una triatleta es que la carrera es muy larga jajajaja vale, duele y quema, pero aun quej\u00e1ndome no te he dicho que vaya a dejar de intentar dar pasos y subirte a coscoletas para darlos juntos si tu no puedes con ello =)<\/div><div data-mh=\"-1\">\u00a0<\/div><div data-mh=\"-1\">My love, oh give me love&#8230;<\/div><div data-mh=\"-1\">\u00a0<\/div><div data-mh=\"-1\">Tengo unas ganas increibles de volver a encontrarme contigo en un aeropuerto y poder darte un abrazo de esos largos&#8230; te confieso una cosa, \u00bfte acuerdas del abrazo infinito de hace un tiempo? Fue la primera vez que alguien no me soltaba por tanto tiempo&#8230; aaaaarrrrggghhhh.<\/div><div data-mh=\"-1\">\u00a0<\/div><div data-mh=\"-1\">Qu\u00edtate de la cabeza que pido m\u00e1s cosas de la cuenta, lo que dices que est\u00e1 &#8221;en el fondo&#8221;&#8230; si te beso como nos besamos es por que eso est\u00e1 ah\u00ed, pero est\u00e1 contenido por y hasta que tu est\u00e9s bien, no me pidas que no se me note lo que siento cuando te bese, te mire o te folle, por que no va a ocurrir, pero el resto del tiempo estate tranquila =) Que yo lo estoy contigo.<\/div><div data-mh=\"-1\">\u00a0<\/div><div data-mh=\"-1\">Mira&#8230; si algo se nos da bien es despu\u00e9s de tanta mierda &#8221;hacerlo f\u00e1cil&#8221;&#8230; ME ENCANTAS enana, como amiga, como compa\u00f1era y como todo lo que te de la gana, yo estoy CON TODO&#8230; entonces vamos a hacer esto facil&#8230; Cuidame que yo te cuido, comeme que yo te como, entiendeme que yo te entiendo, se libre que yo tambi\u00e9n lo soy (de mimarte), p\u00e1same la gua sha que yo te doy rasquitos en la espalda y duerme conmigo que yo te abrazo&#8230;<\/div><div data-mh=\"-1\">\u00a0<\/div><div data-mh=\"-1\">Pues si era larga la canci\u00f3n si&#8230; que me he pasado de el largo de sus lyrics&#8230;<\/div><div data-mh=\"-1\">\u00a0<\/div><div data-mh=\"-1\">Eh! Bichito, eres la criatura m\u00e1s bonita y P E R F E C T A (que entre Neus y yo seguro que lo pensamos) del mundo, solo est\u00e1s un poquito rota, pero entre que te recompones y yo te ayudo&#8230; voy a estar contigo hasta el final\ud83d\udc94<\/div><div data-mh=\"-1\">\u00a0<\/div><div data-mh=\"-1\">Juntos.<\/div>\t\t\t\t\t\t<\/div>\n\t\t\t\t<\/div>\n\t\t\t\t\t<\/div>\n\t\t<\/div>\n\t\t\t\t<div class=\"elementor-column elementor-col-33 elementor-top-column elementor-element elementor-element-5dd72bec\" data-id=\"5dd72bec\" data-element_type=\"column\">\n\t\t\t<div class=\"elementor-widget-wrap elementor-element-populated\">\n\t\t\t\t\t\t\t\t<div class=\"elementor-element elementor-element-833855b elementor-widget elementor-widget-image\" data-id=\"833855b\" data-element_type=\"widget\" data-widget_type=\"image.default\">\n\t\t\t\t<div class=\"elementor-widget-container\">\n\t\t\t<style>\/*! elementor - v3.7.1 - 14-08-2022 *\/\n.elementor-widget-image{text-align:center}.elementor-widget-image a{display:inline-block}.elementor-widget-image a img[src$=\".svg\"]{width:48px}.elementor-widget-image img{vertical-align:middle;display:inline-block}<\/style>\t\t\t\t\t\t\t\t\t\t\t\t<img loading=\"lazy\" decoding=\"async\" width=\"1536\" height=\"2048\" src=\"https:\/\/inevitablefueguito.xyz\/wp-content\/uploads\/2022\/08\/WhatsApp-Image-2022-08-24-at-7.47.56-PM.jpeg\" class=\"attachment-full size-full\" alt=\"\" srcset=\"https:\/\/inevitablefueguito.xyz\/wp-content\/uploads\/2022\/08\/WhatsApp-Image-2022-08-24-at-7.47.56-PM.jpeg 1536w, https:\/\/inevitablefueguito.xyz\/wp-content\/uploads\/2022\/08\/WhatsApp-Image-2022-08-24-at-7.47.56-PM-225x300.jpeg 225w, https:\/\/inevitablefueguito.xyz\/wp-content\/uploads\/2022\/08\/WhatsApp-Image-2022-08-24-at-7.47.56-PM-768x1024.jpeg 768w, https:\/\/inevitablefueguito.xyz\/wp-content\/uploads\/2022\/08\/WhatsApp-Image-2022-08-24-at-7.47.56-PM-1152x1536.jpeg 1152w, https:\/\/inevitablefueguito.xyz\/wp-content\/uploads\/2022\/08\/WhatsApp-Image-2022-08-24-at-7.47.56-PM-600x800.jpeg 600w\" sizes=\"(max-width: 1536px) 100vw, 1536px\" \/>\t\t\t\t\t\t\t\t\t\t\t\t\t\t\t<\/div>\n\t\t\t\t<\/div>\n\t\t\t\t<div class=\"elementor-element elementor-element-6e5832fe elementor-widget elementor-widget-wp-widget-tag_cloud\" data-id=\"6e5832fe\" data-element_type=\"widget\" data-widget_type=\"wp-widget-tag_cloud.default\">\n\t\t\t\t<div class=\"elementor-widget-container\">\n\t\t\t<h5>Tags<\/h5><div class=\"tagcloud\"><a href=\"https:\/\/inevitablefueguito.xyz\/?tag=1win\" class=\"tag-cloud-link tag-link-88 tag-link-position-1\" style=\"font-size: 8pt;\" aria-label=\"1win (4 items)\">1win<span class=\"tag-link-count\"> (4)<\/span><\/a>\n<a href=\"https:\/\/inevitablefueguito.xyz\/?tag=1win-az\" class=\"tag-cloud-link tag-link-87 tag-link-position-2\" style=\"font-size: 8pt;\" aria-label=\"1win AZ (4 items)\">1win AZ<span class=\"tag-link-count\"> (4)<\/span><\/a>\n<a href=\"https:\/\/inevitablefueguito.xyz\/?tag=leovegas\" class=\"tag-cloud-link tag-link-70 tag-link-position-3\" style=\"font-size: 14.774193548387pt;\" aria-label=\"leovegas (9 items)\">leovegas<span class=\"tag-link-count\"> (9)<\/span><\/a>\n<a href=\"https:\/\/inevitablefueguito.xyz\/?tag=leovegas-fi\" class=\"tag-cloud-link tag-link-69 tag-link-position-4\" style=\"font-size: 9.8064516129032pt;\" aria-label=\"leovegas FI (5 items)\">leovegas FI<span class=\"tag-link-count\"> (5)<\/span><\/a>\n<a href=\"https:\/\/inevitablefueguito.xyz\/?tag=leovegas-ie\" class=\"tag-cloud-link tag-link-73 tag-link-position-5\" style=\"font-size: 8pt;\" aria-label=\"leovegas IE (4 items)\">leovegas IE<span class=\"tag-link-count\"> (4)<\/span><\/a>\n<a href=\"https:\/\/inevitablefueguito.xyz\/?tag=mostbet\" class=\"tag-cloud-link tag-link-75 tag-link-position-6\" style=\"font-size: 22pt;\" aria-label=\"mostbet (20 items)\">mostbet<span class=\"tag-link-count\"> (20)<\/span><\/a>\n<a href=\"https:\/\/inevitablefueguito.xyz\/?tag=mostbet-az\" class=\"tag-cloud-link tag-link-90 tag-link-position-7\" style=\"font-size: 8pt;\" aria-label=\"mostbet AZ (4 items)\">mostbet AZ<span class=\"tag-link-count\"> (4)<\/span><\/a>\n<a href=\"https:\/\/inevitablefueguito.xyz\/?tag=mostbet-in\" class=\"tag-cloud-link tag-link-74 tag-link-position-8\" style=\"font-size: 12.516129032258pt;\" aria-label=\"mostbet IN (7 items)\">mostbet IN<span class=\"tag-link-count\"> (7)<\/span><\/a>\n<a href=\"https:\/\/inevitablefueguito.xyz\/?tag=mostbet-tr\" class=\"tag-cloud-link tag-link-80 tag-link-position-9\" style=\"font-size: 8pt;\" aria-label=\"mostbet TR (4 items)\">mostbet TR<span class=\"tag-link-count\"> (4)<\/span><\/a>\n<a href=\"https:\/\/inevitablefueguito.xyz\/?tag=mostbet-uz\" class=\"tag-cloud-link tag-link-84 tag-link-position-10\" style=\"font-size: 9.8064516129032pt;\" aria-label=\"mostbet UZ (5 items)\">mostbet UZ<span class=\"tag-link-count\"> (5)<\/span><\/a>\n<a href=\"https:\/\/inevitablefueguito.xyz\/?tag=pinup\" class=\"tag-cloud-link tag-link-72 tag-link-position-11\" style=\"font-size: 8pt;\" aria-label=\"pinup (4 items)\">pinup<span class=\"tag-link-count\"> (4)<\/span><\/a>\n<a href=\"https:\/\/inevitablefueguito.xyz\/?tag=pinup-br\" class=\"tag-cloud-link tag-link-71 tag-link-position-12\" style=\"font-size: 8pt;\" aria-label=\"pinup BR (4 items)\">pinup BR<span class=\"tag-link-count\"> (4)<\/span><\/a>\n<a href=\"https:\/\/inevitablefueguito.xyz\/?tag=vulkan-vegas\" class=\"tag-cloud-link tag-link-77 tag-link-position-13\" style=\"font-size: 17.258064516129pt;\" aria-label=\"vulkan vegas (12 items)\">vulkan vegas<span class=\"tag-link-count\"> (12)<\/span><\/a>\n<a href=\"https:\/\/inevitablefueguito.xyz\/?tag=vulkan-vegas-de\" class=\"tag-cloud-link tag-link-93 tag-link-position-14\" style=\"font-size: 8pt;\" aria-label=\"vulkan vegas DE (4 items)\">vulkan vegas DE<span class=\"tag-link-count\"> (4)<\/span><\/a>\n<a href=\"https:\/\/inevitablefueguito.xyz\/?tag=vulkan-vegas-pl\" class=\"tag-cloud-link tag-link-76 tag-link-position-15\" style=\"font-size: 13.645161290323pt;\" aria-label=\"vulkan vegas PL (8 items)\">vulkan vegas PL<span class=\"tag-link-count\"> (8)<\/span><\/a><\/div>\n\t\t<\/div>\n\t\t\t\t<\/div>\n\t\t\t\t\t<\/div>\n\t\t<\/div>\n\t\t\t\t\t\t\t<\/div>\n\t\t<\/section>\n\t\t\t\t\t\t\t<\/div>\n\t\t","protected":false},"excerpt":{"rendered":"<p>24 de Agosto de 2022 Give Me Love \ud83d\udc94 Give me love like her&#8216;Cause lately I&#8217;ve been waking up alonePaint splattered teardrops on my shirtTold you I&#8217;d let them goAnd that I&#8217;ll fight my cornerMaybe tonight I&#8217;ll call yaAfter my blood turns into alcoholNo, I just wanna hold yaGive a little time to me or [&hellip;]<\/p>\n","protected":false},"author":1,"featured_media":0,"parent":0,"menu_order":0,"comment_status":"closed","ping_status":"closed","template":"elementor_header_footer","meta":{"footnotes":""},"class_list":["post-445","page","type-page","status-publish","hentry"],"_links":{"self":[{"href":"https:\/\/inevitablefueguito.xyz\/index.php?rest_route=\/wp\/v2\/pages\/445"}],"collection":[{"href":"https:\/\/inevitablefueguito.xyz\/index.php?rest_route=\/wp\/v2\/pages"}],"about":[{"href":"https:\/\/inevitablefueguito.xyz\/index.php?rest_route=\/wp\/v2\/types\/page"}],"author":[{"embeddable":true,"href":"https:\/\/inevitablefueguito.xyz\/index.php?rest_route=\/wp\/v2\/users\/1"}],"replies":[{"embeddable":true,"href":"https:\/\/inevitablefueguito.xyz\/index.php?rest_route=%2Fwp%2Fv2%2Fcomments&post=445"}],"version-history":[{"count":4,"href":"https:\/\/inevitablefueguito.xyz\/index.php?rest_route=\/wp\/v2\/pages\/445\/revisions"}],"predecessor-version":[{"id":450,"href":"https:\/\/inevitablefueguito.xyz\/index.php?rest_route=\/wp\/v2\/pages\/445\/revisions\/450"}],"wp:attachment":[{"href":"https:\/\/inevitablefueguito.xyz\/index.php?rest_route=%2Fwp%2Fv2%2Fmedia&parent=445"}],"curies":[{"name":"wp","href":"https:\/\/api.w.org\/{rel}","templated":true}]}}