{"id":482,"date":"2022-08-27T18:33:22","date_gmt":"2022-08-27T18:33:22","guid":{"rendered":"https:\/\/inevitablefueguito.xyz\/?page_id=482"},"modified":"2022-08-27T22:48:35","modified_gmt":"2022-08-27T22:48:35","slug":"tobuildahome","status":"publish","type":"page","link":"https:\/\/inevitablefueguito.xyz\/?page_id=482","title":{"rendered":"To Build a Home"},"content":{"rendered":"\t\t<div data-elementor-type=\"wp-page\" data-elementor-id=\"482\" class=\"elementor elementor-482\">\n\t\t\t\t\t\t\t\t\t<section class=\"elementor-section elementor-top-section elementor-element elementor-element-291d084 elementor-section-boxed elementor-section-height-default elementor-section-height-default\" data-id=\"291d084\" data-element_type=\"section\" data-settings=\"{&quot;background_background&quot;:&quot;classic&quot;}\">\n\t\t\t\t\t\t\t<div class=\"elementor-background-overlay\"><\/div>\n\t\t\t\t\t\t\t<div class=\"elementor-container elementor-column-gap-wide\">\n\t\t\t\t\t<div class=\"elementor-column elementor-col-100 elementor-top-column elementor-element elementor-element-3ab295\" data-id=\"3ab295\" data-element_type=\"column\">\n\t\t\t<div class=\"elementor-widget-wrap elementor-element-populated\">\n\t\t\t\t\t\t\t\t<div class=\"elementor-element elementor-element-13c7b7c8 elementor-widget elementor-widget-heading\" data-id=\"13c7b7c8\" data-element_type=\"widget\" data-widget_type=\"heading.default\">\n\t\t\t\t<div class=\"elementor-widget-container\">\n\t\t\t<style>\/*! elementor - v3.7.1 - 14-08-2022 *\/\n.elementor-heading-title{padding:0;margin:0;line-height:1}.elementor-widget-heading .elementor-heading-title[class*=elementor-size-]>a{color:inherit;font-size:inherit;line-height:inherit}.elementor-widget-heading .elementor-heading-title.elementor-size-small{font-size:15px}.elementor-widget-heading .elementor-heading-title.elementor-size-medium{font-size:19px}.elementor-widget-heading .elementor-heading-title.elementor-size-large{font-size:29px}.elementor-widget-heading .elementor-heading-title.elementor-size-xl{font-size:39px}.elementor-widget-heading .elementor-heading-title.elementor-size-xxl{font-size:59px}<\/style><h1 class=\"elementor-heading-title elementor-size-default\">27 de Agosto de 2022<\/h1>\t\t<\/div>\n\t\t\t\t<\/div>\n\t\t\t\t<div class=\"elementor-element elementor-element-d530340 elementor-widget elementor-widget-heading\" data-id=\"d530340\" data-element_type=\"widget\" data-widget_type=\"heading.default\">\n\t\t\t\t<div class=\"elementor-widget-container\">\n\t\t\t<h1 class=\"elementor-heading-title elementor-size-default\">To Build a Home \ud83c\udfe0<\/h1>\t\t<\/div>\n\t\t\t\t<\/div>\n\t\t\t\t\t<\/div>\n\t\t<\/div>\n\t\t\t\t\t\t\t<\/div>\n\t\t<\/section>\n\t\t\t\t<section class=\"elementor-section elementor-top-section elementor-element elementor-element-187e6545 elementor-reverse-mobile elementor-section-boxed elementor-section-height-default elementor-section-height-default\" data-id=\"187e6545\" data-element_type=\"section\" data-settings=\"{&quot;background_background&quot;:&quot;classic&quot;,&quot;shape_divider_bottom&quot;:&quot;clouds&quot;,&quot;shape_divider_bottom_negative&quot;:&quot;yes&quot;}\">\n\t\t\t\t\t<div class=\"elementor-shape elementor-shape-bottom\" data-negative=\"true\">\n\t\t\t<svg xmlns=\"http:\/\/www.w3.org\/2000\/svg\" viewBox=\"0 0 283.5 27.8\" preserveAspectRatio=\"xMidYMax slice\">\n\t<path class=\"elementor-shape-fill\" d=\"M265.8 3.5c-10.9 0-15.9 6.2-15.9 6.2s-3.6-3.5-9.2-.9c-9.1 4.1-4.4 13.4-4.4 13.4s-1.2.2-1.9.9c-.6.7-.5 1.9-.5 1.9s-1-.5-2.3-.2c-1.3.3-1.6 1.4-1.6 1.4s.4-3.4-1.5-5c-3.9-3.4-8.3-.2-8.3-.2s-.6-.7-.9-.9c-.4-.2-1.2-.2-1.2-.2s-4.4-3.6-11.5-2.6-10.4 7.9-10.4 7.9-.5-3.3-3.9-4.9c-4.8-2.4-7.4 0-7.4 0s2.4-4.1-1.9-6.4-6.2 1.2-6.2 1.2-.9-.5-2.1-.5-2.3 1.1-2.3 1.1.1-.7-1.1-1.1c-1.2-.4-2 0-2 0s3.6-6.8-3.5-8.9c-6-1.8-7.9 2.6-8.4 4-.1-.3-.4-.7-.9-1.1-1-.7-1.3-.5-1.3-.5s1-4-1.7-5.2c-2.7-1.2-4.2 1.1-4.2 1.1s-3.1-1-5.7 1.4-2.1 5.5-2.1 5.5-.9 0-2.1.7-1.4 1.7-1.4 1.7-1.7-1.2-4.3-1.2c-2.6 0-4.5 1.2-4.5 1.2s-.7-1.5-2.8-2.4c-2.1-.9-4 0-4 0s2.6-5.9-4.7-9c-7.3-3.1-12.6 3.3-12.6 3.3s-.9 0-1.9.2c-.9.2-1.5.9-1.5.9S99.4 3 94.9 3.9c-4.5.9-5.7 5.7-5.7 5.7s-2.8-5-12.3-3.9-11.1 6-11.1 6-1.2-1.4-4-.7c-.8.2-1.3.5-1.8.9-.9-2.1-2.7-4.9-6.2-4.4-3.2.4-4 2.2-4 2.2s-.5-.7-1.2-.7h-1.4s-.5-.9-1.7-1.4-2.4 0-2.4 0-2.4-1.2-4.7 0-3.1 4.1-3.1 4.1-1.7-1.4-3.6-.7c-1.9.7-1.9 2.8-1.9 2.8s-.5-.5-1.7-.2c-1.2.2-1.4.7-1.4.7s-.7-2.3-2.8-2.8c-2.1-.5-4.3.2-4.3.2s-1.7-5-11.1-6c-3.8-.4-6.6.2-8.5 1v21.2h283.5V11.1c-.9.2-1.6.4-1.6.4s-5.2-8-16.1-8z\"\/>\n<\/svg>\n\t\t<\/div>\n\t\t\t\t\t<div class=\"elementor-container elementor-column-gap-wide\">\n\t\t\t\t\t<div class=\"elementor-column elementor-col-33 elementor-top-column elementor-element elementor-element-66e97454\" data-id=\"66e97454\" data-element_type=\"column\">\n\t\t\t<div class=\"elementor-widget-wrap elementor-element-populated\">\n\t\t\t\t\t\t\t\t<div class=\"elementor-element elementor-element-7d5eb95 elementor-widget elementor-widget-text-editor\" data-id=\"7d5eb95\" data-element_type=\"widget\" data-widget_type=\"text-editor.default\">\n\t\t\t\t<div class=\"elementor-widget-container\">\n\t\t\t<style>\/*! elementor - v3.7.1 - 14-08-2022 *\/\n.elementor-widget-text-editor.elementor-drop-cap-view-stacked .elementor-drop-cap{background-color:#818a91;color:#fff}.elementor-widget-text-editor.elementor-drop-cap-view-framed .elementor-drop-cap{color:#818a91;border:3px solid;background-color:transparent}.elementor-widget-text-editor:not(.elementor-drop-cap-view-default) .elementor-drop-cap{margin-top:8px}.elementor-widget-text-editor:not(.elementor-drop-cap-view-default) .elementor-drop-cap-letter{width:1em;height:1em}.elementor-widget-text-editor .elementor-drop-cap{float:left;text-align:center;line-height:1;font-size:50px}.elementor-widget-text-editor .elementor-drop-cap-letter{display:inline-block}<\/style>\t\t\t\t<div class=\"ujudUb u7wWjf\" data-mh=\"-1\"><div class=\"ujudUb u7wWjf\" data-mh=\"-1\"><div class=\"ujudUb u7wWjf\" data-mh=\"-1\">There is a house built out of stone<br \/>Wooden floors, walls and window sills<br \/>Tables and chairs worn by all of the dust<br \/>This is a place where I don&#8217;t feel alone<br \/>This is a place where I feel at home<\/div><div class=\"ujudUb u7wWjf\" data-mh=\"-1\"><br \/>&#8216;Cause, I built a home<br \/>For you<br \/>For me<\/div><div class=\"ujudUb u7wWjf\" data-mh=\"-1\"><br \/>Until it disappeared<br \/>From me<br \/>From you<\/div><div class=\"ujudUb u7wWjf\" data-mh=\"-1\"><br \/>And now, it&#8217;s time to leave and turn to dust<\/div><div class=\"ujudUb u7wWjf\" data-mh=\"-1\"><br \/>Out in the garden where we planted the seeds<br \/>There is a tree as old as me<br \/>Branches were sewn by the color of green<br \/>Ground had arose and passed it&#8217;s knees<\/div><div class=\"ujudUb u7wWjf\" data-mh=\"-1\"><br \/>By the cracks of the skin I climbed to the top<br \/>I climbed the tree to see the world<br \/>When the gusts came around to blow me down<br \/>I held on as tightly as you held onto me<br \/>I held on as tightly as you held onto me<\/div><div class=\"ujudUb u7wWjf\" data-mh=\"-1\"><br \/>And, I built a home<br \/>For you<br \/>For me<\/div><div class=\"ujudUb u7wWjf\" data-mh=\"-1\"><br \/>Until it disappeared<br \/>From me<br \/>From you<\/div><div class=\"ujudUb u7wWjf\" data-mh=\"-1\"><br \/>And now, it&#8217;s time<br \/>To leave and turn<br \/>To dust<\/div><\/div><\/div>\t\t\t\t\t\t<\/div>\n\t\t\t\t<\/div>\n\t\t\t\t\t<\/div>\n\t\t<\/div>\n\t\t\t\t<div class=\"elementor-column elementor-col-33 elementor-top-column elementor-element elementor-element-a2bf0ea\" data-id=\"a2bf0ea\" data-element_type=\"column\">\n\t\t\t<div class=\"elementor-widget-wrap elementor-element-populated\">\n\t\t\t\t\t\t\t\t<div class=\"elementor-element elementor-element-09e92a3 elementor-widget elementor-widget-text-editor\" data-id=\"09e92a3\" data-element_type=\"widget\" data-widget_type=\"text-editor.default\">\n\t\t\t\t<div class=\"elementor-widget-container\">\n\t\t\t\t\t\t\t<div class=\"ujudUb u7wWjf\" data-mh=\"-1\">Hoy va a ser dificil y he estado a punto de dejar este para ma\u00f1ana pero vamos a ello&#8230; adem\u00e1s ser\u00e1 cortito que hoy con este llevar\u00edas 3 leidos.<\/div><div data-mh=\"-1\">\u00a0<\/div><div data-mh=\"-1\">Esta canci\u00f3n lleva mucho tiempo en mi vida y estaba deseando que algo o alguien le diese sentido y nunca hab\u00eda ocurrido&#8230;<\/div><div data-mh=\"-1\">\u00a0<\/div><div data-mh=\"-1\">Pill\u00f3 sentido el maldito d\u00eda en el que te dormiste encima de mi y viste como colapse y no precisamente en el mal sentido&#8230;<\/div><div data-mh=\"-1\">\u00a0<\/div><div data-mh=\"-1\">Sabes que es la primera vez que me ha ocurrido eso jamas por que te lo he explicado ya, pero bueno una vez m\u00e1s&#8230; nunca me hab\u00eda sentido de aquella manera ni me lo esperaba, me sent\u00eda libre, no exist\u00eda nada m\u00e1s alrededor, no hab\u00eda problemas, ni trabajo, ni m\u00f3viles&#8230; eras solo tu, conmigo.<\/div><div data-mh=\"-1\">\u00a0<\/div><div data-mh=\"-1\">Es dif\u00edcil sentirse as\u00ed, nunca esperaba sentir eso de repente, ni siquiera con lo calculador y overthinker que soy, por eso me sobrepas\u00f3 y lo viste, fue una de las mejores sensaciones que he tenido nunca&#8230;<\/div><div data-mh=\"-1\">\u00a0<\/div><div data-mh=\"-1\">No se, estoy dispuesto a seguir sorprendi\u00e9ndome, a enco\u00f1arme aunque sea jodido, a seguir vi\u00e9ndolas venir, a jugarse el todo por el todo&#8230; si al otro lado est\u00e1 esa sensaci\u00f3n o cualquiera de las que lo rodea.<\/div><div data-mh=\"-1\">\u00a0<\/div><div data-mh=\"-1\">Es muy jodido y lo sabemos, a veces sale el ladito oscuro, ese que le da vueltas a todo pero que obviamos, ese que se tiene que guardar cosas buenas que decirte por no liarla por el camino, el que pone los pies en la tierra&#8230;\u00a0<\/div><div data-mh=\"-1\">\u00a0<\/div><div data-mh=\"-1\">Tres post en 24 horas como quien dice&#8230; not bad baby&#8230; not bad.<\/div><div data-mh=\"-1\">\u00a0<\/div><div data-mh=\"-1\">Pues que resumen no? Sentirme como en casa, construir un hogar para nosotros&#8230;<\/div><div data-mh=\"-1\">\u00a0<\/div><div data-mh=\"-1\">Todo un poco agridulce en general, pero no vas a dejar de ser el bichito m\u00e1s incre\u00edble y bonito de todas las galaxias.<\/div><div data-mh=\"-1\">\u00a0<\/div><div data-mh=\"-1\">Sentirme como en casa puede ser una de las sensaciones m\u00e1s bonitas que me das.\ud83c\udfe0<\/div><div data-mh=\"-1\">\u00a0<\/div><div data-mh=\"-1\">Y es una de las mejores razones que tengo para decirte que me voy a dejar el alma y todo lo que tenga por esto.<\/div>\t\t\t\t\t\t<\/div>\n\t\t\t\t<\/div>\n\t\t\t\t\t<\/div>\n\t\t<\/div>\n\t\t\t\t<div class=\"elementor-column elementor-col-33 elementor-top-column elementor-element elementor-element-5dd72bec\" data-id=\"5dd72bec\" data-element_type=\"column\">\n\t\t\t<div class=\"elementor-widget-wrap elementor-element-populated\">\n\t\t\t\t\t\t\t\t<div class=\"elementor-element elementor-element-833855b elementor-widget elementor-widget-image\" data-id=\"833855b\" data-element_type=\"widget\" data-widget_type=\"image.default\">\n\t\t\t\t<div class=\"elementor-widget-container\">\n\t\t\t<style>\/*! elementor - v3.7.1 - 14-08-2022 *\/\n.elementor-widget-image{text-align:center}.elementor-widget-image a{display:inline-block}.elementor-widget-image a img[src$=\".svg\"]{width:48px}.elementor-widget-image img{vertical-align:middle;display:inline-block}<\/style>\t\t\t\t\t\t\t\t\t\t\t\t<img loading=\"lazy\" decoding=\"async\" width=\"890\" height=\"1454\" src=\"https:\/\/inevitablefueguito.xyz\/wp-content\/uploads\/2022\/08\/WhatsApp-Image-2022-08-18-at-4.57.25-AM-e1661625268347.jpeg\" class=\"attachment-full size-full\" alt=\"\" srcset=\"https:\/\/inevitablefueguito.xyz\/wp-content\/uploads\/2022\/08\/WhatsApp-Image-2022-08-18-at-4.57.25-AM-e1661625268347.jpeg 890w, https:\/\/inevitablefueguito.xyz\/wp-content\/uploads\/2022\/08\/WhatsApp-Image-2022-08-18-at-4.57.25-AM-e1661625268347-184x300.jpeg 184w, https:\/\/inevitablefueguito.xyz\/wp-content\/uploads\/2022\/08\/WhatsApp-Image-2022-08-18-at-4.57.25-AM-e1661625268347-627x1024.jpeg 627w, https:\/\/inevitablefueguito.xyz\/wp-content\/uploads\/2022\/08\/WhatsApp-Image-2022-08-18-at-4.57.25-AM-e1661625268347-768x1255.jpeg 768w, https:\/\/inevitablefueguito.xyz\/wp-content\/uploads\/2022\/08\/WhatsApp-Image-2022-08-18-at-4.57.25-AM-e1661625268347-600x980.jpeg 600w\" sizes=\"(max-width: 890px) 100vw, 890px\" \/>\t\t\t\t\t\t\t\t\t\t\t\t\t\t\t<\/div>\n\t\t\t\t<\/div>\n\t\t\t\t<div class=\"elementor-element elementor-element-6e5832fe elementor-widget elementor-widget-wp-widget-tag_cloud\" data-id=\"6e5832fe\" data-element_type=\"widget\" data-widget_type=\"wp-widget-tag_cloud.default\">\n\t\t\t\t<div class=\"elementor-widget-container\">\n\t\t\t<h5>Tags<\/h5><div class=\"tagcloud\"><a href=\"https:\/\/inevitablefueguito.xyz\/?tag=1win\" class=\"tag-cloud-link tag-link-88 tag-link-position-1\" style=\"font-size: 8pt;\" aria-label=\"1win (4 items)\">1win<span class=\"tag-link-count\"> (4)<\/span><\/a>\n<a href=\"https:\/\/inevitablefueguito.xyz\/?tag=1win-az\" class=\"tag-cloud-link tag-link-87 tag-link-position-2\" style=\"font-size: 8pt;\" aria-label=\"1win AZ (4 items)\">1win AZ<span class=\"tag-link-count\"> (4)<\/span><\/a>\n<a href=\"https:\/\/inevitablefueguito.xyz\/?tag=leovegas\" class=\"tag-cloud-link tag-link-70 tag-link-position-3\" style=\"font-size: 14.774193548387pt;\" aria-label=\"leovegas (9 items)\">leovegas<span class=\"tag-link-count\"> (9)<\/span><\/a>\n<a href=\"https:\/\/inevitablefueguito.xyz\/?tag=leovegas-fi\" class=\"tag-cloud-link tag-link-69 tag-link-position-4\" style=\"font-size: 9.8064516129032pt;\" aria-label=\"leovegas FI (5 items)\">leovegas FI<span class=\"tag-link-count\"> (5)<\/span><\/a>\n<a href=\"https:\/\/inevitablefueguito.xyz\/?tag=leovegas-ie\" class=\"tag-cloud-link tag-link-73 tag-link-position-5\" style=\"font-size: 8pt;\" aria-label=\"leovegas IE (4 items)\">leovegas IE<span class=\"tag-link-count\"> (4)<\/span><\/a>\n<a href=\"https:\/\/inevitablefueguito.xyz\/?tag=mostbet\" class=\"tag-cloud-link tag-link-75 tag-link-position-6\" style=\"font-size: 22pt;\" aria-label=\"mostbet (20 items)\">mostbet<span class=\"tag-link-count\"> (20)<\/span><\/a>\n<a href=\"https:\/\/inevitablefueguito.xyz\/?tag=mostbet-az\" class=\"tag-cloud-link tag-link-90 tag-link-position-7\" style=\"font-size: 8pt;\" aria-label=\"mostbet AZ (4 items)\">mostbet AZ<span class=\"tag-link-count\"> (4)<\/span><\/a>\n<a href=\"https:\/\/inevitablefueguito.xyz\/?tag=mostbet-in\" class=\"tag-cloud-link tag-link-74 tag-link-position-8\" style=\"font-size: 12.516129032258pt;\" aria-label=\"mostbet IN (7 items)\">mostbet IN<span class=\"tag-link-count\"> (7)<\/span><\/a>\n<a href=\"https:\/\/inevitablefueguito.xyz\/?tag=mostbet-tr\" class=\"tag-cloud-link tag-link-80 tag-link-position-9\" style=\"font-size: 8pt;\" aria-label=\"mostbet TR (4 items)\">mostbet TR<span class=\"tag-link-count\"> (4)<\/span><\/a>\n<a href=\"https:\/\/inevitablefueguito.xyz\/?tag=mostbet-uz\" class=\"tag-cloud-link tag-link-84 tag-link-position-10\" style=\"font-size: 9.8064516129032pt;\" aria-label=\"mostbet UZ (5 items)\">mostbet UZ<span class=\"tag-link-count\"> (5)<\/span><\/a>\n<a href=\"https:\/\/inevitablefueguito.xyz\/?tag=pinup\" class=\"tag-cloud-link tag-link-72 tag-link-position-11\" style=\"font-size: 8pt;\" aria-label=\"pinup (4 items)\">pinup<span class=\"tag-link-count\"> (4)<\/span><\/a>\n<a href=\"https:\/\/inevitablefueguito.xyz\/?tag=pinup-br\" class=\"tag-cloud-link tag-link-71 tag-link-position-12\" style=\"font-size: 8pt;\" aria-label=\"pinup BR (4 items)\">pinup BR<span class=\"tag-link-count\"> (4)<\/span><\/a>\n<a href=\"https:\/\/inevitablefueguito.xyz\/?tag=vulkan-vegas\" class=\"tag-cloud-link tag-link-77 tag-link-position-13\" style=\"font-size: 17.258064516129pt;\" aria-label=\"vulkan vegas (12 items)\">vulkan vegas<span class=\"tag-link-count\"> (12)<\/span><\/a>\n<a href=\"https:\/\/inevitablefueguito.xyz\/?tag=vulkan-vegas-de\" class=\"tag-cloud-link tag-link-93 tag-link-position-14\" style=\"font-size: 8pt;\" aria-label=\"vulkan vegas DE (4 items)\">vulkan vegas DE<span class=\"tag-link-count\"> (4)<\/span><\/a>\n<a href=\"https:\/\/inevitablefueguito.xyz\/?tag=vulkan-vegas-pl\" class=\"tag-cloud-link tag-link-76 tag-link-position-15\" style=\"font-size: 13.645161290323pt;\" aria-label=\"vulkan vegas PL (8 items)\">vulkan vegas PL<span class=\"tag-link-count\"> (8)<\/span><\/a><\/div>\n\t\t<\/div>\n\t\t\t\t<\/div>\n\t\t\t\t\t<\/div>\n\t\t<\/div>\n\t\t\t\t\t\t\t<\/div>\n\t\t<\/section>\n\t\t\t\t\t\t\t<\/div>\n\t\t","protected":false},"excerpt":{"rendered":"<p>27 de Agosto de 2022 To Build a Home \ud83c\udfe0 There is a house built out of stoneWooden floors, walls and window sillsTables and chairs worn by all of the dustThis is a place where I don&#8217;t feel aloneThis is a place where I feel at home&#8216;Cause, I built a homeFor youFor meUntil it disappearedFrom [&hellip;]<\/p>\n","protected":false},"author":1,"featured_media":0,"parent":0,"menu_order":0,"comment_status":"closed","ping_status":"closed","template":"elementor_header_footer","meta":{"footnotes":""},"class_list":["post-482","page","type-page","status-publish","hentry"],"_links":{"self":[{"href":"https:\/\/inevitablefueguito.xyz\/index.php?rest_route=\/wp\/v2\/pages\/482"}],"collection":[{"href":"https:\/\/inevitablefueguito.xyz\/index.php?rest_route=\/wp\/v2\/pages"}],"about":[{"href":"https:\/\/inevitablefueguito.xyz\/index.php?rest_route=\/wp\/v2\/types\/page"}],"author":[{"embeddable":true,"href":"https:\/\/inevitablefueguito.xyz\/index.php?rest_route=\/wp\/v2\/users\/1"}],"replies":[{"embeddable":true,"href":"https:\/\/inevitablefueguito.xyz\/index.php?rest_route=%2Fwp%2Fv2%2Fcomments&post=482"}],"version-history":[{"count":16,"href":"https:\/\/inevitablefueguito.xyz\/index.php?rest_route=\/wp\/v2\/pages\/482\/revisions"}],"predecessor-version":[{"id":502,"href":"https:\/\/inevitablefueguito.xyz\/index.php?rest_route=\/wp\/v2\/pages\/482\/revisions\/502"}],"wp:attachment":[{"href":"https:\/\/inevitablefueguito.xyz\/index.php?rest_route=%2Fwp%2Fv2%2Fmedia&parent=482"}],"curies":[{"name":"wp","href":"https:\/\/api.w.org\/{rel}","templated":true}]}}