{"id":521,"date":"2022-08-29T20:39:52","date_gmt":"2022-08-29T20:39:52","guid":{"rendered":"https:\/\/inevitablefueguito.xyz\/?page_id=521"},"modified":"2022-08-29T21:02:17","modified_gmt":"2022-08-29T21:02:17","slug":"one","status":"publish","type":"page","link":"https:\/\/inevitablefueguito.xyz\/?page_id=521","title":{"rendered":"One"},"content":{"rendered":"\t\t<div data-elementor-type=\"wp-page\" data-elementor-id=\"521\" class=\"elementor elementor-521\">\n\t\t\t\t\t\t\t\t\t<section class=\"elementor-section elementor-top-section elementor-element elementor-element-291d084 elementor-section-boxed elementor-section-height-default elementor-section-height-default\" data-id=\"291d084\" data-element_type=\"section\" data-settings=\"{&quot;background_background&quot;:&quot;classic&quot;}\">\n\t\t\t\t\t\t\t<div class=\"elementor-background-overlay\"><\/div>\n\t\t\t\t\t\t\t<div class=\"elementor-container elementor-column-gap-wide\">\n\t\t\t\t\t<div class=\"elementor-column elementor-col-100 elementor-top-column elementor-element elementor-element-3ab295\" data-id=\"3ab295\" data-element_type=\"column\">\n\t\t\t<div class=\"elementor-widget-wrap elementor-element-populated\">\n\t\t\t\t\t\t\t\t<div class=\"elementor-element elementor-element-13c7b7c8 elementor-widget elementor-widget-heading\" data-id=\"13c7b7c8\" data-element_type=\"widget\" data-widget_type=\"heading.default\">\n\t\t\t\t<div class=\"elementor-widget-container\">\n\t\t\t<style>\/*! elementor - v3.7.1 - 14-08-2022 *\/\n.elementor-heading-title{padding:0;margin:0;line-height:1}.elementor-widget-heading .elementor-heading-title[class*=elementor-size-]>a{color:inherit;font-size:inherit;line-height:inherit}.elementor-widget-heading .elementor-heading-title.elementor-size-small{font-size:15px}.elementor-widget-heading .elementor-heading-title.elementor-size-medium{font-size:19px}.elementor-widget-heading .elementor-heading-title.elementor-size-large{font-size:29px}.elementor-widget-heading .elementor-heading-title.elementor-size-xl{font-size:39px}.elementor-widget-heading .elementor-heading-title.elementor-size-xxl{font-size:59px}<\/style><h1 class=\"elementor-heading-title elementor-size-default\">29 de Agosto de 2022<\/h1>\t\t<\/div>\n\t\t\t\t<\/div>\n\t\t\t\t<div class=\"elementor-element elementor-element-d530340 elementor-widget elementor-widget-heading\" data-id=\"d530340\" data-element_type=\"widget\" data-widget_type=\"heading.default\">\n\t\t\t\t<div class=\"elementor-widget-container\">\n\t\t\t<h1 class=\"elementor-heading-title elementor-size-default\">One \ud83d\udc57<\/h1>\t\t<\/div>\n\t\t\t\t<\/div>\n\t\t\t\t\t<\/div>\n\t\t<\/div>\n\t\t\t\t\t\t\t<\/div>\n\t\t<\/section>\n\t\t\t\t<section class=\"elementor-section elementor-top-section elementor-element elementor-element-187e6545 elementor-reverse-mobile elementor-section-boxed elementor-section-height-default elementor-section-height-default\" data-id=\"187e6545\" data-element_type=\"section\" data-settings=\"{&quot;background_background&quot;:&quot;classic&quot;,&quot;shape_divider_bottom&quot;:&quot;clouds&quot;,&quot;shape_divider_bottom_negative&quot;:&quot;yes&quot;}\">\n\t\t\t\t\t<div class=\"elementor-shape elementor-shape-bottom\" data-negative=\"true\">\n\t\t\t<svg xmlns=\"http:\/\/www.w3.org\/2000\/svg\" viewBox=\"0 0 283.5 27.8\" preserveAspectRatio=\"xMidYMax slice\">\n\t<path class=\"elementor-shape-fill\" d=\"M265.8 3.5c-10.9 0-15.9 6.2-15.9 6.2s-3.6-3.5-9.2-.9c-9.1 4.1-4.4 13.4-4.4 13.4s-1.2.2-1.9.9c-.6.7-.5 1.9-.5 1.9s-1-.5-2.3-.2c-1.3.3-1.6 1.4-1.6 1.4s.4-3.4-1.5-5c-3.9-3.4-8.3-.2-8.3-.2s-.6-.7-.9-.9c-.4-.2-1.2-.2-1.2-.2s-4.4-3.6-11.5-2.6-10.4 7.9-10.4 7.9-.5-3.3-3.9-4.9c-4.8-2.4-7.4 0-7.4 0s2.4-4.1-1.9-6.4-6.2 1.2-6.2 1.2-.9-.5-2.1-.5-2.3 1.1-2.3 1.1.1-.7-1.1-1.1c-1.2-.4-2 0-2 0s3.6-6.8-3.5-8.9c-6-1.8-7.9 2.6-8.4 4-.1-.3-.4-.7-.9-1.1-1-.7-1.3-.5-1.3-.5s1-4-1.7-5.2c-2.7-1.2-4.2 1.1-4.2 1.1s-3.1-1-5.7 1.4-2.1 5.5-2.1 5.5-.9 0-2.1.7-1.4 1.7-1.4 1.7-1.7-1.2-4.3-1.2c-2.6 0-4.5 1.2-4.5 1.2s-.7-1.5-2.8-2.4c-2.1-.9-4 0-4 0s2.6-5.9-4.7-9c-7.3-3.1-12.6 3.3-12.6 3.3s-.9 0-1.9.2c-.9.2-1.5.9-1.5.9S99.4 3 94.9 3.9c-4.5.9-5.7 5.7-5.7 5.7s-2.8-5-12.3-3.9-11.1 6-11.1 6-1.2-1.4-4-.7c-.8.2-1.3.5-1.8.9-.9-2.1-2.7-4.9-6.2-4.4-3.2.4-4 2.2-4 2.2s-.5-.7-1.2-.7h-1.4s-.5-.9-1.7-1.4-2.4 0-2.4 0-2.4-1.2-4.7 0-3.1 4.1-3.1 4.1-1.7-1.4-3.6-.7c-1.9.7-1.9 2.8-1.9 2.8s-.5-.5-1.7-.2c-1.2.2-1.4.7-1.4.7s-.7-2.3-2.8-2.8c-2.1-.5-4.3.2-4.3.2s-1.7-5-11.1-6c-3.8-.4-6.6.2-8.5 1v21.2h283.5V11.1c-.9.2-1.6.4-1.6.4s-5.2-8-16.1-8z\"\/>\n<\/svg>\n\t\t<\/div>\n\t\t\t\t\t<div class=\"elementor-container elementor-column-gap-wide\">\n\t\t\t\t\t<div class=\"elementor-column elementor-col-33 elementor-top-column elementor-element elementor-element-66e97454\" data-id=\"66e97454\" data-element_type=\"column\">\n\t\t\t<div class=\"elementor-widget-wrap elementor-element-populated\">\n\t\t\t\t\t\t\t\t<div class=\"elementor-element elementor-element-7d5eb95 elementor-widget elementor-widget-text-editor\" data-id=\"7d5eb95\" data-element_type=\"widget\" data-widget_type=\"text-editor.default\">\n\t\t\t\t<div class=\"elementor-widget-container\">\n\t\t\t<style>\/*! elementor - v3.7.1 - 14-08-2022 *\/\n.elementor-widget-text-editor.elementor-drop-cap-view-stacked .elementor-drop-cap{background-color:#818a91;color:#fff}.elementor-widget-text-editor.elementor-drop-cap-view-framed .elementor-drop-cap{color:#818a91;border:3px solid;background-color:transparent}.elementor-widget-text-editor:not(.elementor-drop-cap-view-default) .elementor-drop-cap{margin-top:8px}.elementor-widget-text-editor:not(.elementor-drop-cap-view-default) .elementor-drop-cap-letter{width:1em;height:1em}.elementor-widget-text-editor .elementor-drop-cap{float:left;text-align:center;line-height:1;font-size:50px}.elementor-widget-text-editor .elementor-drop-cap-letter{display:inline-block}<\/style>\t\t\t\t<div class=\"ujudUb u7wWjf\" data-mh=\"-1\"><div class=\"ujudUb u7wWjf\" data-mh=\"-1\"><div class=\"ujudUb\"><p>Tell me that you turned down the man<br \/>Who asked for your hand<br \/>Because you&#8217;re waiting for me<\/p><p>And I know, you&#8217;re going to be away a while<br \/>But I&#8217;ve got no plans at all to leave<br \/>And would you take away my hopes and dreams?<br \/>Just stay with me<\/p><p>All my senses come to life<br \/>While I&#8217;m stumbling home<br \/>As drunk as I have ever been<br \/>And I&#8217;ll never leave again<br \/>Because you are the only one<br \/>And all my friends have gone<br \/>To find another place<br \/>To let their hearts collide<br \/>Just promise me<br \/>You&#8217;ll always be a friend<br \/>Because you are the only one<\/p><p>Take my hand and my heart and soul<br \/>I will only have these eyes for you<br \/>And you know, everything changes<br \/>But we&#8217;ll be strangers<br \/>If we see this through<br \/>You could stay within these walls<br \/>And bleed<br \/>But just stay with me<\/p><p>All my senses come to life<br \/>While I&#8217;m stumbling home<br \/>As drunk as I have ever been<br \/>And I&#8217;ll never leave again<br \/>Because you are the only one<br \/>And all my friends have gone<br \/>To find another place<br \/>To let their hearts collide<br \/>Just promise me<br \/>You&#8217;ll always be a friend<br \/>Because you are the only one<\/p><p>Stumbling out drunk<br \/>Getting myself lost<br \/>I am so gone<br \/>So tell me the way home<br \/>I listen to sad songs singing about love<br \/>And where it goes wrong?<\/p><p>All my senses come to life<br \/>While I&#8217;m stumbling home<br \/>As drunk as I have ever been<br \/>And I&#8217;ll never leave again<br \/>Because you are the only one<br \/>And all my friends have gone<br \/>To find another place<br \/>To let their hearts collide<br \/>Just promise me<br \/>You&#8217;ll always be a friend<br \/>Because you are the only one<\/p><\/div><\/div><\/div>\t\t\t\t\t\t<\/div>\n\t\t\t\t<\/div>\n\t\t\t\t\t<\/div>\n\t\t<\/div>\n\t\t\t\t<div class=\"elementor-column elementor-col-33 elementor-top-column elementor-element elementor-element-a2bf0ea\" data-id=\"a2bf0ea\" data-element_type=\"column\">\n\t\t\t<div class=\"elementor-widget-wrap elementor-element-populated\">\n\t\t\t\t\t\t\t\t<div class=\"elementor-element elementor-element-09e92a3 elementor-widget elementor-widget-text-editor\" data-id=\"09e92a3\" data-element_type=\"widget\" data-widget_type=\"text-editor.default\">\n\t\t\t\t<div class=\"elementor-widget-container\">\n\t\t\t\t\t\t\t<div class=\"ujudUb u7wWjf\" data-mh=\"-1\">Tampoco pienso cerrar esto con amor, no es necesario, han sido 15 post y en gran parte han tenido amor, es otra cosa, me puedo saltar las reglas por una vez m\u00e1s.<\/div><div data-mh=\"-1\">\u00a0<\/div><div data-mh=\"-1\">Adem\u00e1s bastante con una canci\u00f3n que dice todo de ti&#8230;<\/div><div data-mh=\"-1\">\u00a0<\/div><div data-mh=\"-1\">Creo que no llegaste a entender por que hice este blog, no fue para hacerte m\u00e1s f\u00e1cil Agosto, as\u00ed empez\u00f3, pero acab\u00f3 siendo mi manera de decirte que har\u00eda lo que fuese por ti y en este caso el que nunca me ir\u00e9, podr\u00e9 estar m\u00e1s cerca o m\u00e1s lejos, podr\u00e1 haber veces que no hablemos, que no nos veamos o vete a saber&#8230; pero nosotros ya no nos vamos a separar jam\u00e1s, no lo permitir\u00eda, me faltar\u00eda una parte de mi.<\/div><div data-mh=\"-1\">\u00a0<\/div><div data-mh=\"-1\">\u00bfQui\u00e9n es tan imb\u00e9cil para montar una web \u00fanica y exclusivamente para contarte pensamientos aunque se lo coma el tiempo, para que puedas leerlo sin margen de veces y sin tener que dar explicaciones respetando tu tiempo y espacio?\u00a0<\/div><div data-mh=\"-1\">\u00a0<\/div><div data-mh=\"-1\">El mundo a tus pies, y as\u00ed es, tienes el mundo a tus pies y un mont\u00f3n de posibilidades y caminos que recorrer, que no te den miedo, est\u00e1n hechos exactamente a tu medida, tu desde fuera no lo ves, pero lo vas a hacer genial, los tienes dominados.<\/div><div data-mh=\"-1\">\u00a0<\/div><div data-mh=\"-1\">Ya no se ni como definirte, si como mi mejor amiga y confidente o como el amor que me trae la cabeza loca, &#8221;just saying&#8221; como hemos dicho tantas veces ya.<\/div><div data-mh=\"-1\">\u00a0<\/div><div data-mh=\"-1\">Hoy me est\u00e1 costando m\u00e1s que ning\u00fan otro d\u00eda por que no se muy bien como expresar todo y creo que siempre se me quedar\u00e1 algo que decir, pero as\u00ed soy yo \u00bfverdad?<\/div><div data-mh=\"-1\">\u00a0<\/div><div data-mh=\"-1\">&#8221;So tell me the way home&#8221; que frase con tanto sentido para mi \u00faltimamente&#8230; que bonito cuando se dedicaban a boicotearme con la m\u00fasica y te re\u00edas de mi por ello, que incre\u00edbles todas las miradas que quisiste ocultar pero que no pudiste&#8230;<\/div><div data-mh=\"-1\">\u00a0<\/div><div data-mh=\"-1\">Estoy muy orgulloso de ti, de superar tus miedos, de dar pasos en la vida, de crecer, de hacerte fuerte y de hacerte grande, de mantenerte fiel a ti, de ser tan t\u00fa, estoy muy orgulloso de ti.<\/div><div data-mh=\"-1\">\u00a0<\/div><div data-mh=\"-1\">De aqu\u00ed a unas horas por fin te veo, lo nuestro nos ha costado, pero al final es como siempre, juntos y ciegamente, que intente venir quien quiera a destruir, que en esta vida si hay cosas imposibles.<\/div><div data-mh=\"-1\">\u00a0<\/div><div data-mh=\"-1\">Que ganas de saber que nos espera cada d\u00eda que pasa, que sensaci\u00f3n tan dura y tan bonita, que manera de encender mi mundo.<\/div><div data-mh=\"-1\">\u00a0<\/div><div data-mh=\"-1\">Y cerrando este blog&#8230; que no se te olvide algo: Eres el bichito m\u00e1s incre\u00edble y maravilloso que existe en todos los universos, luv. \ud83d\udc57<\/div>\t\t\t\t\t\t<\/div>\n\t\t\t\t<\/div>\n\t\t\t\t\t<\/div>\n\t\t<\/div>\n\t\t\t\t<div class=\"elementor-column elementor-col-33 elementor-top-column elementor-element elementor-element-5dd72bec\" data-id=\"5dd72bec\" data-element_type=\"column\">\n\t\t\t<div class=\"elementor-widget-wrap elementor-element-populated\">\n\t\t\t\t\t\t\t\t<div class=\"elementor-element elementor-element-833855b elementor-widget elementor-widget-image\" data-id=\"833855b\" data-element_type=\"widget\" data-widget_type=\"image.default\">\n\t\t\t\t<div class=\"elementor-widget-container\">\n\t\t\t<style>\/*! elementor - v3.7.1 - 14-08-2022 *\/\n.elementor-widget-image{text-align:center}.elementor-widget-image a{display:inline-block}.elementor-widget-image a img[src$=\".svg\"]{width:48px}.elementor-widget-image img{vertical-align:middle;display:inline-block}<\/style>\t\t\t\t\t\t\t\t\t\t\t\t<img loading=\"lazy\" decoding=\"async\" width=\"1152\" height=\"2048\" src=\"https:\/\/inevitablefueguito.xyz\/wp-content\/uploads\/2022\/08\/WhatsApp-Image-2022-08-29-at-5.11.38-PM.jpeg\" class=\"attachment-full size-full\" alt=\"\" srcset=\"https:\/\/inevitablefueguito.xyz\/wp-content\/uploads\/2022\/08\/WhatsApp-Image-2022-08-29-at-5.11.38-PM.jpeg 1152w, https:\/\/inevitablefueguito.xyz\/wp-content\/uploads\/2022\/08\/WhatsApp-Image-2022-08-29-at-5.11.38-PM-169x300.jpeg 169w, https:\/\/inevitablefueguito.xyz\/wp-content\/uploads\/2022\/08\/WhatsApp-Image-2022-08-29-at-5.11.38-PM-576x1024.jpeg 576w, https:\/\/inevitablefueguito.xyz\/wp-content\/uploads\/2022\/08\/WhatsApp-Image-2022-08-29-at-5.11.38-PM-768x1365.jpeg 768w, https:\/\/inevitablefueguito.xyz\/wp-content\/uploads\/2022\/08\/WhatsApp-Image-2022-08-29-at-5.11.38-PM-864x1536.jpeg 864w, https:\/\/inevitablefueguito.xyz\/wp-content\/uploads\/2022\/08\/WhatsApp-Image-2022-08-29-at-5.11.38-PM-600x1067.jpeg 600w\" sizes=\"(max-width: 1152px) 100vw, 1152px\" \/>\t\t\t\t\t\t\t\t\t\t\t\t\t\t\t<\/div>\n\t\t\t\t<\/div>\n\t\t\t\t<div class=\"elementor-element elementor-element-6e5832fe elementor-widget elementor-widget-wp-widget-tag_cloud\" data-id=\"6e5832fe\" data-element_type=\"widget\" data-widget_type=\"wp-widget-tag_cloud.default\">\n\t\t\t\t<div class=\"elementor-widget-container\">\n\t\t\t<h5>Tags<\/h5><div class=\"tagcloud\"><a href=\"https:\/\/inevitablefueguito.xyz\/?tag=1win\" class=\"tag-cloud-link tag-link-88 tag-link-position-1\" style=\"font-size: 8pt;\" aria-label=\"1win (4 items)\">1win<span class=\"tag-link-count\"> (4)<\/span><\/a>\n<a href=\"https:\/\/inevitablefueguito.xyz\/?tag=1win-az\" class=\"tag-cloud-link tag-link-87 tag-link-position-2\" style=\"font-size: 8pt;\" aria-label=\"1win AZ (4 items)\">1win AZ<span class=\"tag-link-count\"> (4)<\/span><\/a>\n<a href=\"https:\/\/inevitablefueguito.xyz\/?tag=leovegas\" class=\"tag-cloud-link tag-link-70 tag-link-position-3\" style=\"font-size: 14.774193548387pt;\" aria-label=\"leovegas (9 items)\">leovegas<span class=\"tag-link-count\"> (9)<\/span><\/a>\n<a href=\"https:\/\/inevitablefueguito.xyz\/?tag=leovegas-fi\" class=\"tag-cloud-link tag-link-69 tag-link-position-4\" style=\"font-size: 9.8064516129032pt;\" aria-label=\"leovegas FI (5 items)\">leovegas FI<span class=\"tag-link-count\"> (5)<\/span><\/a>\n<a href=\"https:\/\/inevitablefueguito.xyz\/?tag=leovegas-ie\" class=\"tag-cloud-link tag-link-73 tag-link-position-5\" style=\"font-size: 8pt;\" aria-label=\"leovegas IE (4 items)\">leovegas IE<span class=\"tag-link-count\"> (4)<\/span><\/a>\n<a href=\"https:\/\/inevitablefueguito.xyz\/?tag=mostbet\" class=\"tag-cloud-link tag-link-75 tag-link-position-6\" style=\"font-size: 22pt;\" aria-label=\"mostbet (20 items)\">mostbet<span class=\"tag-link-count\"> (20)<\/span><\/a>\n<a href=\"https:\/\/inevitablefueguito.xyz\/?tag=mostbet-az\" class=\"tag-cloud-link tag-link-90 tag-link-position-7\" style=\"font-size: 8pt;\" aria-label=\"mostbet AZ (4 items)\">mostbet AZ<span class=\"tag-link-count\"> (4)<\/span><\/a>\n<a href=\"https:\/\/inevitablefueguito.xyz\/?tag=mostbet-in\" class=\"tag-cloud-link tag-link-74 tag-link-position-8\" style=\"font-size: 12.516129032258pt;\" aria-label=\"mostbet IN (7 items)\">mostbet IN<span class=\"tag-link-count\"> (7)<\/span><\/a>\n<a href=\"https:\/\/inevitablefueguito.xyz\/?tag=mostbet-tr\" class=\"tag-cloud-link tag-link-80 tag-link-position-9\" style=\"font-size: 8pt;\" aria-label=\"mostbet TR (4 items)\">mostbet TR<span class=\"tag-link-count\"> (4)<\/span><\/a>\n<a href=\"https:\/\/inevitablefueguito.xyz\/?tag=mostbet-uz\" class=\"tag-cloud-link tag-link-84 tag-link-position-10\" style=\"font-size: 9.8064516129032pt;\" aria-label=\"mostbet UZ (5 items)\">mostbet UZ<span class=\"tag-link-count\"> (5)<\/span><\/a>\n<a href=\"https:\/\/inevitablefueguito.xyz\/?tag=pinup\" class=\"tag-cloud-link tag-link-72 tag-link-position-11\" style=\"font-size: 8pt;\" aria-label=\"pinup (4 items)\">pinup<span class=\"tag-link-count\"> (4)<\/span><\/a>\n<a href=\"https:\/\/inevitablefueguito.xyz\/?tag=pinup-br\" class=\"tag-cloud-link tag-link-71 tag-link-position-12\" style=\"font-size: 8pt;\" aria-label=\"pinup BR (4 items)\">pinup BR<span class=\"tag-link-count\"> (4)<\/span><\/a>\n<a href=\"https:\/\/inevitablefueguito.xyz\/?tag=vulkan-vegas\" class=\"tag-cloud-link tag-link-77 tag-link-position-13\" style=\"font-size: 17.258064516129pt;\" aria-label=\"vulkan vegas (12 items)\">vulkan vegas<span class=\"tag-link-count\"> (12)<\/span><\/a>\n<a href=\"https:\/\/inevitablefueguito.xyz\/?tag=vulkan-vegas-de\" class=\"tag-cloud-link tag-link-93 tag-link-position-14\" style=\"font-size: 8pt;\" aria-label=\"vulkan vegas DE (4 items)\">vulkan vegas DE<span class=\"tag-link-count\"> (4)<\/span><\/a>\n<a href=\"https:\/\/inevitablefueguito.xyz\/?tag=vulkan-vegas-pl\" class=\"tag-cloud-link tag-link-76 tag-link-position-15\" style=\"font-size: 13.645161290323pt;\" aria-label=\"vulkan vegas PL (8 items)\">vulkan vegas PL<span class=\"tag-link-count\"> (8)<\/span><\/a><\/div>\n\t\t<\/div>\n\t\t\t\t<\/div>\n\t\t\t\t\t<\/div>\n\t\t<\/div>\n\t\t\t\t\t\t\t<\/div>\n\t\t<\/section>\n\t\t\t\t\t\t\t<\/div>\n\t\t","protected":false},"excerpt":{"rendered":"<p>29 de Agosto de 2022 One \ud83d\udc57 Tell me that you turned down the manWho asked for your handBecause you&#8217;re waiting for me And I know, you&#8217;re going to be away a whileBut I&#8217;ve got no plans at all to leaveAnd would you take away my hopes and dreams?Just stay with me All my senses [&hellip;]<\/p>\n","protected":false},"author":1,"featured_media":0,"parent":0,"menu_order":0,"comment_status":"closed","ping_status":"closed","template":"elementor_header_footer","meta":{"footnotes":""},"class_list":["post-521","page","type-page","status-publish","hentry"],"_links":{"self":[{"href":"https:\/\/inevitablefueguito.xyz\/index.php?rest_route=\/wp\/v2\/pages\/521"}],"collection":[{"href":"https:\/\/inevitablefueguito.xyz\/index.php?rest_route=\/wp\/v2\/pages"}],"about":[{"href":"https:\/\/inevitablefueguito.xyz\/index.php?rest_route=\/wp\/v2\/types\/page"}],"author":[{"embeddable":true,"href":"https:\/\/inevitablefueguito.xyz\/index.php?rest_route=\/wp\/v2\/users\/1"}],"replies":[{"embeddable":true,"href":"https:\/\/inevitablefueguito.xyz\/index.php?rest_route=%2Fwp%2Fv2%2Fcomments&post=521"}],"version-history":[{"count":12,"href":"https:\/\/inevitablefueguito.xyz\/index.php?rest_route=\/wp\/v2\/pages\/521\/revisions"}],"predecessor-version":[{"id":536,"href":"https:\/\/inevitablefueguito.xyz\/index.php?rest_route=\/wp\/v2\/pages\/521\/revisions\/536"}],"wp:attachment":[{"href":"https:\/\/inevitablefueguito.xyz\/index.php?rest_route=%2Fwp%2Fv2%2Fmedia&parent=521"}],"curies":[{"name":"wp","href":"https:\/\/api.w.org\/{rel}","templated":true}]}}